{"id":1534,"date":"2025-04-21T11:23:49","date_gmt":"2025-04-21T11:23:49","guid":{"rendered":"https:\/\/hsa.merry.plus\/main-court\/"},"modified":"2025-04-28T08:24:45","modified_gmt":"2025-04-28T08:24:45","slug":"main-court","status":"publish","type":"page","link":"https:\/\/hsa.merry.plus\/es\/visit\/galleries\/main-court\/","title":{"rendered":"Patio Central"},"content":{"rendered":"\r\n<div id=\"full-width-image-block_d2fb24bbae0b25754b6f33050f81b882\" class=\"block full-width-image height_half\">\r\n            <div class=\"image_container\">\r\n            <figure class=\"\">\r\n                <img loading=\"lazy\" decoding=\"async\" width=\"1920\" height=\"1171\" src=\"https:\/\/hsa.merry.plus\/wp-content\/uploads\/2025\/04\/main_court-1920x1171.jpg\" class=\"\" alt=\"\" srcset=\"https:\/\/hsa.merry.plus\/wp-content\/uploads\/2025\/04\/main_court-1920x1171.jpg 1920w, https:\/\/hsa.merry.plus\/wp-content\/uploads\/2025\/04\/main_court-450x274.jpg 450w, https:\/\/hsa.merry.plus\/wp-content\/uploads\/2025\/04\/main_court-1200x732.jpg 1200w, https:\/\/hsa.merry.plus\/wp-content\/uploads\/2025\/04\/main_court-768x468.jpg 768w, https:\/\/hsa.merry.plus\/wp-content\/uploads\/2025\/04\/main_court-1536x937.jpg 1536w, https:\/\/hsa.merry.plus\/wp-content\/uploads\/2025\/04\/main_court-2048x1249.jpg 2048w\" sizes=\"auto, (max-width: 1920px) 100vw, 1920px\" \/>            <\/figure>\r\n                    <\/div>\r\n    <\/div>\r\n\n\n\r\n<div id=\"text-sections-block_5dff8b310f5bd100edddcf3c9e920389\" class=\"block text-sections\">\r\n            <div class=\"text-section site_width one_cols\">\r\n                            <h2 class=\"section_title\">\r\n                    Patio Central                <\/h2>\r\n            \r\n                            <div class=\"text_content\">\r\n                    <p>Nada m\u00e1s entrar en la Hispanic Society, los visitantes acceden a un patio espa\u00f1ol de estilo renacentista hecho de terracota arquitect\u00f3nica ricamente decorada que alcanza una altura de 35 pies (m\u00e1s de 10 metros). Realizados por la Perth Amboy Terra Cotta Company de Nueva Jersey, los dise\u00f1os que se observan en las columnas de la arquer\u00eda est\u00e1n basados en las tallas que rodean las ventanas del patio de principios del siglo xvi del castillo de V\u00e9lez-Blanco, en la provincia de Almer\u00eda, ahora instalado en el Metropolitan Museum of Art. Otros rasgos decorativos, tales como los roleos de hojas, los grutescos y los trofeos romanos, se adaptaron a partir de ornamentos t\u00edpicos asimismo de comienzos del siglo xvi, mientras que los blasones situados sobre cada uno de los arcos muestran las armas de distintas provincias y ciudades espa\u00f1olas. Los suelos est\u00e1n pavimentados con baldosas hexagonales de arcilla roja sin vidriar producidas en los talleres de la Moravian Pottery and Tile Works de Doylestown, Pensilvania, fundada por Henry Chapman Mercer, un destacado miembro del movimiento americano Arts and Crafts. Las mismas baldosas se mantienen tambi\u00e9n en las galer\u00edas y la Sala de Lectura.<\/p>\n<p>Ocupando un lugar destacado en el Patio Central se encuentra el cuadro m\u00e1s famoso de la Hispanic Society, el retrato de cuerpo entero de <em>La Duquesa de Alba <\/em>(1797), de Francisco de Goya y Lucientes. El ic\u00f3nico retrato de Goya se halla acompa\u00f1ado por obras maestras de la pintura latinoamericana, entre las que se incluyen <em>San Miguel luchando con los \u00e1ngeles rebeldes <\/em>(M\u00e9xico, hacia 1650), de Sebasti\u00e1n L\u00f3pez de Arteaga; <em>Do\u00f1a Mar\u00eda Catalina de Urrutia <\/em>(Puerto Rico, 1788), de Jos\u00e9 Campeche; y <em>El coste\u00f1o <\/em>(M\u00e9xico, hacia 1843), de Jos\u00e9 Agust\u00edn Arrieta. Asimismo, se exhibe una soberbia selecci\u00f3n de esculturas de terracota y madera policromada de los siglos xvi al xviii procedentes de Espa\u00f1a, M\u00e9xico y Ecuador, entre las cuales figuran <em>Santiago el Mayor <\/em>(M\u00e9xico, 1575-1600); <em>Virgen de la Inmaculada Concepci\u00f3n <\/em>(Ecuador, 1700-1725); <em>San Miguel Arc\u00e1ngel <\/em>(Ecuador, 1700-1755); <em>San Acisclo <\/em>(hacia 1680), de Pedro de Mena; y <em>El descanso en la huida a Egipto <\/em>(hacia 1690), <em>El \u00e9xtasis de Mar\u00eda Magdalena <\/em>(hacia 1690) y <em>Los desposorios m\u00edsticos de Santa Catalina <\/em>(hacia 1690), de Luisa Rold\u00e1n. Completando la exposici\u00f3n del Patio Central, encontramos magn\u00edficos ejemplares de mobiliario espa\u00f1ol e indoportugu\u00e9s, as\u00ed como una extraordinaria pila bautismal de estilo mud\u00e9jar, hecha de loza vidriada al esta\u00f1o, que data de principios del siglo xv y proviene de Toledo. En el Patio Central, los visitantes tambi\u00e9n podr\u00e1n contemplar exposiciones temporales de obras seleccionadas de la Colecci\u00f3n.<\/p>\n<p>Expuestos bajo la galer\u00eda porticada del Patio Central descubrimos retablos de la Baja Edad Media y el siglo xvi, estatuas policromadas y esculturas funerarias de alabastro, as\u00ed como plater\u00eda de los siglos xv al xviii, procedentes de Espa\u00f1a, Latinoam\u00e9rica, Portugal y Goa. En la arcada este, los sepulcros con paredes de alabastro de comienzos del siglo xvi de Gutierre de la Cueva, Obispo de Palencia, y Menc\u00eda Enr\u00edquez de Toledo, Duquesa de Alburquerque, procedentes ambos del Monasterio de San Francisco de Cu\u00e9llar, muestran la transici\u00f3n del G\u00f3tico al Renacimiento experimentada por el arte y la arquitectura espa\u00f1olas. La arcada oeste, que conduce a la galer\u00eda <em>Visi\u00f3n de Espa\u00f1a <\/em>de Sorolla, presenta destacados ejemplos de obras en plata originarias de Espa\u00f1a, incluyendo una custodia procesional, fechada en 1585, obra de Crist\u00f3bal Becerril y procedente de la iglesia parroquial de San Juan, en Alarc\u00f3n (Cuenca, Espa\u00f1a), as\u00ed como plater\u00eda de car\u00e1cter laico y origen colonial proveniente del Alto Per\u00fa, M\u00e9xico y Goa. Menci\u00f3n especial merecen dos exquisitos ejemplos de trabajo en plata del siglo xviii originarios de Bolivia: una bandeja repujada, decorada con motivos florales y chinchillas, que procede de la colecci\u00f3n de la Reina Carlota, esposa de Jorge iii; y un aguamanil para agua caliente con forma de le\u00f3n. Tambi\u00e9n expuestos en la arquer\u00eda oeste encontramos esculturas y retablos de la Baja Edad Media y el Renacimiento: un relieve en madera policromada de <em>La Resurrecci\u00f3n <\/em>(hacia 1490) atribuido al escultor Gil de Silo\u00e9; una estatua tambi\u00e9n de madera policromada de <em>San Mart\u00edn <\/em>(Cacabelos, Le\u00f3n, hacia 1475-1500); el <em>Panel de la Ascensi\u00f3n del Retablo de los Santos Vicente y Gil <\/em>(Valencia, hacia 1408), de Miguel Alca\u00f1iz; y el <em>Retablo de los dos San Juanes <\/em>(Cuenca, hacia 1550), de Mart\u00edn G\u00f3mez el Viejo.<\/p>\n<p><a href=\"https:\/\/hispanicsociety.org\/exhibitions\/\">See Temporary Exhibitions here<\/a><\/p>\n                <\/div>\r\n                    <\/div>\r\n    <\/div>\r\n\r\n\n\n\r\n<div id=\"related-content-block_0e8a71531708745d8bf3d88d98200333\" class=\"block site_width related-content\">\r\n    <h3 class=\"related-content__heading\">Explorar m\u00e1s<\/h3>    <div class=\"content_cards_grid\">\n                    <article class=\"single_content_card\">\n                <div class=\"content_thumbnail\">\n                    <img loading=\"lazy\" decoding=\"async\" width=\"450\" height=\"313\" src=\"https:\/\/hsa.merry.plus\/wp-content\/uploads\/2025\/04\/hispanic-society-2014-02273-558x388-1-450x313.jpg\" class=\"attachment-medium size-medium wp-post-image\" alt=\"\" srcset=\"https:\/\/hsa.merry.plus\/wp-content\/uploads\/2025\/04\/hispanic-society-2014-02273-558x388-1-450x313.jpg 450w, https:\/\/hsa.merry.plus\/wp-content\/uploads\/2025\/04\/hispanic-society-2014-02273-558x388-1.jpg 558w\" sizes=\"auto, (max-width: 450px) 100vw, 450px\" \/>                <\/div>\n                <div class=\"content_card_info\">\n                    <div class=\"content_card_title\">\n                        Galer\u00edas de Cer\u00e1mica                    <\/div>\n                    <div class=\"content_card_excerpt\">\n                                            <\/div>\n                <\/div>\n                <a href=\"https:\/\/hsa.merry.plus\/es\/visit\/galleries\/ceramics-gallery\/\" class=\"cta_button small accent\">\n                    Read\n                <\/a>\n            <\/article>\n                    <article class=\"single_content_card\">\n                <div class=\"content_thumbnail\">\n                    <img loading=\"lazy\" decoding=\"async\" width=\"450\" height=\"358\" src=\"https:\/\/hsa.merry.plus\/wp-content\/uploads\/2025\/04\/sorolla-vision-of-spain-gallery-2-copy-450x358.jpg\" class=\"attachment-medium size-medium wp-post-image\" alt=\"\" srcset=\"https:\/\/hsa.merry.plus\/wp-content\/uploads\/2025\/04\/sorolla-vision-of-spain-gallery-2-copy-450x358.jpg 450w, https:\/\/hsa.merry.plus\/wp-content\/uploads\/2025\/04\/sorolla-vision-of-spain-gallery-2-copy-1200x953.jpg 1200w, https:\/\/hsa.merry.plus\/wp-content\/uploads\/2025\/04\/sorolla-vision-of-spain-gallery-2-copy-768x610.jpg 768w, https:\/\/hsa.merry.plus\/wp-content\/uploads\/2025\/04\/sorolla-vision-of-spain-gallery-2-copy-1536x1220.jpg 1536w, https:\/\/hsa.merry.plus\/wp-content\/uploads\/2025\/04\/sorolla-vision-of-spain-gallery-2-copy-1920x1525.jpg 1920w, https:\/\/hsa.merry.plus\/wp-content\/uploads\/2025\/04\/sorolla-vision-of-spain-gallery-2-copy.jpg 2000w\" sizes=\"auto, (max-width: 450px) 100vw, 450px\" \/>                <\/div>\n                <div class=\"content_card_info\">\n                    <div class=\"content_card_title\">\n                        Galer\u00eda Visi\u00f3n de Espa\u00f1a de Sorolla                    <\/div>\n                    <div class=\"content_card_excerpt\">\n                                            <\/div>\n                <\/div>\n                <a href=\"https:\/\/hsa.merry.plus\/es\/visit\/galleries\/sorollas-vision-of-spain\/\" class=\"cta_button small accent\">\n                    Read\n                <\/a>\n            <\/article>\n                    <article class=\"single_content_card\">\n                <div class=\"content_thumbnail\">\n                    <img loading=\"lazy\" decoding=\"async\" width=\"450\" height=\"346\" src=\"https:\/\/hsa.merry.plus\/wp-content\/uploads\/2025\/04\/dsc_0064-corrected-sharpened-450x346.jpg\" class=\"attachment-medium size-medium wp-post-image\" alt=\"\" srcset=\"https:\/\/hsa.merry.plus\/wp-content\/uploads\/2025\/04\/dsc_0064-corrected-sharpened-450x346.jpg 450w, https:\/\/hsa.merry.plus\/wp-content\/uploads\/2025\/04\/dsc_0064-corrected-sharpened.jpg 538w\" sizes=\"auto, (max-width: 450px) 100vw, 450px\" \/>                <\/div>\n                <div class=\"content_card_info\">\n                    <div class=\"content_card_title\">\n                        Escultura de la Explanada                    <\/div>\n                    <div class=\"content_card_excerpt\">\n                                            <\/div>\n                <\/div>\n                <a href=\"https:\/\/hsa.merry.plus\/es\/visit\/galleries\/terrace-sculpture\/\" class=\"cta_button small accent\">\n                    Read\n                <\/a>\n            <\/article>\n            <\/div>\n    <\/div>\r\n\n\n\n<p><\/p>\n","protected":false},"excerpt":{"rendered":"","protected":false},"author":2,"featured_media":859,"parent":1455,"menu_order":0,"comment_status":"closed","ping_status":"closed","template":"","meta":{"_acf_changed":false,"footnotes":""},"class_list":["post-1534","page","type-page","status-publish","has-post-thumbnail","hentry"],"acf":[],"yoast_head":"<!-- This site is optimized with the Yoast SEO plugin v26.0 - https:\/\/yoast.com\/wordpress\/plugins\/seo\/ -->\n<title>Patio Central - Hispanic Society Museum and Library<\/title>\n<meta name=\"robots\" content=\"noindex, follow, max-snippet:-1, max-image-preview:large, max-video-preview:-1\" \/>\n<meta property=\"og:locale\" content=\"es_ES\" \/>\n<meta property=\"og:type\" content=\"article\" \/>\n<meta property=\"og:title\" content=\"Patio Central - Hispanic Society Museum and Library\" \/>\n<meta property=\"og:url\" content=\"https:\/\/hsa.merry.plus\/visit\/galleries\/main-court\/\" \/>\n<meta property=\"og:site_name\" content=\"Hispanic Society Museum and Library\" \/>\n<meta property=\"article:publisher\" content=\"https:\/\/www.facebook.com\/hispanicsociety\" \/>\n<meta property=\"article:modified_time\" content=\"2025-04-28T08:24:45+00:00\" \/>\n<meta property=\"og:image\" content=\"https:\/\/hsa.merry.plus\/wp-content\/uploads\/2025\/04\/main_court.jpg\" \/>\n\t<meta property=\"og:image:width\" content=\"2250\" \/>\n\t<meta property=\"og:image:height\" content=\"1372\" \/>\n\t<meta property=\"og:image:type\" content=\"image\/jpeg\" \/>\n<meta name=\"twitter:card\" content=\"summary_large_image\" \/>\n<meta name=\"twitter:site\" content=\"@HSAmuseum\" \/>\n<script type=\"application\/ld+json\" class=\"yoast-schema-graph\">{\"@context\":\"https:\/\/schema.org\",\"@graph\":[{\"@type\":\"WebPage\",\"@id\":\"https:\/\/hsa.merry.plus\/visit\/galleries\/main-court\/\",\"url\":\"https:\/\/hsa.merry.plus\/visit\/galleries\/main-court\/\",\"name\":\"Patio Central - Hispanic Society Museum and Library\",\"isPartOf\":{\"@id\":\"https:\/\/hsa.merry.plus\/#website\"},\"primaryImageOfPage\":{\"@id\":\"https:\/\/hsa.merry.plus\/visit\/galleries\/main-court\/#primaryimage\"},\"image\":{\"@id\":\"https:\/\/hsa.merry.plus\/visit\/galleries\/main-court\/#primaryimage\"},\"thumbnailUrl\":\"https:\/\/hsa.merry.plus\/wp-content\/uploads\/2025\/04\/main_court.jpg\",\"datePublished\":\"2025-04-21T11:23:49+00:00\",\"dateModified\":\"2025-04-28T08:24:45+00:00\",\"breadcrumb\":{\"@id\":\"https:\/\/hsa.merry.plus\/visit\/galleries\/main-court\/#breadcrumb\"},\"inLanguage\":\"es\",\"potentialAction\":[{\"@type\":\"ReadAction\",\"target\":[\"https:\/\/hsa.merry.plus\/visit\/galleries\/main-court\/\"]}]},{\"@type\":\"ImageObject\",\"inLanguage\":\"es\",\"@id\":\"https:\/\/hsa.merry.plus\/visit\/galleries\/main-court\/#primaryimage\",\"url\":\"https:\/\/hsa.merry.plus\/wp-content\/uploads\/2025\/04\/main_court.jpg\",\"contentUrl\":\"https:\/\/hsa.merry.plus\/wp-content\/uploads\/2025\/04\/main_court.jpg\",\"width\":2250,\"height\":1372},{\"@type\":\"BreadcrumbList\",\"@id\":\"https:\/\/hsa.merry.plus\/visit\/galleries\/main-court\/#breadcrumb\",\"itemListElement\":[{\"@type\":\"ListItem\",\"position\":1,\"name\":\"Home\",\"item\":\"https:\/\/hsa.merry.plus\/\"},{\"@type\":\"ListItem\",\"position\":2,\"name\":\"Visita\",\"item\":\"https:\/\/hsa.merry.plus\/visit\/\"},{\"@type\":\"ListItem\",\"position\":3,\"name\":\"Galer\u00edas\",\"item\":\"https:\/\/hsa.merry.plus\/visit\/galleries\/\"},{\"@type\":\"ListItem\",\"position\":4,\"name\":\"Patio Central\"}]},{\"@type\":\"WebSite\",\"@id\":\"https:\/\/hsa.merry.plus\/#website\",\"url\":\"https:\/\/hsa.merry.plus\/\",\"name\":\"Hispanic Society Museum and Library\",\"description\":\"\",\"publisher\":{\"@id\":\"https:\/\/hsa.merry.plus\/#organization\"},\"potentialAction\":[{\"@type\":\"SearchAction\",\"target\":{\"@type\":\"EntryPoint\",\"urlTemplate\":\"https:\/\/hsa.merry.plus\/?s={search_term_string}\"},\"query-input\":{\"@type\":\"PropertyValueSpecification\",\"valueRequired\":true,\"valueName\":\"search_term_string\"}}],\"inLanguage\":\"es\"},{\"@type\":\"Organization\",\"@id\":\"https:\/\/hsa.merry.plus\/#organization\",\"name\":\"Hispanic Society Museum and Library\",\"url\":\"https:\/\/hsa.merry.plus\/\",\"logo\":{\"@type\":\"ImageObject\",\"inLanguage\":\"es\",\"@id\":\"https:\/\/hsa.merry.plus\/#\/schema\/logo\/image\/\",\"url\":\"https:\/\/hsa.merry.plus\/wp-content\/uploads\/2025\/03\/hsa-logo-01.webp\",\"contentUrl\":\"https:\/\/hsa.merry.plus\/wp-content\/uploads\/2025\/03\/hsa-logo-01.webp\",\"width\":273,\"height\":68,\"caption\":\"Hispanic Society Museum and Library\"},\"image\":{\"@id\":\"https:\/\/hsa.merry.plus\/#\/schema\/logo\/image\/\"},\"sameAs\":[\"https:\/\/www.facebook.com\/hispanicsociety\",\"https:\/\/x.com\/HSAmuseum\",\"https:\/\/www.instagram.com\/hispanic_society\/\",\"https:\/\/www.youtube.com\/channel\/UCuEmouWL8wEMm24C-ScZwGg\"]}]}<\/script>\n<!-- \/ Yoast SEO plugin. -->","yoast_head_json":{"title":"Patio Central - Hispanic Society Museum and Library","robots":{"index":"noindex","follow":"follow","max-snippet":"max-snippet:-1","max-image-preview":"max-image-preview:large","max-video-preview":"max-video-preview:-1"},"og_locale":"es_ES","og_type":"article","og_title":"Patio Central - Hispanic Society Museum and Library","og_url":"https:\/\/hsa.merry.plus\/visit\/galleries\/main-court\/","og_site_name":"Hispanic Society Museum and Library","article_publisher":"https:\/\/www.facebook.com\/hispanicsociety","article_modified_time":"2025-04-28T08:24:45+00:00","og_image":[{"width":2250,"height":1372,"url":"https:\/\/hsa.merry.plus\/wp-content\/uploads\/2025\/04\/main_court.jpg","type":"image\/jpeg"}],"twitter_card":"summary_large_image","twitter_site":"@HSAmuseum","schema":{"@context":"https:\/\/schema.org","@graph":[{"@type":"WebPage","@id":"https:\/\/hsa.merry.plus\/visit\/galleries\/main-court\/","url":"https:\/\/hsa.merry.plus\/visit\/galleries\/main-court\/","name":"Patio Central - Hispanic Society Museum and Library","isPartOf":{"@id":"https:\/\/hsa.merry.plus\/#website"},"primaryImageOfPage":{"@id":"https:\/\/hsa.merry.plus\/visit\/galleries\/main-court\/#primaryimage"},"image":{"@id":"https:\/\/hsa.merry.plus\/visit\/galleries\/main-court\/#primaryimage"},"thumbnailUrl":"https:\/\/hsa.merry.plus\/wp-content\/uploads\/2025\/04\/main_court.jpg","datePublished":"2025-04-21T11:23:49+00:00","dateModified":"2025-04-28T08:24:45+00:00","breadcrumb":{"@id":"https:\/\/hsa.merry.plus\/visit\/galleries\/main-court\/#breadcrumb"},"inLanguage":"es","potentialAction":[{"@type":"ReadAction","target":["https:\/\/hsa.merry.plus\/visit\/galleries\/main-court\/"]}]},{"@type":"ImageObject","inLanguage":"es","@id":"https:\/\/hsa.merry.plus\/visit\/galleries\/main-court\/#primaryimage","url":"https:\/\/hsa.merry.plus\/wp-content\/uploads\/2025\/04\/main_court.jpg","contentUrl":"https:\/\/hsa.merry.plus\/wp-content\/uploads\/2025\/04\/main_court.jpg","width":2250,"height":1372},{"@type":"BreadcrumbList","@id":"https:\/\/hsa.merry.plus\/visit\/galleries\/main-court\/#breadcrumb","itemListElement":[{"@type":"ListItem","position":1,"name":"Home","item":"https:\/\/hsa.merry.plus\/"},{"@type":"ListItem","position":2,"name":"Visita","item":"https:\/\/hsa.merry.plus\/visit\/"},{"@type":"ListItem","position":3,"name":"Galer\u00edas","item":"https:\/\/hsa.merry.plus\/visit\/galleries\/"},{"@type":"ListItem","position":4,"name":"Patio Central"}]},{"@type":"WebSite","@id":"https:\/\/hsa.merry.plus\/#website","url":"https:\/\/hsa.merry.plus\/","name":"Hispanic Society Museum and Library","description":"","publisher":{"@id":"https:\/\/hsa.merry.plus\/#organization"},"potentialAction":[{"@type":"SearchAction","target":{"@type":"EntryPoint","urlTemplate":"https:\/\/hsa.merry.plus\/?s={search_term_string}"},"query-input":{"@type":"PropertyValueSpecification","valueRequired":true,"valueName":"search_term_string"}}],"inLanguage":"es"},{"@type":"Organization","@id":"https:\/\/hsa.merry.plus\/#organization","name":"Hispanic Society Museum and Library","url":"https:\/\/hsa.merry.plus\/","logo":{"@type":"ImageObject","inLanguage":"es","@id":"https:\/\/hsa.merry.plus\/#\/schema\/logo\/image\/","url":"https:\/\/hsa.merry.plus\/wp-content\/uploads\/2025\/03\/hsa-logo-01.webp","contentUrl":"https:\/\/hsa.merry.plus\/wp-content\/uploads\/2025\/03\/hsa-logo-01.webp","width":273,"height":68,"caption":"Hispanic Society Museum and Library"},"image":{"@id":"https:\/\/hsa.merry.plus\/#\/schema\/logo\/image\/"},"sameAs":["https:\/\/www.facebook.com\/hispanicsociety","https:\/\/x.com\/HSAmuseum","https:\/\/www.instagram.com\/hispanic_society\/","https:\/\/www.youtube.com\/channel\/UCuEmouWL8wEMm24C-ScZwGg"]}]}},"_links":{"self":[{"href":"https:\/\/hsa.merry.plus\/es\/wp-json\/wp\/v2\/pages\/1534","targetHints":{"allow":["GET"]}}],"collection":[{"href":"https:\/\/hsa.merry.plus\/es\/wp-json\/wp\/v2\/pages"}],"about":[{"href":"https:\/\/hsa.merry.plus\/es\/wp-json\/wp\/v2\/types\/page"}],"author":[{"embeddable":true,"href":"https:\/\/hsa.merry.plus\/es\/wp-json\/wp\/v2\/users\/2"}],"replies":[{"embeddable":true,"href":"https:\/\/hsa.merry.plus\/es\/wp-json\/wp\/v2\/comments?post=1534"}],"version-history":[{"count":1,"href":"https:\/\/hsa.merry.plus\/es\/wp-json\/wp\/v2\/pages\/1534\/revisions"}],"predecessor-version":[{"id":1536,"href":"https:\/\/hsa.merry.plus\/es\/wp-json\/wp\/v2\/pages\/1534\/revisions\/1536"}],"up":[{"embeddable":true,"href":"https:\/\/hsa.merry.plus\/es\/wp-json\/wp\/v2\/pages\/1455"}],"wp:featuredmedia":[{"embeddable":true,"href":"https:\/\/hsa.merry.plus\/es\/wp-json\/wp\/v2\/media\/859"}],"wp:attachment":[{"href":"https:\/\/hsa.merry.plus\/es\/wp-json\/wp\/v2\/media?parent=1534"}],"curies":[{"name":"wp","href":"https:\/\/api.w.org\/{rel}","templated":true}]}}