{"id":1530,"date":"2025-04-21T11:28:26","date_gmt":"2025-04-21T11:28:26","guid":{"rendered":"https:\/\/hsa.merry.plus\/terrace-sculpture\/"},"modified":"2025-04-28T08:17:08","modified_gmt":"2025-04-28T08:17:08","slug":"terrace-sculpture","status":"publish","type":"page","link":"https:\/\/hsa.merry.plus\/es\/visit\/galleries\/terrace-sculpture\/","title":{"rendered":"Escultura de la Explanada"},"content":{"rendered":"\r\n<div id=\"full-width-image-block_d18eb1ceecfbc1bc3bb500e7b83758c2\" class=\"block full-width-image height_half\">\r\n            <div class=\"image_container\">\r\n            <figure class=\"\">\r\n                <img loading=\"lazy\" decoding=\"async\" width=\"1920\" height=\"1280\" src=\"https:\/\/hsa.merry.plus\/wp-content\/uploads\/2025\/04\/terrace-1920x1280.jpg\" class=\"\" alt=\"\" srcset=\"https:\/\/hsa.merry.plus\/wp-content\/uploads\/2025\/04\/terrace-1920x1280.jpg 1920w, https:\/\/hsa.merry.plus\/wp-content\/uploads\/2025\/04\/terrace-450x300.jpg 450w, https:\/\/hsa.merry.plus\/wp-content\/uploads\/2025\/04\/terrace-1200x800.jpg 1200w, https:\/\/hsa.merry.plus\/wp-content\/uploads\/2025\/04\/terrace-768x512.jpg 768w, https:\/\/hsa.merry.plus\/wp-content\/uploads\/2025\/04\/terrace-1536x1024.jpg 1536w, https:\/\/hsa.merry.plus\/wp-content\/uploads\/2025\/04\/terrace-2048x1365.jpg 2048w\" sizes=\"auto, (max-width: 1920px) 100vw, 1920px\" \/>            <\/figure>\r\n                    <\/div>\r\n    <\/div>\r\n\n\n\r\n<div id=\"text-sections-block_6d783865d7f743aabf818070a59d63f2\" class=\"block text-sections\">\r\n            <div class=\"text-section site_width one_cols\">\r\n                            <h2 class=\"section_title\">\r\n                    Escultura de la Explanada                <\/h2>\r\n            \r\n                            <div class=\"text_content\">\r\n                    <p>Desde un principio, Huntington ten\u00eda la intenci\u00f3n de a\u00f1adir esculturas a los edificios y asegurarse de su permanencia convirti\u00e9ndolas en monumentales obras de arte. En 1923, tras sus nupcias con la escultora Anna Vaughn Hyatt, comenzaron a tomar forma sus planes para colocar esculturas en Audubon Terrace. Dominando el espacio central de la explanada inferior de la Hispanic Society, encontramos la gigantesca estatua ecuestre de bronce de El Cid Campeador. El primer vaciado fue un regalo de los Huntington a la ciudad de Sevilla. Pero la primera r\u00e9plica se instal\u00f3 en el patio central de la explanada inferior el 15 de agosto de 1927. Para completar el conjunto, se a\u00f1adieron cuatro guerreros sedentes de bronce a tama\u00f1o natural, que se apoyan sobre sus escudos. Entre las restantes esculturas de Anna Hyatt Huntington que se pueden contemplar en la explanada se incluyen dos ciervos rojos, macho y hembra, con su cervatillo, tambi\u00e9n en bronce; dos leones her\u00e1ldicos de piedra caliza, con esferas terrestres entre sus garras, que custodian la entrada al Museo y la Biblioteca; y cuatro grupos de osos, jaguares, buitres y jabal\u00edes \u2013tambi\u00e9n en caliza\u2013 que flanquean la parte superior de las escaleras que suben a las terrazas situadas a ambos lados del Edificio Norte. Completan el programa escult\u00f3rico de la explanada dos enormes relieves escult\u00f3ricos ecuestres en piedra caliza ubicados en las fachadas del Edificio Norte: Boabdil, el \u00faltimo rey nazar\u00ed de Granada; y Don Quijote, cuya postura alica\u00edda, quebrado bast\u00f3n y escu\u00e1lido caballo Rocinante ofrecen un marcado contraste con la vigorosa pose y el majestuoso corcel de El Cid.<\/p>\n                <\/div>\r\n                    <\/div>\r\n    <\/div>\r\n\r\n\n\n\r\n<div id=\"related-content-block_2cfc1c3406f5bbe498e8e55c6c557561\" class=\"block site_width related-content\">\r\n    <h3 class=\"related-content__heading\">Explorar m\u00e1s<\/h3>    <div class=\"content_cards_grid\">\n                    <article class=\"single_content_card\">\n                <div class=\"content_thumbnail\">\n                    <img loading=\"lazy\" decoding=\"async\" width=\"450\" height=\"313\" src=\"https:\/\/hsa.merry.plus\/wp-content\/uploads\/2025\/04\/hispanic-society-2014-02273-558x388-1-450x313.jpg\" class=\"attachment-medium size-medium wp-post-image\" alt=\"\" srcset=\"https:\/\/hsa.merry.plus\/wp-content\/uploads\/2025\/04\/hispanic-society-2014-02273-558x388-1-450x313.jpg 450w, https:\/\/hsa.merry.plus\/wp-content\/uploads\/2025\/04\/hispanic-society-2014-02273-558x388-1.jpg 558w\" sizes=\"auto, (max-width: 450px) 100vw, 450px\" \/>                <\/div>\n                <div class=\"content_card_info\">\n                    <div class=\"content_card_title\">\n                        Galer\u00edas de Cer\u00e1mica                    <\/div>\n                    <div class=\"content_card_excerpt\">\n                                            <\/div>\n                <\/div>\n                <a href=\"https:\/\/hsa.merry.plus\/es\/visit\/galleries\/ceramics-gallery\/\" class=\"cta_button small accent\">\n                    Read\n                <\/a>\n            <\/article>\n                    <article class=\"single_content_card\">\n                <div class=\"content_thumbnail\">\n                    <img loading=\"lazy\" decoding=\"async\" width=\"450\" height=\"358\" src=\"https:\/\/hsa.merry.plus\/wp-content\/uploads\/2025\/04\/sorolla-vision-of-spain-gallery-2-copy-450x358.jpg\" class=\"attachment-medium size-medium wp-post-image\" alt=\"\" srcset=\"https:\/\/hsa.merry.plus\/wp-content\/uploads\/2025\/04\/sorolla-vision-of-spain-gallery-2-copy-450x358.jpg 450w, https:\/\/hsa.merry.plus\/wp-content\/uploads\/2025\/04\/sorolla-vision-of-spain-gallery-2-copy-1200x953.jpg 1200w, https:\/\/hsa.merry.plus\/wp-content\/uploads\/2025\/04\/sorolla-vision-of-spain-gallery-2-copy-768x610.jpg 768w, https:\/\/hsa.merry.plus\/wp-content\/uploads\/2025\/04\/sorolla-vision-of-spain-gallery-2-copy-1536x1220.jpg 1536w, https:\/\/hsa.merry.plus\/wp-content\/uploads\/2025\/04\/sorolla-vision-of-spain-gallery-2-copy-1920x1525.jpg 1920w, https:\/\/hsa.merry.plus\/wp-content\/uploads\/2025\/04\/sorolla-vision-of-spain-gallery-2-copy.jpg 2000w\" sizes=\"auto, (max-width: 450px) 100vw, 450px\" \/>                <\/div>\n                <div class=\"content_card_info\">\n                    <div class=\"content_card_title\">\n                        Galer\u00eda Visi\u00f3n de Espa\u00f1a de Sorolla                    <\/div>\n                    <div class=\"content_card_excerpt\">\n                                            <\/div>\n                <\/div>\n                <a href=\"https:\/\/hsa.merry.plus\/es\/visit\/galleries\/sorollas-vision-of-spain\/\" class=\"cta_button small accent\">\n                    Read\n                <\/a>\n            <\/article>\n                    <article class=\"single_content_card\">\n                <div class=\"content_thumbnail\">\n                    <img loading=\"lazy\" decoding=\"async\" width=\"450\" height=\"274\" src=\"https:\/\/hsa.merry.plus\/wp-content\/uploads\/2025\/04\/main_court-450x274.jpg\" class=\"attachment-medium size-medium wp-post-image\" alt=\"\" srcset=\"https:\/\/hsa.merry.plus\/wp-content\/uploads\/2025\/04\/main_court-450x274.jpg 450w, https:\/\/hsa.merry.plus\/wp-content\/uploads\/2025\/04\/main_court-1200x732.jpg 1200w, https:\/\/hsa.merry.plus\/wp-content\/uploads\/2025\/04\/main_court-768x468.jpg 768w, https:\/\/hsa.merry.plus\/wp-content\/uploads\/2025\/04\/main_court-1536x937.jpg 1536w, https:\/\/hsa.merry.plus\/wp-content\/uploads\/2025\/04\/main_court-2048x1249.jpg 2048w, https:\/\/hsa.merry.plus\/wp-content\/uploads\/2025\/04\/main_court-1920x1171.jpg 1920w\" sizes=\"auto, (max-width: 450px) 100vw, 450px\" \/>                <\/div>\n                <div class=\"content_card_info\">\n                    <div class=\"content_card_title\">\n                        Patio Central                    <\/div>\n                    <div class=\"content_card_excerpt\">\n                                            <\/div>\n                <\/div>\n                <a href=\"https:\/\/hsa.merry.plus\/es\/visit\/galleries\/main-court\/\" class=\"cta_button small accent\">\n                    Read\n                <\/a>\n            <\/article>\n            <\/div>\n    <\/div>\r\n","protected":false},"excerpt":{"rendered":"","protected":false},"author":2,"featured_media":990,"parent":1455,"menu_order":0,"comment_status":"closed","ping_status":"closed","template":"","meta":{"_acf_changed":false,"footnotes":""},"class_list":["post-1530","page","type-page","status-publish","has-post-thumbnail","hentry"],"acf":[],"yoast_head":"<!-- This site is optimized with the Yoast SEO plugin v26.0 - https:\/\/yoast.com\/wordpress\/plugins\/seo\/ -->\n<title>Escultura de la Explanada - Hispanic Society Museum and Library<\/title>\n<meta name=\"robots\" content=\"noindex, follow, max-snippet:-1, max-image-preview:large, max-video-preview:-1\" \/>\n<meta property=\"og:locale\" content=\"es_ES\" \/>\n<meta property=\"og:type\" content=\"article\" \/>\n<meta property=\"og:title\" content=\"Escultura de la Explanada - Hispanic Society Museum and Library\" \/>\n<meta property=\"og:url\" content=\"https:\/\/hsa.merry.plus\/visit\/galleries\/terrace-sculpture\/\" \/>\n<meta property=\"og:site_name\" content=\"Hispanic Society Museum and Library\" \/>\n<meta property=\"article:publisher\" content=\"https:\/\/www.facebook.com\/hispanicsociety\" \/>\n<meta property=\"article:modified_time\" content=\"2025-04-28T08:17:08+00:00\" \/>\n<meta property=\"og:image\" content=\"https:\/\/hsa.merry.plus\/wp-content\/uploads\/2025\/04\/dsc_0064-corrected-sharpened.jpg\" \/>\n\t<meta property=\"og:image:width\" content=\"538\" \/>\n\t<meta property=\"og:image:height\" content=\"414\" \/>\n\t<meta property=\"og:image:type\" content=\"image\/jpeg\" \/>\n<meta name=\"twitter:card\" content=\"summary_large_image\" \/>\n<meta name=\"twitter:site\" content=\"@HSAmuseum\" \/>\n<script type=\"application\/ld+json\" class=\"yoast-schema-graph\">{\"@context\":\"https:\/\/schema.org\",\"@graph\":[{\"@type\":\"WebPage\",\"@id\":\"https:\/\/hsa.merry.plus\/visit\/galleries\/terrace-sculpture\/\",\"url\":\"https:\/\/hsa.merry.plus\/visit\/galleries\/terrace-sculpture\/\",\"name\":\"Escultura de la Explanada - Hispanic Society Museum and Library\",\"isPartOf\":{\"@id\":\"https:\/\/hsa.merry.plus\/#website\"},\"primaryImageOfPage\":{\"@id\":\"https:\/\/hsa.merry.plus\/visit\/galleries\/terrace-sculpture\/#primaryimage\"},\"image\":{\"@id\":\"https:\/\/hsa.merry.plus\/visit\/galleries\/terrace-sculpture\/#primaryimage\"},\"thumbnailUrl\":\"https:\/\/hsa.merry.plus\/wp-content\/uploads\/2025\/04\/dsc_0064-corrected-sharpened.jpg\",\"datePublished\":\"2025-04-21T11:28:26+00:00\",\"dateModified\":\"2025-04-28T08:17:08+00:00\",\"breadcrumb\":{\"@id\":\"https:\/\/hsa.merry.plus\/visit\/galleries\/terrace-sculpture\/#breadcrumb\"},\"inLanguage\":\"es\",\"potentialAction\":[{\"@type\":\"ReadAction\",\"target\":[\"https:\/\/hsa.merry.plus\/visit\/galleries\/terrace-sculpture\/\"]}]},{\"@type\":\"ImageObject\",\"inLanguage\":\"es\",\"@id\":\"https:\/\/hsa.merry.plus\/visit\/galleries\/terrace-sculpture\/#primaryimage\",\"url\":\"https:\/\/hsa.merry.plus\/wp-content\/uploads\/2025\/04\/dsc_0064-corrected-sharpened.jpg\",\"contentUrl\":\"https:\/\/hsa.merry.plus\/wp-content\/uploads\/2025\/04\/dsc_0064-corrected-sharpened.jpg\",\"width\":538,\"height\":414},{\"@type\":\"BreadcrumbList\",\"@id\":\"https:\/\/hsa.merry.plus\/visit\/galleries\/terrace-sculpture\/#breadcrumb\",\"itemListElement\":[{\"@type\":\"ListItem\",\"position\":1,\"name\":\"Home\",\"item\":\"https:\/\/hsa.merry.plus\/\"},{\"@type\":\"ListItem\",\"position\":2,\"name\":\"Visita\",\"item\":\"https:\/\/hsa.merry.plus\/visit\/\"},{\"@type\":\"ListItem\",\"position\":3,\"name\":\"Galer\u00edas\",\"item\":\"https:\/\/hsa.merry.plus\/visit\/galleries\/\"},{\"@type\":\"ListItem\",\"position\":4,\"name\":\"Escultura de la Explanada\"}]},{\"@type\":\"WebSite\",\"@id\":\"https:\/\/hsa.merry.plus\/#website\",\"url\":\"https:\/\/hsa.merry.plus\/\",\"name\":\"Hispanic Society Museum and Library\",\"description\":\"\",\"publisher\":{\"@id\":\"https:\/\/hsa.merry.plus\/#organization\"},\"potentialAction\":[{\"@type\":\"SearchAction\",\"target\":{\"@type\":\"EntryPoint\",\"urlTemplate\":\"https:\/\/hsa.merry.plus\/?s={search_term_string}\"},\"query-input\":{\"@type\":\"PropertyValueSpecification\",\"valueRequired\":true,\"valueName\":\"search_term_string\"}}],\"inLanguage\":\"es\"},{\"@type\":\"Organization\",\"@id\":\"https:\/\/hsa.merry.plus\/#organization\",\"name\":\"Hispanic Society Museum and Library\",\"url\":\"https:\/\/hsa.merry.plus\/\",\"logo\":{\"@type\":\"ImageObject\",\"inLanguage\":\"es\",\"@id\":\"https:\/\/hsa.merry.plus\/#\/schema\/logo\/image\/\",\"url\":\"https:\/\/hsa.merry.plus\/wp-content\/uploads\/2025\/03\/hsa-logo-01.webp\",\"contentUrl\":\"https:\/\/hsa.merry.plus\/wp-content\/uploads\/2025\/03\/hsa-logo-01.webp\",\"width\":273,\"height\":68,\"caption\":\"Hispanic Society Museum and Library\"},\"image\":{\"@id\":\"https:\/\/hsa.merry.plus\/#\/schema\/logo\/image\/\"},\"sameAs\":[\"https:\/\/www.facebook.com\/hispanicsociety\",\"https:\/\/x.com\/HSAmuseum\",\"https:\/\/www.instagram.com\/hispanic_society\/\",\"https:\/\/www.youtube.com\/channel\/UCuEmouWL8wEMm24C-ScZwGg\"]}]}<\/script>\n<!-- \/ Yoast SEO plugin. -->","yoast_head_json":{"title":"Escultura de la Explanada - Hispanic Society Museum and Library","robots":{"index":"noindex","follow":"follow","max-snippet":"max-snippet:-1","max-image-preview":"max-image-preview:large","max-video-preview":"max-video-preview:-1"},"og_locale":"es_ES","og_type":"article","og_title":"Escultura de la Explanada - Hispanic Society Museum and Library","og_url":"https:\/\/hsa.merry.plus\/visit\/galleries\/terrace-sculpture\/","og_site_name":"Hispanic Society Museum and Library","article_publisher":"https:\/\/www.facebook.com\/hispanicsociety","article_modified_time":"2025-04-28T08:17:08+00:00","og_image":[{"width":538,"height":414,"url":"https:\/\/hsa.merry.plus\/wp-content\/uploads\/2025\/04\/dsc_0064-corrected-sharpened.jpg","type":"image\/jpeg"}],"twitter_card":"summary_large_image","twitter_site":"@HSAmuseum","schema":{"@context":"https:\/\/schema.org","@graph":[{"@type":"WebPage","@id":"https:\/\/hsa.merry.plus\/visit\/galleries\/terrace-sculpture\/","url":"https:\/\/hsa.merry.plus\/visit\/galleries\/terrace-sculpture\/","name":"Escultura de la Explanada - Hispanic Society Museum and Library","isPartOf":{"@id":"https:\/\/hsa.merry.plus\/#website"},"primaryImageOfPage":{"@id":"https:\/\/hsa.merry.plus\/visit\/galleries\/terrace-sculpture\/#primaryimage"},"image":{"@id":"https:\/\/hsa.merry.plus\/visit\/galleries\/terrace-sculpture\/#primaryimage"},"thumbnailUrl":"https:\/\/hsa.merry.plus\/wp-content\/uploads\/2025\/04\/dsc_0064-corrected-sharpened.jpg","datePublished":"2025-04-21T11:28:26+00:00","dateModified":"2025-04-28T08:17:08+00:00","breadcrumb":{"@id":"https:\/\/hsa.merry.plus\/visit\/galleries\/terrace-sculpture\/#breadcrumb"},"inLanguage":"es","potentialAction":[{"@type":"ReadAction","target":["https:\/\/hsa.merry.plus\/visit\/galleries\/terrace-sculpture\/"]}]},{"@type":"ImageObject","inLanguage":"es","@id":"https:\/\/hsa.merry.plus\/visit\/galleries\/terrace-sculpture\/#primaryimage","url":"https:\/\/hsa.merry.plus\/wp-content\/uploads\/2025\/04\/dsc_0064-corrected-sharpened.jpg","contentUrl":"https:\/\/hsa.merry.plus\/wp-content\/uploads\/2025\/04\/dsc_0064-corrected-sharpened.jpg","width":538,"height":414},{"@type":"BreadcrumbList","@id":"https:\/\/hsa.merry.plus\/visit\/galleries\/terrace-sculpture\/#breadcrumb","itemListElement":[{"@type":"ListItem","position":1,"name":"Home","item":"https:\/\/hsa.merry.plus\/"},{"@type":"ListItem","position":2,"name":"Visita","item":"https:\/\/hsa.merry.plus\/visit\/"},{"@type":"ListItem","position":3,"name":"Galer\u00edas","item":"https:\/\/hsa.merry.plus\/visit\/galleries\/"},{"@type":"ListItem","position":4,"name":"Escultura de la Explanada"}]},{"@type":"WebSite","@id":"https:\/\/hsa.merry.plus\/#website","url":"https:\/\/hsa.merry.plus\/","name":"Hispanic Society Museum and Library","description":"","publisher":{"@id":"https:\/\/hsa.merry.plus\/#organization"},"potentialAction":[{"@type":"SearchAction","target":{"@type":"EntryPoint","urlTemplate":"https:\/\/hsa.merry.plus\/?s={search_term_string}"},"query-input":{"@type":"PropertyValueSpecification","valueRequired":true,"valueName":"search_term_string"}}],"inLanguage":"es"},{"@type":"Organization","@id":"https:\/\/hsa.merry.plus\/#organization","name":"Hispanic Society Museum and Library","url":"https:\/\/hsa.merry.plus\/","logo":{"@type":"ImageObject","inLanguage":"es","@id":"https:\/\/hsa.merry.plus\/#\/schema\/logo\/image\/","url":"https:\/\/hsa.merry.plus\/wp-content\/uploads\/2025\/03\/hsa-logo-01.webp","contentUrl":"https:\/\/hsa.merry.plus\/wp-content\/uploads\/2025\/03\/hsa-logo-01.webp","width":273,"height":68,"caption":"Hispanic Society Museum and Library"},"image":{"@id":"https:\/\/hsa.merry.plus\/#\/schema\/logo\/image\/"},"sameAs":["https:\/\/www.facebook.com\/hispanicsociety","https:\/\/x.com\/HSAmuseum","https:\/\/www.instagram.com\/hispanic_society\/","https:\/\/www.youtube.com\/channel\/UCuEmouWL8wEMm24C-ScZwGg"]}]}},"_links":{"self":[{"href":"https:\/\/hsa.merry.plus\/es\/wp-json\/wp\/v2\/pages\/1530","targetHints":{"allow":["GET"]}}],"collection":[{"href":"https:\/\/hsa.merry.plus\/es\/wp-json\/wp\/v2\/pages"}],"about":[{"href":"https:\/\/hsa.merry.plus\/es\/wp-json\/wp\/v2\/types\/page"}],"author":[{"embeddable":true,"href":"https:\/\/hsa.merry.plus\/es\/wp-json\/wp\/v2\/users\/2"}],"replies":[{"embeddable":true,"href":"https:\/\/hsa.merry.plus\/es\/wp-json\/wp\/v2\/comments?post=1530"}],"version-history":[{"count":1,"href":"https:\/\/hsa.merry.plus\/es\/wp-json\/wp\/v2\/pages\/1530\/revisions"}],"predecessor-version":[{"id":1531,"href":"https:\/\/hsa.merry.plus\/es\/wp-json\/wp\/v2\/pages\/1530\/revisions\/1531"}],"up":[{"embeddable":true,"href":"https:\/\/hsa.merry.plus\/es\/wp-json\/wp\/v2\/pages\/1455"}],"wp:featuredmedia":[{"embeddable":true,"href":"https:\/\/hsa.merry.plus\/es\/wp-json\/wp\/v2\/media\/990"}],"wp:attachment":[{"href":"https:\/\/hsa.merry.plus\/es\/wp-json\/wp\/v2\/media?parent=1530"}],"curies":[{"name":"wp","href":"https:\/\/api.w.org\/{rel}","templated":true}]}}