{"id":1479,"date":"2025-03-04T11:51:55","date_gmt":"2025-03-04T11:51:55","guid":{"rendered":"https:\/\/hsa.merry.plus\/visit\/"},"modified":"2025-05-12T13:22:56","modified_gmt":"2025-05-12T13:22:56","slug":"visit","status":"publish","type":"page","link":"https:\/\/hsa.merry.plus\/es\/visit\/","title":{"rendered":"Visita"},"content":{"rendered":"\r\n<div id=\"full-width-image-block_05cca86303bdfc4253945e8a28df874c\" class=\"block full-width-image height_half\">\r\n            <div class=\"image_container\">\r\n            <figure class=\"\">\r\n                <img loading=\"lazy\" decoding=\"async\" width=\"1920\" height=\"1388\" src=\"https:\/\/hsa.merry.plus\/wp-content\/uploads\/2025\/04\/a2137-copy-scaled-1-1920x1388.jpg\" class=\"\" alt=\"\" srcset=\"https:\/\/hsa.merry.plus\/wp-content\/uploads\/2025\/04\/a2137-copy-scaled-1-1920x1388.jpg 1920w, https:\/\/hsa.merry.plus\/wp-content\/uploads\/2025\/04\/a2137-copy-scaled-1-450x325.jpg 450w, https:\/\/hsa.merry.plus\/wp-content\/uploads\/2025\/04\/a2137-copy-scaled-1-1200x867.jpg 1200w, https:\/\/hsa.merry.plus\/wp-content\/uploads\/2025\/04\/a2137-copy-scaled-1-768x555.jpg 768w, https:\/\/hsa.merry.plus\/wp-content\/uploads\/2025\/04\/a2137-copy-scaled-1-1536x1110.jpg 1536w, https:\/\/hsa.merry.plus\/wp-content\/uploads\/2025\/04\/a2137-copy-scaled-1-2048x1480.jpg 2048w\" sizes=\"auto, (max-width: 1920px) 100vw, 1920px\" \/>            <\/figure>\r\n                    <\/div>\r\n    <\/div>\r\n\n\n\r\n<div id=\"fifty-fifty-block_1939c922d2d10382d92f71ae21985bfd\" class=\"block site_width related-content\">\r\n\r\n            \r\n        <div class=\"fifty_fifty_cards_grid\">\r\n            <article class=\"single_content_card image_left\">\r\n                <div class=\"content_thumbnail\">\r\n                    <img loading=\"lazy\" decoding=\"async\" width=\"450\" height=\"300\" src=\"https:\/\/hsa.merry.plus\/wp-content\/uploads\/2025\/04\/group_visits_cover1-450x300.jpg\" class=\"attachment-medium size-medium\" alt=\"\" srcset=\"https:\/\/hsa.merry.plus\/wp-content\/uploads\/2025\/04\/group_visits_cover1-450x300.jpg 450w, https:\/\/hsa.merry.plus\/wp-content\/uploads\/2025\/04\/group_visits_cover1-1200x799.jpg 1200w, https:\/\/hsa.merry.plus\/wp-content\/uploads\/2025\/04\/group_visits_cover1-768x511.jpg 768w, https:\/\/hsa.merry.plus\/wp-content\/uploads\/2025\/04\/group_visits_cover1-1536x1022.jpg 1536w, https:\/\/hsa.merry.plus\/wp-content\/uploads\/2025\/04\/group_visits_cover1.jpg 1803w\" sizes=\"auto, (max-width: 450px) 100vw, 450px\" \/>                <\/div>\r\n                <div class=\"content_card_info\">\r\n                    <div class=\"content_card_excerpt\">\r\n                        <h2>Visitas en grupo<\/h2>\n<p>Explore los aspectos m\u00e1s destacados de la historia de la Sociedad Hisp\u00e1nica, las obras en exhibici\u00f3n, las exposiciones especiales y los diversos recorridos de la Terraza Audubon con los educadores del Museo todos <strong>los viernes y s\u00e1bados a las 14:00 h<\/strong>. Cupo limitado.<\/p>\n                    <\/div>\r\n                                            <div class=\"content_card_ctas\">\r\n                                                            <a href=\"https:\/\/hsa.merry.plus\/visit\/group-visits\/\" class=\"cta_button small accent\">\r\n                                    Leer                                <\/a>\r\n                                                                                    <\/div>\r\n                        <\/div>\r\n                                    <\/div>\r\n            <\/article>\r\n        <\/div>\r\n\r\n    \r\n<\/div>\r\n\n\n\r\n<div id=\"fifty-fifty-block_16f358f9244b8d9069c7be4fd2111190\" class=\"block site_width related-content\">\r\n\r\n            \r\n        <div class=\"fifty_fifty_cards_grid\">\r\n            <article class=\"single_content_card image_right\">\r\n                <div class=\"content_thumbnail\">\r\n                    <img loading=\"lazy\" decoding=\"async\" width=\"450\" height=\"270\" src=\"https:\/\/hsa.merry.plus\/wp-content\/uploads\/2025\/04\/a3182_sorolla-tiffany-450x270.jpg\" class=\"attachment-medium size-medium\" alt=\"\" srcset=\"https:\/\/hsa.merry.plus\/wp-content\/uploads\/2025\/04\/a3182_sorolla-tiffany-450x270.jpg 450w, https:\/\/hsa.merry.plus\/wp-content\/uploads\/2025\/04\/a3182_sorolla-tiffany.jpg 600w\" sizes=\"auto, (max-width: 450px) 100vw, 450px\" \/>                <\/div>\r\n                <div class=\"content_card_info\">\r\n                    <div class=\"content_card_excerpt\">\r\n                        <h2 class=\"title\">Informaci\u00f3n para visitantes<\/h2>\n<div class=\"excerpt\">\n<p>Museo y Biblioteca de la Sociedad Hisp\u00e1nica<br \/>\nBroadway entre las calles 155 y 156<br \/>\nNueva York, NY 10032<\/p>\n<p>La entrada es gratuita al Museo, la Sala de Lectura de la Biblioteca y todas las exposiciones especiales de la Sociedad Hisp\u00e1nica.<\/p>\n<\/div>\n                    <\/div>\r\n                                            <div class=\"content_card_ctas\">\r\n                                                            <a href=\"https:\/\/hsa.merry.plus\/visit\/visitor-policies\/\" class=\"cta_button small accent\">\r\n                                    Leer                                <\/a>\r\n                                                                                    <\/div>\r\n                        <\/div>\r\n                                    <\/div>\r\n            <\/article>\r\n        <\/div>\r\n\r\n    \r\n<\/div>\r\n\n\n\r\n<div id=\"fifty-fifty-block_6e52d0217ed164dc1b7921a64663a76c\" class=\"block site_width related-content\">\r\n\r\n            \r\n        <div class=\"fifty_fifty_cards_grid\">\r\n            <article class=\"single_content_card image_left\">\r\n                <div class=\"content_thumbnail\">\r\n                    <img loading=\"lazy\" decoding=\"async\" width=\"450\" height=\"300\" src=\"https:\/\/hsa.merry.plus\/wp-content\/uploads\/2025\/04\/galleries_cover1-450x300.jpg\" class=\"attachment-medium size-medium\" alt=\"\" srcset=\"https:\/\/hsa.merry.plus\/wp-content\/uploads\/2025\/04\/galleries_cover1-450x300.jpg 450w, https:\/\/hsa.merry.plus\/wp-content\/uploads\/2025\/04\/galleries_cover1-1200x800.jpg 1200w, https:\/\/hsa.merry.plus\/wp-content\/uploads\/2025\/04\/galleries_cover1-768x512.jpg 768w, https:\/\/hsa.merry.plus\/wp-content\/uploads\/2025\/04\/galleries_cover1-1536x1024.jpg 1536w, https:\/\/hsa.merry.plus\/wp-content\/uploads\/2025\/04\/galleries_cover1-2048x1365.jpg 2048w, https:\/\/hsa.merry.plus\/wp-content\/uploads\/2025\/04\/galleries_cover1-1920x1280.jpg 1920w\" sizes=\"auto, (max-width: 450px) 100vw, 450px\" \/>                <\/div>\r\n                <div class=\"content_card_info\">\r\n                    <div class=\"content_card_excerpt\">\r\n                        <h2>Galer\u00edas<\/h2>\n<p><a href=\"https:\/\/hsa.merry.plus\/main-court\/\">Patio Central<\/a><br \/>\n<a href=\"https:\/\/hsa.merry.plus\/sorollas-vision-of-spain\/\">Galer\u00eda Visi\u00f3n de Espa\u00f1a Sorolla<\/a><br \/>\n<a href=\"https:\/\/hsa.merry.plus\/terrace-sculpture\/\">Escultura de la Explanada<\/a><br \/>\n<a href=\"https:\/\/hsa.merry.plus\/es\/visit\/galleries\/ceramics-gallery\/\">Galer\u00eda de Cer\u00e1mica<\/a><\/p>\n                    <\/div>\r\n                                            <div class=\"content_card_ctas\">\r\n                                                            <a href=\"https:\/\/hsa.merry.plus\/visit\/galleries\/\" class=\"cta_button small accent\">\r\n                                    Leer                                <\/a>\r\n                                                                                    <\/div>\r\n                        <\/div>\r\n                                    <\/div>\r\n            <\/article>\r\n        <\/div>\r\n\r\n    \r\n<\/div>\r\n\n\n\r\n<div id=\"fifty-fifty-block_4e557a17af759b7917afbcf83e16c722\" class=\"block site_width related-content\">\r\n\r\n            \r\n        <div class=\"fifty_fifty_cards_grid\">\r\n            <article class=\"single_content_card image_right\">\r\n                <div class=\"content_thumbnail\">\r\n                    <img loading=\"lazy\" decoding=\"async\" width=\"450\" height=\"301\" src=\"https:\/\/hsa.merry.plus\/wp-content\/uploads\/2025\/04\/WH3-450x301.webp\" class=\"attachment-medium size-medium\" alt=\"\" srcset=\"https:\/\/hsa.merry.plus\/wp-content\/uploads\/2025\/04\/WH3-450x301.webp 450w, https:\/\/hsa.merry.plus\/wp-content\/uploads\/2025\/04\/WH3-1200x803.webp 1200w, https:\/\/hsa.merry.plus\/wp-content\/uploads\/2025\/04\/WH3-768x514.webp 768w, https:\/\/hsa.merry.plus\/wp-content\/uploads\/2025\/04\/WH3-1536x1028.webp 1536w, https:\/\/hsa.merry.plus\/wp-content\/uploads\/2025\/04\/WH3-2048x1371.webp 2048w, https:\/\/hsa.merry.plus\/wp-content\/uploads\/2025\/04\/WH3-1920x1285.webp 1920w\" sizes=\"auto, (max-width: 450px) 100vw, 450px\" \/>                <\/div>\r\n                <div class=\"content_card_info\">\r\n                    <div class=\"content_card_excerpt\">\r\n                        <table style=\"height: 161px;\" width=\"569\">\n<tbody>\n<tr>\n<td>\n<h2>Explora el Barrio<\/h2>\n<p>Desde mansiones hist\u00f3ricas hasta hermosos parques y deliciosas comidas, Washington Heights tiene algo para todos.<\/td>\n<\/tr>\n<\/tbody>\n<\/table>\n                    <\/div>\r\n                                            <div class=\"content_card_ctas\">\r\n                                                            <a href=\"https:\/\/hsa.merry.plus\/visit\/explore-the-neighborhood\/\" class=\"cta_button small accent\">\r\n                                    Leer                                <\/a>\r\n                                                                                    <\/div>\r\n                        <\/div>\r\n                                    <\/div>\r\n            <\/article>\r\n        <\/div>\r\n\r\n    \r\n<\/div>\r\n\n\n\r\n<div id=\"related-content-block_480dca29ef4ff4f1c1ee73640598ef1e\" class=\"block site_width related-content\">\r\n    <h3 class=\"related-content__heading\">Explorar m\u00e1s<\/h3>    <div class=\"content_cards_grid\">\n                    <article class=\"single_content_card\">\n                <div class=\"content_thumbnail\">\n                    <img loading=\"lazy\" decoding=\"async\" width=\"338\" height=\"450\" src=\"https:\/\/hsa.merry.plus\/wp-content\/uploads\/2025\/04\/Sugar_Hill-338x450.jpg\" class=\"attachment-medium size-medium wp-post-image\" alt=\"\" srcset=\"https:\/\/hsa.merry.plus\/wp-content\/uploads\/2025\/04\/Sugar_Hill-338x450.jpg 338w, https:\/\/hsa.merry.plus\/wp-content\/uploads\/2025\/04\/Sugar_Hill-900x1200.jpg 900w, https:\/\/hsa.merry.plus\/wp-content\/uploads\/2025\/04\/Sugar_Hill-768x1024.jpg 768w, https:\/\/hsa.merry.plus\/wp-content\/uploads\/2025\/04\/Sugar_Hill-1152x1536.jpg 1152w, https:\/\/hsa.merry.plus\/wp-content\/uploads\/2025\/04\/Sugar_Hill.jpg 1500w\" sizes=\"auto, (max-width: 338px) 100vw, 338px\" \/>                <\/div>\n                <div class=\"content_card_info\">\n                    <div class=\"content_card_title\">\n                        Helader\u00eda Sugar Hill                    <\/div>\n                    <div class=\"content_card_excerpt\">\n                                            <\/div>\n                <\/div>\n                <a href=\"https:\/\/hsa.merry.plus\/es\/sugar-hill-creamery\/\" class=\"cta_button small accent\">\n                    Read\n                <\/a>\n            <\/article>\n                    <article class=\"single_content_card\">\n                <div class=\"content_thumbnail\">\n                    <img loading=\"lazy\" decoding=\"async\" width=\"450\" height=\"223\" src=\"https:\/\/hsa.merry.plus\/wp-content\/uploads\/2025\/04\/about_us-450x223.jpg\" class=\"attachment-medium size-medium wp-post-image\" alt=\"\" srcset=\"https:\/\/hsa.merry.plus\/wp-content\/uploads\/2025\/04\/about_us-450x223.jpg 450w, https:\/\/hsa.merry.plus\/wp-content\/uploads\/2025\/04\/about_us-768x380.jpg 768w, https:\/\/hsa.merry.plus\/wp-content\/uploads\/2025\/04\/about_us.jpg 1135w\" sizes=\"auto, (max-width: 450px) 100vw, 450px\" \/>                <\/div>\n                <div class=\"content_card_info\">\n                    <div class=\"content_card_title\">\n                        Sobre Nosotros                    <\/div>\n                    <div class=\"content_card_excerpt\">\n                                            <\/div>\n                <\/div>\n                <a href=\"https:\/\/hsa.merry.plus\/es\/about\/\" class=\"cta_button small accent\">\n                    Read\n                <\/a>\n            <\/article>\n                    <article class=\"single_content_card\">\n                <div class=\"content_thumbnail\">\n                    <img loading=\"lazy\" decoding=\"async\" width=\"450\" height=\"270\" src=\"https:\/\/hsa.merry.plus\/wp-content\/uploads\/2025\/04\/a58_sorolla_beaching-the-boat-450x270.jpg\" class=\"attachment-medium size-medium wp-post-image\" alt=\"\" srcset=\"https:\/\/hsa.merry.plus\/wp-content\/uploads\/2025\/04\/a58_sorolla_beaching-the-boat-450x270.jpg 450w, https:\/\/hsa.merry.plus\/wp-content\/uploads\/2025\/04\/a58_sorolla_beaching-the-boat.jpg 600w\" sizes=\"auto, (max-width: 450px) 100vw, 450px\" \/>                <\/div>\n                <div class=\"content_card_info\">\n                    <div class=\"content_card_title\">\n                        Ap\u00f3yanos                    <\/div>\n                    <div class=\"content_card_excerpt\">\n                                            <\/div>\n                <\/div>\n                <a href=\"https:\/\/hsa.merry.plus\/es\/support-us\/\" class=\"cta_button small accent\">\n                    Read\n                <\/a>\n            <\/article>\n                    <article class=\"single_content_card\">\n                <div class=\"content_thumbnail\">\n                    <img loading=\"lazy\" decoding=\"async\" width=\"450\" height=\"337\" src=\"https:\/\/hsa.merry.plus\/wp-content\/uploads\/2025\/04\/Dragoon_Sketch-450x337.jpg\" class=\"attachment-medium size-medium wp-post-image\" alt=\"\" srcset=\"https:\/\/hsa.merry.plus\/wp-content\/uploads\/2025\/04\/Dragoon_Sketch-450x337.jpg 450w, https:\/\/hsa.merry.plus\/wp-content\/uploads\/2025\/04\/Dragoon_Sketch-768x575.jpg 768w, https:\/\/hsa.merry.plus\/wp-content\/uploads\/2025\/04\/Dragoon_Sketch.jpg 1200w\" sizes=\"auto, (max-width: 450px) 100vw, 450px\" \/>                <\/div>\n                <div class=\"content_card_info\">\n                    <div class=\"content_card_title\">\n                        Centro Goya                    <\/div>\n                    <div class=\"content_card_excerpt\">\n                                            <\/div>\n                <\/div>\n                <a href=\"https:\/\/hsa.merry.plus\/es\/goya-research-center\/\" class=\"cta_button small accent\">\n                    Read\n                <\/a>\n            <\/article>\n            <\/div>\n    <\/div>\r\n","protected":false},"excerpt":{"rendered":"","protected":false},"author":1,"featured_media":822,"parent":0,"menu_order":0,"comment_status":"closed","ping_status":"closed","template":"","meta":{"_acf_changed":false,"footnotes":""},"class_list":["post-1479","page","type-page","status-publish","has-post-thumbnail","hentry"],"acf":[],"yoast_head":"<!-- This site is optimized with the Yoast SEO plugin v26.0 - https:\/\/yoast.com\/wordpress\/plugins\/seo\/ -->\n<title>Visita - Hispanic Society Museum and Library<\/title>\n<meta name=\"robots\" content=\"noindex, follow, max-snippet:-1, max-image-preview:large, max-video-preview:-1\" \/>\n<meta property=\"og:locale\" content=\"es_ES\" \/>\n<meta property=\"og:type\" content=\"article\" \/>\n<meta property=\"og:title\" content=\"Visita - Hispanic Society Museum and Library\" \/>\n<meta property=\"og:url\" content=\"https:\/\/hsa.merry.plus\/visit\/\" \/>\n<meta property=\"og:site_name\" content=\"Hispanic Society Museum and Library\" \/>\n<meta property=\"article:publisher\" content=\"https:\/\/www.facebook.com\/hispanicsociety\" \/>\n<meta property=\"article:modified_time\" content=\"2025-05-12T13:22:56+00:00\" \/>\n<meta property=\"og:image\" content=\"https:\/\/hsa.merry.plus\/wp-content\/uploads\/2025\/04\/a2137-copy-scaled-1.jpg\" \/>\n\t<meta property=\"og:image:width\" content=\"2560\" \/>\n\t<meta property=\"og:image:height\" content=\"1850\" \/>\n\t<meta property=\"og:image:type\" content=\"image\/jpeg\" \/>\n<meta name=\"twitter:card\" content=\"summary_large_image\" \/>\n<meta name=\"twitter:site\" content=\"@HSAmuseum\" \/>\n<script type=\"application\/ld+json\" class=\"yoast-schema-graph\">{\"@context\":\"https:\/\/schema.org\",\"@graph\":[{\"@type\":\"WebPage\",\"@id\":\"https:\/\/hsa.merry.plus\/visit\/\",\"url\":\"https:\/\/hsa.merry.plus\/visit\/\",\"name\":\"Visita - Hispanic Society Museum and Library\",\"isPartOf\":{\"@id\":\"https:\/\/hsa.merry.plus\/#website\"},\"primaryImageOfPage\":{\"@id\":\"https:\/\/hsa.merry.plus\/visit\/#primaryimage\"},\"image\":{\"@id\":\"https:\/\/hsa.merry.plus\/visit\/#primaryimage\"},\"thumbnailUrl\":\"https:\/\/hsa.merry.plus\/wp-content\/uploads\/2025\/04\/a2137-copy-scaled-1.jpg\",\"datePublished\":\"2025-03-04T11:51:55+00:00\",\"dateModified\":\"2025-05-12T13:22:56+00:00\",\"breadcrumb\":{\"@id\":\"https:\/\/hsa.merry.plus\/visit\/#breadcrumb\"},\"inLanguage\":\"es\",\"potentialAction\":[{\"@type\":\"ReadAction\",\"target\":[\"https:\/\/hsa.merry.plus\/visit\/\"]}]},{\"@type\":\"ImageObject\",\"inLanguage\":\"es\",\"@id\":\"https:\/\/hsa.merry.plus\/visit\/#primaryimage\",\"url\":\"https:\/\/hsa.merry.plus\/wp-content\/uploads\/2025\/04\/a2137-copy-scaled-1.jpg\",\"contentUrl\":\"https:\/\/hsa.merry.plus\/wp-content\/uploads\/2025\/04\/a2137-copy-scaled-1.jpg\",\"width\":2560,\"height\":1850},{\"@type\":\"BreadcrumbList\",\"@id\":\"https:\/\/hsa.merry.plus\/visit\/#breadcrumb\",\"itemListElement\":[{\"@type\":\"ListItem\",\"position\":1,\"name\":\"Home\",\"item\":\"https:\/\/hsa.merry.plus\/\"},{\"@type\":\"ListItem\",\"position\":2,\"name\":\"Visita\"}]},{\"@type\":\"WebSite\",\"@id\":\"https:\/\/hsa.merry.plus\/#website\",\"url\":\"https:\/\/hsa.merry.plus\/\",\"name\":\"Hispanic Society Museum and Library\",\"description\":\"\",\"publisher\":{\"@id\":\"https:\/\/hsa.merry.plus\/#organization\"},\"potentialAction\":[{\"@type\":\"SearchAction\",\"target\":{\"@type\":\"EntryPoint\",\"urlTemplate\":\"https:\/\/hsa.merry.plus\/?s={search_term_string}\"},\"query-input\":{\"@type\":\"PropertyValueSpecification\",\"valueRequired\":true,\"valueName\":\"search_term_string\"}}],\"inLanguage\":\"es\"},{\"@type\":\"Organization\",\"@id\":\"https:\/\/hsa.merry.plus\/#organization\",\"name\":\"Hispanic Society Museum and Library\",\"url\":\"https:\/\/hsa.merry.plus\/\",\"logo\":{\"@type\":\"ImageObject\",\"inLanguage\":\"es\",\"@id\":\"https:\/\/hsa.merry.plus\/#\/schema\/logo\/image\/\",\"url\":\"https:\/\/hsa.merry.plus\/wp-content\/uploads\/2025\/03\/hsa-logo-01.webp\",\"contentUrl\":\"https:\/\/hsa.merry.plus\/wp-content\/uploads\/2025\/03\/hsa-logo-01.webp\",\"width\":273,\"height\":68,\"caption\":\"Hispanic Society Museum and Library\"},\"image\":{\"@id\":\"https:\/\/hsa.merry.plus\/#\/schema\/logo\/image\/\"},\"sameAs\":[\"https:\/\/www.facebook.com\/hispanicsociety\",\"https:\/\/x.com\/HSAmuseum\",\"https:\/\/www.instagram.com\/hispanic_society\/\",\"https:\/\/www.youtube.com\/channel\/UCuEmouWL8wEMm24C-ScZwGg\"]}]}<\/script>\n<!-- \/ Yoast SEO plugin. -->","yoast_head_json":{"title":"Visita - Hispanic Society Museum and Library","robots":{"index":"noindex","follow":"follow","max-snippet":"max-snippet:-1","max-image-preview":"max-image-preview:large","max-video-preview":"max-video-preview:-1"},"og_locale":"es_ES","og_type":"article","og_title":"Visita - Hispanic Society Museum and Library","og_url":"https:\/\/hsa.merry.plus\/visit\/","og_site_name":"Hispanic Society Museum and Library","article_publisher":"https:\/\/www.facebook.com\/hispanicsociety","article_modified_time":"2025-05-12T13:22:56+00:00","og_image":[{"width":2560,"height":1850,"url":"https:\/\/hsa.merry.plus\/wp-content\/uploads\/2025\/04\/a2137-copy-scaled-1.jpg","type":"image\/jpeg"}],"twitter_card":"summary_large_image","twitter_site":"@HSAmuseum","schema":{"@context":"https:\/\/schema.org","@graph":[{"@type":"WebPage","@id":"https:\/\/hsa.merry.plus\/visit\/","url":"https:\/\/hsa.merry.plus\/visit\/","name":"Visita - Hispanic Society Museum and Library","isPartOf":{"@id":"https:\/\/hsa.merry.plus\/#website"},"primaryImageOfPage":{"@id":"https:\/\/hsa.merry.plus\/visit\/#primaryimage"},"image":{"@id":"https:\/\/hsa.merry.plus\/visit\/#primaryimage"},"thumbnailUrl":"https:\/\/hsa.merry.plus\/wp-content\/uploads\/2025\/04\/a2137-copy-scaled-1.jpg","datePublished":"2025-03-04T11:51:55+00:00","dateModified":"2025-05-12T13:22:56+00:00","breadcrumb":{"@id":"https:\/\/hsa.merry.plus\/visit\/#breadcrumb"},"inLanguage":"es","potentialAction":[{"@type":"ReadAction","target":["https:\/\/hsa.merry.plus\/visit\/"]}]},{"@type":"ImageObject","inLanguage":"es","@id":"https:\/\/hsa.merry.plus\/visit\/#primaryimage","url":"https:\/\/hsa.merry.plus\/wp-content\/uploads\/2025\/04\/a2137-copy-scaled-1.jpg","contentUrl":"https:\/\/hsa.merry.plus\/wp-content\/uploads\/2025\/04\/a2137-copy-scaled-1.jpg","width":2560,"height":1850},{"@type":"BreadcrumbList","@id":"https:\/\/hsa.merry.plus\/visit\/#breadcrumb","itemListElement":[{"@type":"ListItem","position":1,"name":"Home","item":"https:\/\/hsa.merry.plus\/"},{"@type":"ListItem","position":2,"name":"Visita"}]},{"@type":"WebSite","@id":"https:\/\/hsa.merry.plus\/#website","url":"https:\/\/hsa.merry.plus\/","name":"Hispanic Society Museum and Library","description":"","publisher":{"@id":"https:\/\/hsa.merry.plus\/#organization"},"potentialAction":[{"@type":"SearchAction","target":{"@type":"EntryPoint","urlTemplate":"https:\/\/hsa.merry.plus\/?s={search_term_string}"},"query-input":{"@type":"PropertyValueSpecification","valueRequired":true,"valueName":"search_term_string"}}],"inLanguage":"es"},{"@type":"Organization","@id":"https:\/\/hsa.merry.plus\/#organization","name":"Hispanic Society Museum and Library","url":"https:\/\/hsa.merry.plus\/","logo":{"@type":"ImageObject","inLanguage":"es","@id":"https:\/\/hsa.merry.plus\/#\/schema\/logo\/image\/","url":"https:\/\/hsa.merry.plus\/wp-content\/uploads\/2025\/03\/hsa-logo-01.webp","contentUrl":"https:\/\/hsa.merry.plus\/wp-content\/uploads\/2025\/03\/hsa-logo-01.webp","width":273,"height":68,"caption":"Hispanic Society Museum and Library"},"image":{"@id":"https:\/\/hsa.merry.plus\/#\/schema\/logo\/image\/"},"sameAs":["https:\/\/www.facebook.com\/hispanicsociety","https:\/\/x.com\/HSAmuseum","https:\/\/www.instagram.com\/hispanic_society\/","https:\/\/www.youtube.com\/channel\/UCuEmouWL8wEMm24C-ScZwGg"]}]}},"_links":{"self":[{"href":"https:\/\/hsa.merry.plus\/es\/wp-json\/wp\/v2\/pages\/1479","targetHints":{"allow":["GET"]}}],"collection":[{"href":"https:\/\/hsa.merry.plus\/es\/wp-json\/wp\/v2\/pages"}],"about":[{"href":"https:\/\/hsa.merry.plus\/es\/wp-json\/wp\/v2\/types\/page"}],"author":[{"embeddable":true,"href":"https:\/\/hsa.merry.plus\/es\/wp-json\/wp\/v2\/users\/1"}],"replies":[{"embeddable":true,"href":"https:\/\/hsa.merry.plus\/es\/wp-json\/wp\/v2\/comments?post=1479"}],"version-history":[{"count":2,"href":"https:\/\/hsa.merry.plus\/es\/wp-json\/wp\/v2\/pages\/1479\/revisions"}],"predecessor-version":[{"id":1627,"href":"https:\/\/hsa.merry.plus\/es\/wp-json\/wp\/v2\/pages\/1479\/revisions\/1627"}],"wp:featuredmedia":[{"embeddable":true,"href":"https:\/\/hsa.merry.plus\/es\/wp-json\/wp\/v2\/media\/822"}],"wp:attachment":[{"href":"https:\/\/hsa.merry.plus\/es\/wp-json\/wp\/v2\/media?parent=1479"}],"curies":[{"name":"wp","href":"https:\/\/api.w.org\/{rel}","templated":true}]}}