{"id":1475,"date":"2025-03-04T11:52:06","date_gmt":"2025-03-04T11:52:06","guid":{"rendered":"https:\/\/hsa.merry.plus\/whats-on\/"},"modified":"2025-04-27T14:42:23","modified_gmt":"2025-04-27T14:42:23","slug":"whats-on","status":"publish","type":"page","link":"https:\/\/hsa.merry.plus\/es\/whats-on\/","title":{"rendered":"Que hay"},"content":{"rendered":"\r\n<div id=\"full-width-image-block_3a7cfa3d0342525211b20e71d08ca2bb\" class=\"block full-width-image height_half\">\r\n            <div class=\"image_container\">\r\n            <figure class=\"\">\r\n                <img loading=\"lazy\" decoding=\"async\" width=\"863\" height=\"660\" src=\"https:\/\/hsa.merry.plus\/wp-content\/uploads\/2025\/04\/17_bodas-de-cana-wedding-cana_la2158-small-min.jpg\" class=\"\" alt=\"\" srcset=\"https:\/\/hsa.merry.plus\/wp-content\/uploads\/2025\/04\/17_bodas-de-cana-wedding-cana_la2158-small-min.jpg 863w, https:\/\/hsa.merry.plus\/wp-content\/uploads\/2025\/04\/17_bodas-de-cana-wedding-cana_la2158-small-min-450x344.jpg 450w, https:\/\/hsa.merry.plus\/wp-content\/uploads\/2025\/04\/17_bodas-de-cana-wedding-cana_la2158-small-min-768x587.jpg 768w\" sizes=\"auto, (max-width: 863px) 100vw, 863px\" \/>            <\/figure>\r\n                    <\/div>\r\n    <\/div>\r\n\n\n\r\n<div id=\"text-sections-block_374023b8bb96b328d6f1b1c508c05b91\" class=\"block text-sections\">\r\n            <div class=\"text-section site_width one_cols\">\r\n                            <h2 class=\"section_title\">\r\n                    Que hay                <\/h2>\r\n            \r\n                    <\/div>\r\n    <\/div>\r\n\r\n\n\n\r\n<div id=\"fifty-fifty-block_39b60f6fa2a4d72f1aa3e754a16e0b33\" class=\"block site_width related-content\">\r\n\r\n            \r\n        <div class=\"fifty_fifty_cards_grid\">\r\n            <article class=\"single_content_card image_left\">\r\n                <div class=\"content_thumbnail\">\r\n                    <img loading=\"lazy\" decoding=\"async\" width=\"450\" height=\"299\" src=\"https:\/\/hsa.merry.plus\/wp-content\/uploads\/2025\/04\/mapfre_sorolla_cultura_septiembre2014_002-scaled-1-450x299.jpg\" class=\"attachment-medium size-medium\" alt=\"\" srcset=\"https:\/\/hsa.merry.plus\/wp-content\/uploads\/2025\/04\/mapfre_sorolla_cultura_septiembre2014_002-scaled-1-450x299.jpg 450w, https:\/\/hsa.merry.plus\/wp-content\/uploads\/2025\/04\/mapfre_sorolla_cultura_septiembre2014_002-scaled-1-1200x798.jpg 1200w, https:\/\/hsa.merry.plus\/wp-content\/uploads\/2025\/04\/mapfre_sorolla_cultura_septiembre2014_002-scaled-1-768x511.jpg 768w, https:\/\/hsa.merry.plus\/wp-content\/uploads\/2025\/04\/mapfre_sorolla_cultura_septiembre2014_002-scaled-1-1536x1022.jpg 1536w, https:\/\/hsa.merry.plus\/wp-content\/uploads\/2025\/04\/mapfre_sorolla_cultura_septiembre2014_002-scaled-1-2048x1362.jpg 2048w, https:\/\/hsa.merry.plus\/wp-content\/uploads\/2025\/04\/mapfre_sorolla_cultura_septiembre2014_002-scaled-1-1920x1277.jpg 1920w\" sizes=\"auto, (max-width: 450px) 100vw, 450px\" \/>                <\/div>\r\n                <div class=\"content_card_info\">\r\n                    <div class=\"content_card_excerpt\">\r\n                        <h2>Exposiciones<\/h2>\n<p>Desde 1998, las colecciones de la Hispanic Society han aparecido o servido de base para exposiciones temporales en museos de Estados Unidos, Europa y Am\u00e9rica Latina.<\/p>\n                    <\/div>\r\n                                            <div class=\"content_card_ctas\">\r\n                                                            <a href=\"https:\/\/hsa.merry.plus\/whats-on\/exhibitions\/\" class=\"cta_button small accent\">\r\n                                    Todas las Exposiciones                                <\/a>\r\n                                                                                    <\/div>\r\n                        <\/div>\r\n                                    <\/div>\r\n            <\/article>\r\n        <\/div>\r\n\r\n    \r\n<\/div>\r\n\n\n\r\n<div id=\"fifty-fifty-block_0ad1728c7979eb2b66def1f2954bbef8\" class=\"block site_width related-content\">\r\n\r\n            \r\n        <div class=\"fifty_fifty_cards_grid\">\r\n            <article class=\"single_content_card image_right\">\r\n                <div class=\"content_thumbnail\">\r\n                    <img loading=\"lazy\" decoding=\"async\" width=\"300\" height=\"450\" src=\"https:\/\/hsa.merry.plus\/wp-content\/uploads\/2025\/04\/events_home_photo-300x450.jpg\" class=\"attachment-medium size-medium\" alt=\"\" srcset=\"https:\/\/hsa.merry.plus\/wp-content\/uploads\/2025\/04\/events_home_photo-300x450.jpg 300w, https:\/\/hsa.merry.plus\/wp-content\/uploads\/2025\/04\/events_home_photo-800x1200.jpg 800w, https:\/\/hsa.merry.plus\/wp-content\/uploads\/2025\/04\/events_home_photo-768x1152.jpg 768w, https:\/\/hsa.merry.plus\/wp-content\/uploads\/2025\/04\/events_home_photo-1024x1536.jpg 1024w, https:\/\/hsa.merry.plus\/wp-content\/uploads\/2025\/04\/events_home_photo-1365x2048.jpg 1365w, https:\/\/hsa.merry.plus\/wp-content\/uploads\/2025\/04\/events_home_photo.jpg 1500w\" sizes=\"auto, (max-width: 300px) 100vw, 300px\" \/>                <\/div>\r\n                <div class=\"content_card_info\">\r\n                    <div class=\"content_card_excerpt\">\r\n                        <h2>Calendario de Eventos<\/h2>\n<p>Lorem ipsum dolor sit amet, consectetur adipiscing elit. In accumsan dolor sit amet est pharetra varius. Proin vitae ligula placerat, fringilla justo eu, lobortis quam. Nulla id tincidunt arcu. Fusce euismod elit a risus faucibus bibendum. Praesent interdum pretium ligula ut pharetra.<\/p>\n                    <\/div>\r\n                                            <div class=\"content_card_ctas\">\r\n                                                            <a href=\"https:\/\/hsa.merry.plus\/whats-on\/events-calendar\/\" class=\"cta_button small accent\">\r\n                                    Todos los Eventos                                <\/a>\r\n                                                                                    <\/div>\r\n                        <\/div>\r\n                                    <\/div>\r\n            <\/article>\r\n        <\/div>\r\n\r\n    \r\n<\/div>\r\n\n\n\r\n<div id=\"fifty-fifty-block_cf10b7e9c05d17b088036d9004a0da40\" class=\"block site_width related-content\">\r\n\r\n            \r\n        <div class=\"fifty_fifty_cards_grid\">\r\n            <article class=\"single_content_card image_left\">\r\n                <div class=\"content_thumbnail\">\r\n                    <img loading=\"lazy\" decoding=\"async\" width=\"450\" height=\"298\" src=\"https:\/\/hsa.merry.plus\/wp-content\/uploads\/2025\/03\/dr6_tours_at_two-450x298.jpg\" class=\"attachment-medium size-medium\" alt=\"\" srcset=\"https:\/\/hsa.merry.plus\/wp-content\/uploads\/2025\/03\/dr6_tours_at_two-450x298.jpg 450w, https:\/\/hsa.merry.plus\/wp-content\/uploads\/2025\/03\/dr6_tours_at_two-1200x796.jpg 1200w, https:\/\/hsa.merry.plus\/wp-content\/uploads\/2025\/03\/dr6_tours_at_two-768x509.jpg 768w, https:\/\/hsa.merry.plus\/wp-content\/uploads\/2025\/03\/dr6_tours_at_two-1536x1019.jpg 1536w, https:\/\/hsa.merry.plus\/wp-content\/uploads\/2025\/03\/dr6_tours_at_two-2048x1358.jpg 2048w, https:\/\/hsa.merry.plus\/wp-content\/uploads\/2025\/03\/dr6_tours_at_two-1920x1273.jpg 1920w\" sizes=\"auto, (max-width: 450px) 100vw, 450px\" \/>                <\/div>\r\n                <div class=\"content_card_info\">\r\n                    <div class=\"content_card_excerpt\">\r\n                        <h2>Visitas Guiadas<\/h2>\n<p>Explore los aspectos m\u00e1s destacados de la historia de la Sociedad Hisp\u00e1nica, las obras en exhibici\u00f3n, las exposiciones especiales y los diversos recorridos de la Terraza Audubon con los educadores del Museo los <strong>viernes y s\u00e1bados a las 14:00 h<\/strong>. Cupo limitado.<\/p>\n                    <\/div>\r\n                                            <div class=\"content_card_ctas\">\r\n                                                            <a href=\"https:\/\/hsa.merry.plus\/whats-on\/guided-tours\/\" class=\"cta_button small accent\">\r\n                                    Leer m\u00e1s                                <\/a>\r\n                                                                                    <\/div>\r\n                        <\/div>\r\n                                    <\/div>\r\n            <\/article>\r\n        <\/div>\r\n\r\n    \r\n<\/div>\r\n\n\n\r\n<div id=\"fifty-fifty-block_1e6b66349ef6b06bd2ad310fb2acdc64\" class=\"block site_width related-content\">\r\n\r\n            \r\n        <div class=\"fifty_fifty_cards_grid\">\r\n            <article class=\"single_content_card image_right\">\r\n                <div class=\"content_thumbnail\">\r\n                    <img loading=\"lazy\" decoding=\"async\" width=\"450\" height=\"321\" src=\"https:\/\/hsa.merry.plus\/wp-content\/uploads\/2025\/04\/concert_series_cover1-450x321.jpg\" class=\"attachment-medium size-medium\" alt=\"\" srcset=\"https:\/\/hsa.merry.plus\/wp-content\/uploads\/2025\/04\/concert_series_cover1-450x321.jpg 450w, https:\/\/hsa.merry.plus\/wp-content\/uploads\/2025\/04\/concert_series_cover1-1200x857.jpg 1200w, https:\/\/hsa.merry.plus\/wp-content\/uploads\/2025\/04\/concert_series_cover1-768x548.jpg 768w, https:\/\/hsa.merry.plus\/wp-content\/uploads\/2025\/04\/concert_series_cover1-1536x1097.jpg 1536w, https:\/\/hsa.merry.plus\/wp-content\/uploads\/2025\/04\/concert_series_cover1-2048x1462.jpg 2048w, https:\/\/hsa.merry.plus\/wp-content\/uploads\/2025\/04\/concert_series_cover1-1920x1371.jpg 1920w\" sizes=\"auto, (max-width: 450px) 100vw, 450px\" \/>                <\/div>\r\n                <div class=\"content_card_info\">\r\n                    <div class=\"content_card_excerpt\">\r\n                        <h2>Serie de Conciertos<\/h2>\n<p>La Serie de Conciertos ha deleitado a los oyentes con los mejores recitales, grupos de c\u00e1mara y conjuntos de m\u00fasica moderna innovadores.<\/p>\n                    <\/div>\r\n                                            <div class=\"content_card_ctas\">\r\n                                                            <a href=\"https:\/\/hsa.merry.plus\/whats-on\/concert-series\/\" class=\"cta_button small accent\">\r\n                                    Leer m\u00e1s                                <\/a>\r\n                                                                                    <\/div>\r\n                        <\/div>\r\n                                    <\/div>\r\n            <\/article>\r\n        <\/div>\r\n\r\n    \r\n<\/div>\r\n\n\n\r\n<div id=\"fifty-fifty-block_932c1d15b1982554e018cce6cb627287\" class=\"block site_width related-content\">\r\n\r\n            \r\n        <div class=\"fifty_fifty_cards_grid\">\r\n            <article class=\"single_content_card image_left\">\r\n                <div class=\"content_thumbnail\">\r\n                                    <\/div>\r\n                <div class=\"content_card_info\">\r\n                    <div class=\"content_card_excerpt\">\r\n                        <h2>Iniciativas de Arte Contempor\u00e1neo<\/h2>\n                    <\/div>\r\n                                            <div class=\"content_card_ctas\">\r\n                                                            <a href=\"https:\/\/hsa.merry.plus\/whats-on\/contemporary-art-initiatives\/\" class=\"cta_button small accent\">\r\n                                    Leer m\u00e1s                                <\/a>\r\n                                                                                    <\/div>\r\n                        <\/div>\r\n                                    <\/div>\r\n            <\/article>\r\n        <\/div>\r\n\r\n    \r\n<\/div>\r\n\n\n\r\n<div id=\"related-content-block_4ec7db86027096b2fa0ed5c3c84d5ed6\" class=\"block site_width related-content\">\r\n    <h3 class=\"related-content__heading\">Explorar m\u00e1s<\/h3>    <div class=\"content_cards_grid\">\n                    <article class=\"single_content_card\">\n                <div class=\"content_thumbnail\">\n                    <img loading=\"lazy\" decoding=\"async\" width=\"450\" height=\"358\" src=\"https:\/\/hsa.merry.plus\/wp-content\/uploads\/2025\/04\/sorolla-vision-of-spain-gallery-2-copy-450x358.jpg\" class=\"attachment-medium size-medium wp-post-image\" alt=\"\" srcset=\"https:\/\/hsa.merry.plus\/wp-content\/uploads\/2025\/04\/sorolla-vision-of-spain-gallery-2-copy-450x358.jpg 450w, https:\/\/hsa.merry.plus\/wp-content\/uploads\/2025\/04\/sorolla-vision-of-spain-gallery-2-copy-1200x953.jpg 1200w, https:\/\/hsa.merry.plus\/wp-content\/uploads\/2025\/04\/sorolla-vision-of-spain-gallery-2-copy-768x610.jpg 768w, https:\/\/hsa.merry.plus\/wp-content\/uploads\/2025\/04\/sorolla-vision-of-spain-gallery-2-copy-1536x1220.jpg 1536w, https:\/\/hsa.merry.plus\/wp-content\/uploads\/2025\/04\/sorolla-vision-of-spain-gallery-2-copy-1920x1525.jpg 1920w, https:\/\/hsa.merry.plus\/wp-content\/uploads\/2025\/04\/sorolla-vision-of-spain-gallery-2-copy.jpg 2000w\" sizes=\"auto, (max-width: 450px) 100vw, 450px\" \/>                <\/div>\n                <div class=\"content_card_info\">\n                    <div class=\"content_card_title\">\n                        Inicio                    <\/div>\n                    <div class=\"content_card_excerpt\">\n                                            <\/div>\n                <\/div>\n                <a href=\"https:\/\/hsa.merry.plus\/es\/\" class=\"cta_button small accent\">\n                    Read\n                <\/a>\n            <\/article>\n                    <article class=\"single_content_card\">\n                <div class=\"content_thumbnail\">\n                    <img loading=\"lazy\" decoding=\"async\" width=\"450\" height=\"223\" src=\"https:\/\/hsa.merry.plus\/wp-content\/uploads\/2025\/04\/about_us-450x223.jpg\" class=\"attachment-medium size-medium wp-post-image\" alt=\"\" srcset=\"https:\/\/hsa.merry.plus\/wp-content\/uploads\/2025\/04\/about_us-450x223.jpg 450w, https:\/\/hsa.merry.plus\/wp-content\/uploads\/2025\/04\/about_us-768x380.jpg 768w, https:\/\/hsa.merry.plus\/wp-content\/uploads\/2025\/04\/about_us.jpg 1135w\" sizes=\"auto, (max-width: 450px) 100vw, 450px\" \/>                <\/div>\n                <div class=\"content_card_info\">\n                    <div class=\"content_card_title\">\n                        Sobre Nosotros                    <\/div>\n                    <div class=\"content_card_excerpt\">\n                                            <\/div>\n                <\/div>\n                <a href=\"https:\/\/hsa.merry.plus\/es\/about\/\" class=\"cta_button small accent\">\n                    Read\n                <\/a>\n            <\/article>\n                    <article class=\"single_content_card\">\n                <div class=\"content_thumbnail\">\n                                    <\/div>\n                <div class=\"content_card_info\">\n                    <div class=\"content_card_title\">\n                        Press room                    <\/div>\n                    <div class=\"content_card_excerpt\">\n                                            <\/div>\n                <\/div>\n                <a href=\"https:\/\/hsa.merry.plus\/es\/press-room\/\" class=\"cta_button small accent\">\n                    Read\n                <\/a>\n            <\/article>\n                    <article class=\"single_content_card\">\n                <div class=\"content_thumbnail\">\n                    <img loading=\"lazy\" decoding=\"async\" width=\"450\" height=\"337\" src=\"https:\/\/hsa.merry.plus\/wp-content\/uploads\/2025\/04\/Dragoon_Sketch-450x337.jpg\" class=\"attachment-medium size-medium wp-post-image\" alt=\"\" srcset=\"https:\/\/hsa.merry.plus\/wp-content\/uploads\/2025\/04\/Dragoon_Sketch-450x337.jpg 450w, https:\/\/hsa.merry.plus\/wp-content\/uploads\/2025\/04\/Dragoon_Sketch-768x575.jpg 768w, https:\/\/hsa.merry.plus\/wp-content\/uploads\/2025\/04\/Dragoon_Sketch.jpg 1200w\" sizes=\"auto, (max-width: 450px) 100vw, 450px\" \/>                <\/div>\n                <div class=\"content_card_info\">\n                    <div class=\"content_card_title\">\n                        Centro Goya                    <\/div>\n                    <div class=\"content_card_excerpt\">\n                                            <\/div>\n                <\/div>\n                <a href=\"https:\/\/hsa.merry.plus\/es\/goya-research-center\/\" class=\"cta_button small accent\">\n                    Read\n                <\/a>\n            <\/article>\n            <\/div>\n    <\/div>\r\n","protected":false},"excerpt":{"rendered":"","protected":false},"author":1,"featured_media":1192,"parent":0,"menu_order":0,"comment_status":"closed","ping_status":"closed","template":"","meta":{"_acf_changed":false,"footnotes":""},"class_list":["post-1475","page","type-page","status-publish","has-post-thumbnail","hentry"],"acf":[],"yoast_head":"<!-- This site is optimized with the Yoast SEO plugin v26.0 - https:\/\/yoast.com\/wordpress\/plugins\/seo\/ -->\n<title>Que hay - Hispanic Society Museum and Library<\/title>\n<meta name=\"robots\" content=\"noindex, follow, max-snippet:-1, max-image-preview:large, max-video-preview:-1\" \/>\n<meta property=\"og:locale\" content=\"es_ES\" \/>\n<meta property=\"og:type\" content=\"article\" \/>\n<meta property=\"og:title\" content=\"Que hay - Hispanic Society Museum and Library\" \/>\n<meta property=\"og:url\" content=\"https:\/\/hsa.merry.plus\/whats-on\/\" \/>\n<meta property=\"og:site_name\" content=\"Hispanic Society Museum and Library\" \/>\n<meta property=\"article:publisher\" content=\"https:\/\/www.facebook.com\/hispanicsociety\" \/>\n<meta property=\"article:modified_time\" content=\"2025-04-27T14:42:23+00:00\" \/>\n<meta property=\"og:image\" content=\"https:\/\/hsa.merry.plus\/wp-content\/uploads\/2025\/04\/17_bodas-de-cana-wedding-cana_la2158-small-min.jpg\" \/>\n\t<meta property=\"og:image:width\" content=\"863\" \/>\n\t<meta property=\"og:image:height\" content=\"660\" \/>\n\t<meta property=\"og:image:type\" content=\"image\/jpeg\" \/>\n<meta name=\"twitter:card\" content=\"summary_large_image\" \/>\n<meta name=\"twitter:site\" content=\"@HSAmuseum\" \/>\n<script type=\"application\/ld+json\" class=\"yoast-schema-graph\">{\"@context\":\"https:\/\/schema.org\",\"@graph\":[{\"@type\":\"WebPage\",\"@id\":\"https:\/\/hsa.merry.plus\/whats-on\/\",\"url\":\"https:\/\/hsa.merry.plus\/whats-on\/\",\"name\":\"Que hay - Hispanic Society Museum and Library\",\"isPartOf\":{\"@id\":\"https:\/\/hsa.merry.plus\/#website\"},\"primaryImageOfPage\":{\"@id\":\"https:\/\/hsa.merry.plus\/whats-on\/#primaryimage\"},\"image\":{\"@id\":\"https:\/\/hsa.merry.plus\/whats-on\/#primaryimage\"},\"thumbnailUrl\":\"https:\/\/hsa.merry.plus\/wp-content\/uploads\/2025\/04\/17_bodas-de-cana-wedding-cana_la2158-small-min.jpg\",\"datePublished\":\"2025-03-04T11:52:06+00:00\",\"dateModified\":\"2025-04-27T14:42:23+00:00\",\"breadcrumb\":{\"@id\":\"https:\/\/hsa.merry.plus\/whats-on\/#breadcrumb\"},\"inLanguage\":\"es\",\"potentialAction\":[{\"@type\":\"ReadAction\",\"target\":[\"https:\/\/hsa.merry.plus\/whats-on\/\"]}]},{\"@type\":\"ImageObject\",\"inLanguage\":\"es\",\"@id\":\"https:\/\/hsa.merry.plus\/whats-on\/#primaryimage\",\"url\":\"https:\/\/hsa.merry.plus\/wp-content\/uploads\/2025\/04\/17_bodas-de-cana-wedding-cana_la2158-small-min.jpg\",\"contentUrl\":\"https:\/\/hsa.merry.plus\/wp-content\/uploads\/2025\/04\/17_bodas-de-cana-wedding-cana_la2158-small-min.jpg\",\"width\":863,\"height\":660},{\"@type\":\"BreadcrumbList\",\"@id\":\"https:\/\/hsa.merry.plus\/whats-on\/#breadcrumb\",\"itemListElement\":[{\"@type\":\"ListItem\",\"position\":1,\"name\":\"Home\",\"item\":\"https:\/\/hsa.merry.plus\/\"},{\"@type\":\"ListItem\",\"position\":2,\"name\":\"Que hay\"}]},{\"@type\":\"WebSite\",\"@id\":\"https:\/\/hsa.merry.plus\/#website\",\"url\":\"https:\/\/hsa.merry.plus\/\",\"name\":\"Hispanic Society Museum and Library\",\"description\":\"\",\"publisher\":{\"@id\":\"https:\/\/hsa.merry.plus\/#organization\"},\"potentialAction\":[{\"@type\":\"SearchAction\",\"target\":{\"@type\":\"EntryPoint\",\"urlTemplate\":\"https:\/\/hsa.merry.plus\/?s={search_term_string}\"},\"query-input\":{\"@type\":\"PropertyValueSpecification\",\"valueRequired\":true,\"valueName\":\"search_term_string\"}}],\"inLanguage\":\"es\"},{\"@type\":\"Organization\",\"@id\":\"https:\/\/hsa.merry.plus\/#organization\",\"name\":\"Hispanic Society Museum and Library\",\"url\":\"https:\/\/hsa.merry.plus\/\",\"logo\":{\"@type\":\"ImageObject\",\"inLanguage\":\"es\",\"@id\":\"https:\/\/hsa.merry.plus\/#\/schema\/logo\/image\/\",\"url\":\"https:\/\/hsa.merry.plus\/wp-content\/uploads\/2025\/03\/hsa-logo-01.webp\",\"contentUrl\":\"https:\/\/hsa.merry.plus\/wp-content\/uploads\/2025\/03\/hsa-logo-01.webp\",\"width\":273,\"height\":68,\"caption\":\"Hispanic Society Museum and Library\"},\"image\":{\"@id\":\"https:\/\/hsa.merry.plus\/#\/schema\/logo\/image\/\"},\"sameAs\":[\"https:\/\/www.facebook.com\/hispanicsociety\",\"https:\/\/x.com\/HSAmuseum\",\"https:\/\/www.instagram.com\/hispanic_society\/\",\"https:\/\/www.youtube.com\/channel\/UCuEmouWL8wEMm24C-ScZwGg\"]}]}<\/script>\n<!-- \/ Yoast SEO plugin. -->","yoast_head_json":{"title":"Que hay - Hispanic Society Museum and Library","robots":{"index":"noindex","follow":"follow","max-snippet":"max-snippet:-1","max-image-preview":"max-image-preview:large","max-video-preview":"max-video-preview:-1"},"og_locale":"es_ES","og_type":"article","og_title":"Que hay - Hispanic Society Museum and Library","og_url":"https:\/\/hsa.merry.plus\/whats-on\/","og_site_name":"Hispanic Society Museum and Library","article_publisher":"https:\/\/www.facebook.com\/hispanicsociety","article_modified_time":"2025-04-27T14:42:23+00:00","og_image":[{"width":863,"height":660,"url":"https:\/\/hsa.merry.plus\/wp-content\/uploads\/2025\/04\/17_bodas-de-cana-wedding-cana_la2158-small-min.jpg","type":"image\/jpeg"}],"twitter_card":"summary_large_image","twitter_site":"@HSAmuseum","schema":{"@context":"https:\/\/schema.org","@graph":[{"@type":"WebPage","@id":"https:\/\/hsa.merry.plus\/whats-on\/","url":"https:\/\/hsa.merry.plus\/whats-on\/","name":"Que hay - Hispanic Society Museum and Library","isPartOf":{"@id":"https:\/\/hsa.merry.plus\/#website"},"primaryImageOfPage":{"@id":"https:\/\/hsa.merry.plus\/whats-on\/#primaryimage"},"image":{"@id":"https:\/\/hsa.merry.plus\/whats-on\/#primaryimage"},"thumbnailUrl":"https:\/\/hsa.merry.plus\/wp-content\/uploads\/2025\/04\/17_bodas-de-cana-wedding-cana_la2158-small-min.jpg","datePublished":"2025-03-04T11:52:06+00:00","dateModified":"2025-04-27T14:42:23+00:00","breadcrumb":{"@id":"https:\/\/hsa.merry.plus\/whats-on\/#breadcrumb"},"inLanguage":"es","potentialAction":[{"@type":"ReadAction","target":["https:\/\/hsa.merry.plus\/whats-on\/"]}]},{"@type":"ImageObject","inLanguage":"es","@id":"https:\/\/hsa.merry.plus\/whats-on\/#primaryimage","url":"https:\/\/hsa.merry.plus\/wp-content\/uploads\/2025\/04\/17_bodas-de-cana-wedding-cana_la2158-small-min.jpg","contentUrl":"https:\/\/hsa.merry.plus\/wp-content\/uploads\/2025\/04\/17_bodas-de-cana-wedding-cana_la2158-small-min.jpg","width":863,"height":660},{"@type":"BreadcrumbList","@id":"https:\/\/hsa.merry.plus\/whats-on\/#breadcrumb","itemListElement":[{"@type":"ListItem","position":1,"name":"Home","item":"https:\/\/hsa.merry.plus\/"},{"@type":"ListItem","position":2,"name":"Que hay"}]},{"@type":"WebSite","@id":"https:\/\/hsa.merry.plus\/#website","url":"https:\/\/hsa.merry.plus\/","name":"Hispanic Society Museum and Library","description":"","publisher":{"@id":"https:\/\/hsa.merry.plus\/#organization"},"potentialAction":[{"@type":"SearchAction","target":{"@type":"EntryPoint","urlTemplate":"https:\/\/hsa.merry.plus\/?s={search_term_string}"},"query-input":{"@type":"PropertyValueSpecification","valueRequired":true,"valueName":"search_term_string"}}],"inLanguage":"es"},{"@type":"Organization","@id":"https:\/\/hsa.merry.plus\/#organization","name":"Hispanic Society Museum and Library","url":"https:\/\/hsa.merry.plus\/","logo":{"@type":"ImageObject","inLanguage":"es","@id":"https:\/\/hsa.merry.plus\/#\/schema\/logo\/image\/","url":"https:\/\/hsa.merry.plus\/wp-content\/uploads\/2025\/03\/hsa-logo-01.webp","contentUrl":"https:\/\/hsa.merry.plus\/wp-content\/uploads\/2025\/03\/hsa-logo-01.webp","width":273,"height":68,"caption":"Hispanic Society Museum and Library"},"image":{"@id":"https:\/\/hsa.merry.plus\/#\/schema\/logo\/image\/"},"sameAs":["https:\/\/www.facebook.com\/hispanicsociety","https:\/\/x.com\/HSAmuseum","https:\/\/www.instagram.com\/hispanic_society\/","https:\/\/www.youtube.com\/channel\/UCuEmouWL8wEMm24C-ScZwGg"]}]}},"_links":{"self":[{"href":"https:\/\/hsa.merry.plus\/es\/wp-json\/wp\/v2\/pages\/1475","targetHints":{"allow":["GET"]}}],"collection":[{"href":"https:\/\/hsa.merry.plus\/es\/wp-json\/wp\/v2\/pages"}],"about":[{"href":"https:\/\/hsa.merry.plus\/es\/wp-json\/wp\/v2\/types\/page"}],"author":[{"embeddable":true,"href":"https:\/\/hsa.merry.plus\/es\/wp-json\/wp\/v2\/users\/1"}],"replies":[{"embeddable":true,"href":"https:\/\/hsa.merry.plus\/es\/wp-json\/wp\/v2\/comments?post=1475"}],"version-history":[{"count":1,"href":"https:\/\/hsa.merry.plus\/es\/wp-json\/wp\/v2\/pages\/1475\/revisions"}],"predecessor-version":[{"id":1477,"href":"https:\/\/hsa.merry.plus\/es\/wp-json\/wp\/v2\/pages\/1475\/revisions\/1477"}],"wp:featuredmedia":[{"embeddable":true,"href":"https:\/\/hsa.merry.plus\/es\/wp-json\/wp\/v2\/media\/1192"}],"wp:attachment":[{"href":"https:\/\/hsa.merry.plus\/es\/wp-json\/wp\/v2\/media?parent=1475"}],"curies":[{"name":"wp","href":"https:\/\/api.w.org\/{rel}","templated":true}]}}