{"id":1434,"date":"2025-03-23T09:11:18","date_gmt":"2025-03-23T09:11:18","guid":{"rendered":"https:\/\/hsa.merry.plus\/learn\/audio-guides\/"},"modified":"2025-05-15T11:06:29","modified_gmt":"2025-05-15T11:06:29","slug":"audio-guides","status":"publish","type":"page","link":"https:\/\/hsa.merry.plus\/es\/learn\/audio-guides\/","title":{"rendered":"Audiogu\u00edas"},"content":{"rendered":"\r\n<div id=\"full-width-image-block_2481002c60afbe3865f54486813c4c43\" class=\"block full-width-image height_half\">\r\n            <div class=\"image_container\">\r\n            <figure class=\"\">\r\n                <img loading=\"lazy\" decoding=\"async\" width=\"1920\" height=\"1281\" src=\"https:\/\/hsa.merry.plus\/wp-content\/uploads\/2025\/05\/HSAOpeningEstrado5-1920x1281.jpg\" class=\"\" alt=\"\" srcset=\"https:\/\/hsa.merry.plus\/wp-content\/uploads\/2025\/05\/HSAOpeningEstrado5-1920x1281.jpg 1920w, https:\/\/hsa.merry.plus\/wp-content\/uploads\/2025\/05\/HSAOpeningEstrado5-450x300.jpg 450w, https:\/\/hsa.merry.plus\/wp-content\/uploads\/2025\/05\/HSAOpeningEstrado5-1200x800.jpg 1200w, https:\/\/hsa.merry.plus\/wp-content\/uploads\/2025\/05\/HSAOpeningEstrado5-768x512.jpg 768w, https:\/\/hsa.merry.plus\/wp-content\/uploads\/2025\/05\/HSAOpeningEstrado5-1536x1025.jpg 1536w, https:\/\/hsa.merry.plus\/wp-content\/uploads\/2025\/05\/HSAOpeningEstrado5-2048x1366.jpg 2048w\" sizes=\"auto, (max-width: 1920px) 100vw, 1920px\" \/>            <\/figure>\r\n                    <\/div>\r\n    <\/div>\r\n\n\n\r\n<div id=\"text-sections-block_f698ed46e0787882c7047c712a2d4bc5\" class=\"block text-sections\">\r\n            <div class=\"text-section site_width one_cols\">\r\n                            <h2 class=\"section_title\">\r\n                    Audiogu\u00edas                <\/h2>\r\n            \r\n                            <div class=\"text_content\">\r\n                    <p>La Sociedad Hisp\u00e1nica colabora con Bloomberg Connects para ofrecer una audiogu\u00eda gratuita a los visitantes que les ayudar\u00e1 a comprender mejor nuestra colecci\u00f3n permanente y las exposiciones especiales. Visite https:\/\/www.bloombergconnects.org\/ para descargar la aplicaci\u00f3n y empezar a escuchar.<\/p>\n                <\/div>\r\n                    <\/div>\r\n    <\/div>\r\n\r\n\n\n\r\n<div id=\"related-content-block_3eb43088020185812778e53b1f7c428b\" class=\"block site_width related-content\">\r\n    <h3 class=\"related-content__heading\">explorar m\u00e1s<\/h3>    <div class=\"content_cards_grid\">\n                    <article class=\"single_content_card\">\n                <div class=\"content_thumbnail\">\n                    <img loading=\"lazy\" decoding=\"async\" width=\"450\" height=\"321\" src=\"https:\/\/hsa.merry.plus\/wp-content\/uploads\/2025\/04\/education_cover2-450x321.jpg\" class=\"attachment-medium size-medium wp-post-image\" alt=\"\" srcset=\"https:\/\/hsa.merry.plus\/wp-content\/uploads\/2025\/04\/education_cover2-450x321.jpg 450w, https:\/\/hsa.merry.plus\/wp-content\/uploads\/2025\/04\/education_cover2-1200x857.jpg 1200w, https:\/\/hsa.merry.plus\/wp-content\/uploads\/2025\/04\/education_cover2-768x548.jpg 768w, https:\/\/hsa.merry.plus\/wp-content\/uploads\/2025\/04\/education_cover2-1536x1097.jpg 1536w, https:\/\/hsa.merry.plus\/wp-content\/uploads\/2025\/04\/education_cover2-2048x1462.jpg 2048w, https:\/\/hsa.merry.plus\/wp-content\/uploads\/2025\/04\/education_cover2-1920x1371.jpg 1920w\" sizes=\"auto, (max-width: 450px) 100vw, 450px\" \/>                <\/div>\n                <div class=\"content_card_info\">\n                    <div class=\"content_card_title\">\n                        Educaci\u00f3n                    <\/div>\n                    <div class=\"content_card_excerpt\">\n                                            <\/div>\n                <\/div>\n                <a href=\"https:\/\/hsa.merry.plus\/es\/learn\/education-programs\/\" class=\"cta_button small accent\">\n                    Read\n                <\/a>\n            <\/article>\n                    <article class=\"single_content_card\">\n                <div class=\"content_thumbnail\">\n                    <img loading=\"lazy\" decoding=\"async\" width=\"450\" height=\"314\" src=\"https:\/\/hsa.merry.plus\/wp-content\/uploads\/2025\/04\/videos-internal-page-opening-1-450x314.jpg\" class=\"attachment-medium size-medium wp-post-image\" alt=\"\" srcset=\"https:\/\/hsa.merry.plus\/wp-content\/uploads\/2025\/04\/videos-internal-page-opening-1-450x314.jpg 450w, https:\/\/hsa.merry.plus\/wp-content\/uploads\/2025\/04\/videos-internal-page-opening-1-1200x838.jpg 1200w, https:\/\/hsa.merry.plus\/wp-content\/uploads\/2025\/04\/videos-internal-page-opening-1-768x536.jpg 768w, https:\/\/hsa.merry.plus\/wp-content\/uploads\/2025\/04\/videos-internal-page-opening-1-1536x1073.jpg 1536w, https:\/\/hsa.merry.plus\/wp-content\/uploads\/2025\/04\/videos-internal-page-opening-1-1920x1341.jpg 1920w, https:\/\/hsa.merry.plus\/wp-content\/uploads\/2025\/04\/videos-internal-page-opening-1.jpg 2000w\" sizes=\"auto, (max-width: 450px) 100vw, 450px\" \/>                <\/div>\n                <div class=\"content_card_info\">\n                    <div class=\"content_card_title\">\n                        Art\u00edculos y V\u00eddeos                    <\/div>\n                    <div class=\"content_card_excerpt\">\n                                            <\/div>\n                <\/div>\n                <a href=\"https:\/\/hsa.merry.plus\/es\/learn\/articles-and-videos\/\" class=\"cta_button small accent\">\n                    Read\n                <\/a>\n            <\/article>\n                    <article class=\"single_content_card\">\n                <div class=\"content_thumbnail\">\n                    <img loading=\"lazy\" decoding=\"async\" width=\"450\" height=\"300\" src=\"https:\/\/hsa.merry.plus\/wp-content\/uploads\/2025\/05\/HSATerrace11-450x300.jpg\" class=\"attachment-medium size-medium wp-post-image\" alt=\"\" srcset=\"https:\/\/hsa.merry.plus\/wp-content\/uploads\/2025\/05\/HSATerrace11-450x300.jpg 450w, https:\/\/hsa.merry.plus\/wp-content\/uploads\/2025\/05\/HSATerrace11-1200x800.jpg 1200w, https:\/\/hsa.merry.plus\/wp-content\/uploads\/2025\/05\/HSATerrace11-768x512.jpg 768w, https:\/\/hsa.merry.plus\/wp-content\/uploads\/2025\/05\/HSATerrace11-1536x1025.jpg 1536w, https:\/\/hsa.merry.plus\/wp-content\/uploads\/2025\/05\/HSATerrace11-2048x1366.jpg 2048w, https:\/\/hsa.merry.plus\/wp-content\/uploads\/2025\/05\/HSATerrace11-1920x1281.jpg 1920w\" sizes=\"auto, (max-width: 450px) 100vw, 450px\" \/>                <\/div>\n                <div class=\"content_card_info\">\n                    <div class=\"content_card_title\">\n                        Oportunidades para Artistas                    <\/div>\n                    <div class=\"content_card_excerpt\">\n                                            <\/div>\n                <\/div>\n                <a href=\"https:\/\/hsa.merry.plus\/es\/learn\/opportunities-for-artists\/\" class=\"cta_button small accent\">\n                    Read\n                <\/a>\n            <\/article>\n            <\/div>\n    <\/div>\r\n","protected":false},"excerpt":{"rendered":"","protected":false},"author":1,"featured_media":1695,"parent":1386,"menu_order":0,"comment_status":"closed","ping_status":"closed","template":"","meta":{"_acf_changed":false,"footnotes":""},"class_list":["post-1434","page","type-page","status-publish","has-post-thumbnail","hentry"],"acf":[],"yoast_head":"<!-- This site is optimized with the Yoast SEO plugin v26.0 - https:\/\/yoast.com\/wordpress\/plugins\/seo\/ -->\n<title>Audiogu\u00edas - Hispanic Society Museum and Library<\/title>\n<meta name=\"robots\" content=\"noindex, follow, max-snippet:-1, max-image-preview:large, max-video-preview:-1\" \/>\n<meta property=\"og:locale\" content=\"es_ES\" \/>\n<meta property=\"og:type\" content=\"article\" \/>\n<meta property=\"og:title\" content=\"Audiogu\u00edas - Hispanic Society Museum and Library\" \/>\n<meta property=\"og:url\" content=\"https:\/\/hsa.merry.plus\/learn\/audio-guides\/\" \/>\n<meta property=\"og:site_name\" content=\"Hispanic Society Museum and Library\" \/>\n<meta property=\"article:publisher\" content=\"https:\/\/www.facebook.com\/hispanicsociety\" \/>\n<meta property=\"article:modified_time\" content=\"2025-05-15T11:06:29+00:00\" \/>\n<meta property=\"og:image\" content=\"https:\/\/hsa.merry.plus\/wp-content\/uploads\/2025\/05\/HSAOpeningEstrado5-1200x800.jpg\" \/>\n\t<meta property=\"og:image:width\" content=\"1200\" \/>\n\t<meta property=\"og:image:height\" content=\"800\" \/>\n\t<meta property=\"og:image:type\" content=\"image\/jpeg\" \/>\n<meta name=\"twitter:card\" content=\"summary_large_image\" \/>\n<meta name=\"twitter:site\" content=\"@HSAmuseum\" \/>\n<script type=\"application\/ld+json\" class=\"yoast-schema-graph\">{\"@context\":\"https:\/\/schema.org\",\"@graph\":[{\"@type\":\"WebPage\",\"@id\":\"https:\/\/hsa.merry.plus\/learn\/audio-guides\/\",\"url\":\"https:\/\/hsa.merry.plus\/learn\/audio-guides\/\",\"name\":\"Audiogu\u00edas - Hispanic Society Museum and Library\",\"isPartOf\":{\"@id\":\"https:\/\/hsa.merry.plus\/#website\"},\"primaryImageOfPage\":{\"@id\":\"https:\/\/hsa.merry.plus\/learn\/audio-guides\/#primaryimage\"},\"image\":{\"@id\":\"https:\/\/hsa.merry.plus\/learn\/audio-guides\/#primaryimage\"},\"thumbnailUrl\":\"https:\/\/hsa.merry.plus\/wp-content\/uploads\/2025\/05\/HSAOpeningEstrado5.jpg\",\"datePublished\":\"2025-03-23T09:11:18+00:00\",\"dateModified\":\"2025-05-15T11:06:29+00:00\",\"breadcrumb\":{\"@id\":\"https:\/\/hsa.merry.plus\/learn\/audio-guides\/#breadcrumb\"},\"inLanguage\":\"es\",\"potentialAction\":[{\"@type\":\"ReadAction\",\"target\":[\"https:\/\/hsa.merry.plus\/learn\/audio-guides\/\"]}]},{\"@type\":\"ImageObject\",\"inLanguage\":\"es\",\"@id\":\"https:\/\/hsa.merry.plus\/learn\/audio-guides\/#primaryimage\",\"url\":\"https:\/\/hsa.merry.plus\/wp-content\/uploads\/2025\/05\/HSAOpeningEstrado5.jpg\",\"contentUrl\":\"https:\/\/hsa.merry.plus\/wp-content\/uploads\/2025\/05\/HSAOpeningEstrado5.jpg\",\"width\":8192,\"height\":5464},{\"@type\":\"BreadcrumbList\",\"@id\":\"https:\/\/hsa.merry.plus\/learn\/audio-guides\/#breadcrumb\",\"itemListElement\":[{\"@type\":\"ListItem\",\"position\":1,\"name\":\"Home\",\"item\":\"https:\/\/hsa.merry.plus\/\"},{\"@type\":\"ListItem\",\"position\":2,\"name\":\"Aprender\",\"item\":\"https:\/\/hsa.merry.plus\/learn\/\"},{\"@type\":\"ListItem\",\"position\":3,\"name\":\"Audiogu\u00edas\"}]},{\"@type\":\"WebSite\",\"@id\":\"https:\/\/hsa.merry.plus\/#website\",\"url\":\"https:\/\/hsa.merry.plus\/\",\"name\":\"Hispanic Society Museum and Library\",\"description\":\"\",\"publisher\":{\"@id\":\"https:\/\/hsa.merry.plus\/#organization\"},\"potentialAction\":[{\"@type\":\"SearchAction\",\"target\":{\"@type\":\"EntryPoint\",\"urlTemplate\":\"https:\/\/hsa.merry.plus\/?s={search_term_string}\"},\"query-input\":{\"@type\":\"PropertyValueSpecification\",\"valueRequired\":true,\"valueName\":\"search_term_string\"}}],\"inLanguage\":\"es\"},{\"@type\":\"Organization\",\"@id\":\"https:\/\/hsa.merry.plus\/#organization\",\"name\":\"Hispanic Society Museum and Library\",\"url\":\"https:\/\/hsa.merry.plus\/\",\"logo\":{\"@type\":\"ImageObject\",\"inLanguage\":\"es\",\"@id\":\"https:\/\/hsa.merry.plus\/#\/schema\/logo\/image\/\",\"url\":\"https:\/\/hsa.merry.plus\/wp-content\/uploads\/2025\/03\/hsa-logo-01.webp\",\"contentUrl\":\"https:\/\/hsa.merry.plus\/wp-content\/uploads\/2025\/03\/hsa-logo-01.webp\",\"width\":273,\"height\":68,\"caption\":\"Hispanic Society Museum and Library\"},\"image\":{\"@id\":\"https:\/\/hsa.merry.plus\/#\/schema\/logo\/image\/\"},\"sameAs\":[\"https:\/\/www.facebook.com\/hispanicsociety\",\"https:\/\/x.com\/HSAmuseum\",\"https:\/\/www.instagram.com\/hispanic_society\/\",\"https:\/\/www.youtube.com\/channel\/UCuEmouWL8wEMm24C-ScZwGg\"]}]}<\/script>\n<!-- \/ Yoast SEO plugin. -->","yoast_head_json":{"title":"Audiogu\u00edas - Hispanic Society Museum and Library","robots":{"index":"noindex","follow":"follow","max-snippet":"max-snippet:-1","max-image-preview":"max-image-preview:large","max-video-preview":"max-video-preview:-1"},"og_locale":"es_ES","og_type":"article","og_title":"Audiogu\u00edas - Hispanic Society Museum and Library","og_url":"https:\/\/hsa.merry.plus\/learn\/audio-guides\/","og_site_name":"Hispanic Society Museum and Library","article_publisher":"https:\/\/www.facebook.com\/hispanicsociety","article_modified_time":"2025-05-15T11:06:29+00:00","og_image":[{"width":1200,"height":800,"url":"https:\/\/hsa.merry.plus\/wp-content\/uploads\/2025\/05\/HSAOpeningEstrado5-1200x800.jpg","type":"image\/jpeg"}],"twitter_card":"summary_large_image","twitter_site":"@HSAmuseum","schema":{"@context":"https:\/\/schema.org","@graph":[{"@type":"WebPage","@id":"https:\/\/hsa.merry.plus\/learn\/audio-guides\/","url":"https:\/\/hsa.merry.plus\/learn\/audio-guides\/","name":"Audiogu\u00edas - Hispanic Society Museum and Library","isPartOf":{"@id":"https:\/\/hsa.merry.plus\/#website"},"primaryImageOfPage":{"@id":"https:\/\/hsa.merry.plus\/learn\/audio-guides\/#primaryimage"},"image":{"@id":"https:\/\/hsa.merry.plus\/learn\/audio-guides\/#primaryimage"},"thumbnailUrl":"https:\/\/hsa.merry.plus\/wp-content\/uploads\/2025\/05\/HSAOpeningEstrado5.jpg","datePublished":"2025-03-23T09:11:18+00:00","dateModified":"2025-05-15T11:06:29+00:00","breadcrumb":{"@id":"https:\/\/hsa.merry.plus\/learn\/audio-guides\/#breadcrumb"},"inLanguage":"es","potentialAction":[{"@type":"ReadAction","target":["https:\/\/hsa.merry.plus\/learn\/audio-guides\/"]}]},{"@type":"ImageObject","inLanguage":"es","@id":"https:\/\/hsa.merry.plus\/learn\/audio-guides\/#primaryimage","url":"https:\/\/hsa.merry.plus\/wp-content\/uploads\/2025\/05\/HSAOpeningEstrado5.jpg","contentUrl":"https:\/\/hsa.merry.plus\/wp-content\/uploads\/2025\/05\/HSAOpeningEstrado5.jpg","width":8192,"height":5464},{"@type":"BreadcrumbList","@id":"https:\/\/hsa.merry.plus\/learn\/audio-guides\/#breadcrumb","itemListElement":[{"@type":"ListItem","position":1,"name":"Home","item":"https:\/\/hsa.merry.plus\/"},{"@type":"ListItem","position":2,"name":"Aprender","item":"https:\/\/hsa.merry.plus\/learn\/"},{"@type":"ListItem","position":3,"name":"Audiogu\u00edas"}]},{"@type":"WebSite","@id":"https:\/\/hsa.merry.plus\/#website","url":"https:\/\/hsa.merry.plus\/","name":"Hispanic Society Museum and Library","description":"","publisher":{"@id":"https:\/\/hsa.merry.plus\/#organization"},"potentialAction":[{"@type":"SearchAction","target":{"@type":"EntryPoint","urlTemplate":"https:\/\/hsa.merry.plus\/?s={search_term_string}"},"query-input":{"@type":"PropertyValueSpecification","valueRequired":true,"valueName":"search_term_string"}}],"inLanguage":"es"},{"@type":"Organization","@id":"https:\/\/hsa.merry.plus\/#organization","name":"Hispanic Society Museum and Library","url":"https:\/\/hsa.merry.plus\/","logo":{"@type":"ImageObject","inLanguage":"es","@id":"https:\/\/hsa.merry.plus\/#\/schema\/logo\/image\/","url":"https:\/\/hsa.merry.plus\/wp-content\/uploads\/2025\/03\/hsa-logo-01.webp","contentUrl":"https:\/\/hsa.merry.plus\/wp-content\/uploads\/2025\/03\/hsa-logo-01.webp","width":273,"height":68,"caption":"Hispanic Society Museum and Library"},"image":{"@id":"https:\/\/hsa.merry.plus\/#\/schema\/logo\/image\/"},"sameAs":["https:\/\/www.facebook.com\/hispanicsociety","https:\/\/x.com\/HSAmuseum","https:\/\/www.instagram.com\/hispanic_society\/","https:\/\/www.youtube.com\/channel\/UCuEmouWL8wEMm24C-ScZwGg"]}]}},"_links":{"self":[{"href":"https:\/\/hsa.merry.plus\/es\/wp-json\/wp\/v2\/pages\/1434","targetHints":{"allow":["GET"]}}],"collection":[{"href":"https:\/\/hsa.merry.plus\/es\/wp-json\/wp\/v2\/pages"}],"about":[{"href":"https:\/\/hsa.merry.plus\/es\/wp-json\/wp\/v2\/types\/page"}],"author":[{"embeddable":true,"href":"https:\/\/hsa.merry.plus\/es\/wp-json\/wp\/v2\/users\/1"}],"replies":[{"embeddable":true,"href":"https:\/\/hsa.merry.plus\/es\/wp-json\/wp\/v2\/comments?post=1434"}],"version-history":[{"count":2,"href":"https:\/\/hsa.merry.plus\/es\/wp-json\/wp\/v2\/pages\/1434\/revisions"}],"predecessor-version":[{"id":1698,"href":"https:\/\/hsa.merry.plus\/es\/wp-json\/wp\/v2\/pages\/1434\/revisions\/1698"}],"up":[{"embeddable":true,"href":"https:\/\/hsa.merry.plus\/es\/wp-json\/wp\/v2\/pages\/1386"}],"wp:featuredmedia":[{"embeddable":true,"href":"https:\/\/hsa.merry.plus\/es\/wp-json\/wp\/v2\/media\/1695"}],"wp:attachment":[{"href":"https:\/\/hsa.merry.plus\/es\/wp-json\/wp\/v2\/media?parent=1434"}],"curies":[{"name":"wp","href":"https:\/\/api.w.org\/{rel}","templated":true}]}}