{"id":1423,"date":"2025-03-23T09:13:08","date_gmt":"2025-03-23T09:13:08","guid":{"rendered":"https:\/\/hsa.merry.plus\/support-us\/gala\/"},"modified":"2025-05-15T10:21:20","modified_gmt":"2025-05-15T10:21:20","slug":"gala","status":"publish","type":"page","link":"https:\/\/hsa.merry.plus\/es\/support-us\/gala\/","title":{"rendered":"Gala"},"content":{"rendered":"\r\n<div id=\"full-width-image-block_1d9d0bc12fbe710a50372037434a426e\" class=\"block full-width-image height_half\">\r\n            <div class=\"image_container\">\r\n            <figure class=\"\">\r\n                <img loading=\"lazy\" decoding=\"async\" width=\"1920\" height=\"1281\" src=\"https:\/\/hsa.merry.plus\/wp-content\/uploads\/2025\/05\/GalaHSA280-1920x1281.jpg\" class=\"\" alt=\"\" srcset=\"https:\/\/hsa.merry.plus\/wp-content\/uploads\/2025\/05\/GalaHSA280-1920x1281.jpg 1920w, https:\/\/hsa.merry.plus\/wp-content\/uploads\/2025\/05\/GalaHSA280-450x300.jpg 450w, https:\/\/hsa.merry.plus\/wp-content\/uploads\/2025\/05\/GalaHSA280-1200x800.jpg 1200w, https:\/\/hsa.merry.plus\/wp-content\/uploads\/2025\/05\/GalaHSA280-768x512.jpg 768w, https:\/\/hsa.merry.plus\/wp-content\/uploads\/2025\/05\/GalaHSA280-1536x1025.jpg 1536w, https:\/\/hsa.merry.plus\/wp-content\/uploads\/2025\/05\/GalaHSA280-2048x1366.jpg 2048w\" sizes=\"auto, (max-width: 1920px) 100vw, 1920px\" \/>            <\/figure>\r\n                    <\/div>\r\n    <\/div>\r\n\n\n\r\n<div id=\"text-sections-block_67fcef6cc7c0513cc2b029231ff428a7\" class=\"block text-sections\">\r\n            <div class=\"text-section site_width one_cols\">\r\n                            <h2 class=\"section_title\">\r\n                    Gala                <\/h2>\r\n            \r\n                            <div class=\"text_content\">\r\n                    <p>La Gala Anual de la Hispanic Society of America tendr\u00e1 lugar el jueves 30 de octubre. Vuelve pronto para obtener m\u00e1s informaci\u00f3n.<\/p>\n<p>La Gala Anual de la Hispanic Society of America es una elegante velada en la que agasajamos a nuestros patrocinadores y homenajeamos a personas destacadas que han contribuido de forma notable al arte, la literatura y la cultura hisp\u00e1nicas. Esta cena de etiqueta re\u00fane a figuras prominentes de los \u00e1mbitos de la filantrop\u00eda, el arte, los negocios, la moda y el panorama pol\u00edtico con el fin de proporcionar un vital apoyo operativo a la Hispanic Society.<\/p>\n<p>Para m\u00e1s informaci\u00f3n acerca de la Gala Anual, p\u00f3ngase en contacto con Menc\u00eda Figueroa, Directora de Relaciones P\u00fablicas, Programas y Eventos Especiales, en la direcci\u00f3n\u00a0<a href=\"mailto:gala@wordpress-1222768-4350958.cloudwaysapps.com\">gala@wordpress-1222768-4350958.cloudwaysapps.com<\/a>\u00a0o en el n\u00famero 212- 926-2234, extensi\u00f3n 226.<\/p>\n                <\/div>\r\n                    <\/div>\r\n    <\/div>\r\n\r\n\n\n\r\n<div id=\"related-content-block_6419a364743dee0a5223e25bf9663dd2\" class=\"block site_width related-content\">\r\n    <h3 class=\"related-content__heading\">Explorar m\u00e1s<\/h3>    <div class=\"content_cards_grid\">\n                    <article class=\"single_content_card\">\n                <div class=\"content_thumbnail\">\n                    <img loading=\"lazy\" decoding=\"async\" width=\"450\" height=\"270\" src=\"https:\/\/hsa.merry.plus\/wp-content\/uploads\/2025\/04\/a1805_sorolla_vision_valencia-450x270.jpg\" class=\"attachment-medium size-medium wp-post-image\" alt=\"\" srcset=\"https:\/\/hsa.merry.plus\/wp-content\/uploads\/2025\/04\/a1805_sorolla_vision_valencia-450x270.jpg 450w, https:\/\/hsa.merry.plus\/wp-content\/uploads\/2025\/04\/a1805_sorolla_vision_valencia.jpg 600w\" sizes=\"auto, (max-width: 450px) 100vw, 450px\" \/>                <\/div>\n                <div class=\"content_card_info\">\n                    <div class=\"content_card_title\">\n                        Nuestros Patrocinadores                    <\/div>\n                    <div class=\"content_card_excerpt\">\n                                            <\/div>\n                <\/div>\n                <a href=\"https:\/\/hsa.merry.plus\/es\/support-us\/our-supporters\/\" class=\"cta_button small accent\">\n                    Read\n                <\/a>\n            <\/article>\n                    <article class=\"single_content_card\">\n                <div class=\"content_thumbnail\">\n                    <img loading=\"lazy\" decoding=\"async\" width=\"300\" height=\"450\" src=\"https:\/\/hsa.merry.plus\/wp-content\/uploads\/2025\/04\/membership_a1719-300x450.jpg\" class=\"attachment-medium size-medium wp-post-image\" alt=\"\" srcset=\"https:\/\/hsa.merry.plus\/wp-content\/uploads\/2025\/04\/membership_a1719-300x450.jpg 300w, https:\/\/hsa.merry.plus\/wp-content\/uploads\/2025\/04\/membership_a1719-800x1200.jpg 800w, https:\/\/hsa.merry.plus\/wp-content\/uploads\/2025\/04\/membership_a1719-768x1152.jpg 768w, https:\/\/hsa.merry.plus\/wp-content\/uploads\/2025\/04\/membership_a1719-1024x1536.jpg 1024w, https:\/\/hsa.merry.plus\/wp-content\/uploads\/2025\/04\/membership_a1719-1365x2048.jpg 1365w, https:\/\/hsa.merry.plus\/wp-content\/uploads\/2025\/04\/membership_a1719.jpg 1500w\" sizes=\"auto, (max-width: 300px) 100vw, 300px\" \/>                <\/div>\n                <div class=\"content_card_info\">\n                    <div class=\"content_card_title\">\n                        Socios                    <\/div>\n                    <div class=\"content_card_excerpt\">\n                                            <\/div>\n                <\/div>\n                <a href=\"https:\/\/hsa.merry.plus\/es\/support-us\/membership\/\" class=\"cta_button small accent\">\n                    Read\n                <\/a>\n            <\/article>\n                    <article class=\"single_content_card\">\n                <div class=\"content_thumbnail\">\n                    <img loading=\"lazy\" decoding=\"async\" width=\"450\" height=\"319\" src=\"https:\/\/hsa.merry.plus\/wp-content\/uploads\/2025\/04\/a295_anglada-girls-of-burriana-450x319.jpg\" class=\"attachment-medium size-medium wp-post-image\" alt=\"\" srcset=\"https:\/\/hsa.merry.plus\/wp-content\/uploads\/2025\/04\/a295_anglada-girls-of-burriana-450x319.jpg 450w, https:\/\/hsa.merry.plus\/wp-content\/uploads\/2025\/04\/a295_anglada-girls-of-burriana-768x545.jpg 768w, https:\/\/hsa.merry.plus\/wp-content\/uploads\/2025\/04\/a295_anglada-girls-of-burriana.jpg 1100w\" sizes=\"auto, (max-width: 450px) 100vw, 450px\" \/>                <\/div>\n                <div class=\"content_card_info\">\n                    <div class=\"content_card_title\">\n                        Otras formas de apoyar a la HSA                    <\/div>\n                    <div class=\"content_card_excerpt\">\n                                            <\/div>\n                <\/div>\n                <a href=\"https:\/\/hsa.merry.plus\/es\/support-us\/other-ways-to-give\/\" class=\"cta_button small accent\">\n                    Read\n                <\/a>\n            <\/article>\n                    <article class=\"single_content_card\">\n                <div class=\"content_thumbnail\">\n                    <img loading=\"lazy\" decoding=\"async\" width=\"450\" height=\"300\" src=\"https:\/\/hsa.merry.plus\/wp-content\/uploads\/2025\/04\/annualfund_dsc0805-2-1-450x300.jpg\" class=\"attachment-medium size-medium wp-post-image\" alt=\"\" srcset=\"https:\/\/hsa.merry.plus\/wp-content\/uploads\/2025\/04\/annualfund_dsc0805-2-1-450x300.jpg 450w, https:\/\/hsa.merry.plus\/wp-content\/uploads\/2025\/04\/annualfund_dsc0805-2-1-1200x800.jpg 1200w, https:\/\/hsa.merry.plus\/wp-content\/uploads\/2025\/04\/annualfund_dsc0805-2-1-768x512.jpg 768w, https:\/\/hsa.merry.plus\/wp-content\/uploads\/2025\/04\/annualfund_dsc0805-2-1-1536x1024.jpg 1536w, https:\/\/hsa.merry.plus\/wp-content\/uploads\/2025\/04\/annualfund_dsc0805-2-1-2048x1365.jpg 2048w, https:\/\/hsa.merry.plus\/wp-content\/uploads\/2025\/04\/annualfund_dsc0805-2-1-1920x1280.jpg 1920w\" sizes=\"auto, (max-width: 450px) 100vw, 450px\" \/>                <\/div>\n                <div class=\"content_card_info\">\n                    <div class=\"content_card_title\">\n                        Hacer un Regalo                    <\/div>\n                    <div class=\"content_card_excerpt\">\n                                            <\/div>\n                <\/div>\n                <a href=\"https:\/\/hsa.merry.plus\/es\/support-us\/make-a-gift\/\" class=\"cta_button small accent\">\n                    Read\n                <\/a>\n            <\/article>\n            <\/div>\n    <\/div>\r\n","protected":false},"excerpt":{"rendered":"","protected":false},"author":1,"featured_media":1669,"parent":1416,"menu_order":0,"comment_status":"closed","ping_status":"closed","template":"","meta":{"_acf_changed":false,"footnotes":""},"class_list":["post-1423","page","type-page","status-publish","has-post-thumbnail","hentry"],"acf":[],"yoast_head":"<!-- This site is optimized with the Yoast SEO plugin v26.0 - https:\/\/yoast.com\/wordpress\/plugins\/seo\/ -->\n<title>Gala - Hispanic Society Museum and Library<\/title>\n<meta name=\"robots\" content=\"noindex, follow, max-snippet:-1, max-image-preview:large, max-video-preview:-1\" \/>\n<meta property=\"og:locale\" content=\"es_ES\" \/>\n<meta property=\"og:type\" content=\"article\" \/>\n<meta property=\"og:title\" content=\"Gala - Hispanic Society Museum and Library\" \/>\n<meta property=\"og:url\" content=\"https:\/\/hsa.merry.plus\/support-us\/gala\/\" \/>\n<meta property=\"og:site_name\" content=\"Hispanic Society Museum and Library\" \/>\n<meta property=\"article:publisher\" content=\"https:\/\/www.facebook.com\/hispanicsociety\" \/>\n<meta property=\"article:modified_time\" content=\"2025-05-15T10:21:20+00:00\" \/>\n<meta property=\"og:image\" content=\"https:\/\/hsa.merry.plus\/wp-content\/uploads\/2025\/05\/GalaHSA280-1200x800.jpg\" \/>\n\t<meta property=\"og:image:width\" content=\"1200\" \/>\n\t<meta property=\"og:image:height\" content=\"800\" \/>\n\t<meta property=\"og:image:type\" content=\"image\/jpeg\" \/>\n<meta name=\"twitter:card\" content=\"summary_large_image\" \/>\n<meta name=\"twitter:site\" content=\"@HSAmuseum\" \/>\n<script type=\"application\/ld+json\" class=\"yoast-schema-graph\">{\"@context\":\"https:\/\/schema.org\",\"@graph\":[{\"@type\":\"WebPage\",\"@id\":\"https:\/\/hsa.merry.plus\/support-us\/gala\/\",\"url\":\"https:\/\/hsa.merry.plus\/support-us\/gala\/\",\"name\":\"Gala - Hispanic Society Museum and Library\",\"isPartOf\":{\"@id\":\"https:\/\/hsa.merry.plus\/#website\"},\"primaryImageOfPage\":{\"@id\":\"https:\/\/hsa.merry.plus\/support-us\/gala\/#primaryimage\"},\"image\":{\"@id\":\"https:\/\/hsa.merry.plus\/support-us\/gala\/#primaryimage\"},\"thumbnailUrl\":\"https:\/\/hsa.merry.plus\/wp-content\/uploads\/2025\/05\/GalaHSA280.jpg\",\"datePublished\":\"2025-03-23T09:13:08+00:00\",\"dateModified\":\"2025-05-15T10:21:20+00:00\",\"breadcrumb\":{\"@id\":\"https:\/\/hsa.merry.plus\/support-us\/gala\/#breadcrumb\"},\"inLanguage\":\"es\",\"potentialAction\":[{\"@type\":\"ReadAction\",\"target\":[\"https:\/\/hsa.merry.plus\/support-us\/gala\/\"]}]},{\"@type\":\"ImageObject\",\"inLanguage\":\"es\",\"@id\":\"https:\/\/hsa.merry.plus\/support-us\/gala\/#primaryimage\",\"url\":\"https:\/\/hsa.merry.plus\/wp-content\/uploads\/2025\/05\/GalaHSA280.jpg\",\"contentUrl\":\"https:\/\/hsa.merry.plus\/wp-content\/uploads\/2025\/05\/GalaHSA280.jpg\",\"width\":8192,\"height\":5464},{\"@type\":\"BreadcrumbList\",\"@id\":\"https:\/\/hsa.merry.plus\/support-us\/gala\/#breadcrumb\",\"itemListElement\":[{\"@type\":\"ListItem\",\"position\":1,\"name\":\"Home\",\"item\":\"https:\/\/hsa.merry.plus\/\"},{\"@type\":\"ListItem\",\"position\":2,\"name\":\"Ap\u00f3yanos\",\"item\":\"https:\/\/hsa.merry.plus\/support-us\/\"},{\"@type\":\"ListItem\",\"position\":3,\"name\":\"Gala\"}]},{\"@type\":\"WebSite\",\"@id\":\"https:\/\/hsa.merry.plus\/#website\",\"url\":\"https:\/\/hsa.merry.plus\/\",\"name\":\"Hispanic Society Museum and Library\",\"description\":\"\",\"publisher\":{\"@id\":\"https:\/\/hsa.merry.plus\/#organization\"},\"potentialAction\":[{\"@type\":\"SearchAction\",\"target\":{\"@type\":\"EntryPoint\",\"urlTemplate\":\"https:\/\/hsa.merry.plus\/?s={search_term_string}\"},\"query-input\":{\"@type\":\"PropertyValueSpecification\",\"valueRequired\":true,\"valueName\":\"search_term_string\"}}],\"inLanguage\":\"es\"},{\"@type\":\"Organization\",\"@id\":\"https:\/\/hsa.merry.plus\/#organization\",\"name\":\"Hispanic Society Museum and Library\",\"url\":\"https:\/\/hsa.merry.plus\/\",\"logo\":{\"@type\":\"ImageObject\",\"inLanguage\":\"es\",\"@id\":\"https:\/\/hsa.merry.plus\/#\/schema\/logo\/image\/\",\"url\":\"https:\/\/hsa.merry.plus\/wp-content\/uploads\/2025\/03\/hsa-logo-01.webp\",\"contentUrl\":\"https:\/\/hsa.merry.plus\/wp-content\/uploads\/2025\/03\/hsa-logo-01.webp\",\"width\":273,\"height\":68,\"caption\":\"Hispanic Society Museum and Library\"},\"image\":{\"@id\":\"https:\/\/hsa.merry.plus\/#\/schema\/logo\/image\/\"},\"sameAs\":[\"https:\/\/www.facebook.com\/hispanicsociety\",\"https:\/\/x.com\/HSAmuseum\",\"https:\/\/www.instagram.com\/hispanic_society\/\",\"https:\/\/www.youtube.com\/channel\/UCuEmouWL8wEMm24C-ScZwGg\"]}]}<\/script>\n<!-- \/ Yoast SEO plugin. -->","yoast_head_json":{"title":"Gala - Hispanic Society Museum and Library","robots":{"index":"noindex","follow":"follow","max-snippet":"max-snippet:-1","max-image-preview":"max-image-preview:large","max-video-preview":"max-video-preview:-1"},"og_locale":"es_ES","og_type":"article","og_title":"Gala - Hispanic Society Museum and Library","og_url":"https:\/\/hsa.merry.plus\/support-us\/gala\/","og_site_name":"Hispanic Society Museum and Library","article_publisher":"https:\/\/www.facebook.com\/hispanicsociety","article_modified_time":"2025-05-15T10:21:20+00:00","og_image":[{"width":1200,"height":800,"url":"https:\/\/hsa.merry.plus\/wp-content\/uploads\/2025\/05\/GalaHSA280-1200x800.jpg","type":"image\/jpeg"}],"twitter_card":"summary_large_image","twitter_site":"@HSAmuseum","schema":{"@context":"https:\/\/schema.org","@graph":[{"@type":"WebPage","@id":"https:\/\/hsa.merry.plus\/support-us\/gala\/","url":"https:\/\/hsa.merry.plus\/support-us\/gala\/","name":"Gala - Hispanic Society Museum and Library","isPartOf":{"@id":"https:\/\/hsa.merry.plus\/#website"},"primaryImageOfPage":{"@id":"https:\/\/hsa.merry.plus\/support-us\/gala\/#primaryimage"},"image":{"@id":"https:\/\/hsa.merry.plus\/support-us\/gala\/#primaryimage"},"thumbnailUrl":"https:\/\/hsa.merry.plus\/wp-content\/uploads\/2025\/05\/GalaHSA280.jpg","datePublished":"2025-03-23T09:13:08+00:00","dateModified":"2025-05-15T10:21:20+00:00","breadcrumb":{"@id":"https:\/\/hsa.merry.plus\/support-us\/gala\/#breadcrumb"},"inLanguage":"es","potentialAction":[{"@type":"ReadAction","target":["https:\/\/hsa.merry.plus\/support-us\/gala\/"]}]},{"@type":"ImageObject","inLanguage":"es","@id":"https:\/\/hsa.merry.plus\/support-us\/gala\/#primaryimage","url":"https:\/\/hsa.merry.plus\/wp-content\/uploads\/2025\/05\/GalaHSA280.jpg","contentUrl":"https:\/\/hsa.merry.plus\/wp-content\/uploads\/2025\/05\/GalaHSA280.jpg","width":8192,"height":5464},{"@type":"BreadcrumbList","@id":"https:\/\/hsa.merry.plus\/support-us\/gala\/#breadcrumb","itemListElement":[{"@type":"ListItem","position":1,"name":"Home","item":"https:\/\/hsa.merry.plus\/"},{"@type":"ListItem","position":2,"name":"Ap\u00f3yanos","item":"https:\/\/hsa.merry.plus\/support-us\/"},{"@type":"ListItem","position":3,"name":"Gala"}]},{"@type":"WebSite","@id":"https:\/\/hsa.merry.plus\/#website","url":"https:\/\/hsa.merry.plus\/","name":"Hispanic Society Museum and Library","description":"","publisher":{"@id":"https:\/\/hsa.merry.plus\/#organization"},"potentialAction":[{"@type":"SearchAction","target":{"@type":"EntryPoint","urlTemplate":"https:\/\/hsa.merry.plus\/?s={search_term_string}"},"query-input":{"@type":"PropertyValueSpecification","valueRequired":true,"valueName":"search_term_string"}}],"inLanguage":"es"},{"@type":"Organization","@id":"https:\/\/hsa.merry.plus\/#organization","name":"Hispanic Society Museum and Library","url":"https:\/\/hsa.merry.plus\/","logo":{"@type":"ImageObject","inLanguage":"es","@id":"https:\/\/hsa.merry.plus\/#\/schema\/logo\/image\/","url":"https:\/\/hsa.merry.plus\/wp-content\/uploads\/2025\/03\/hsa-logo-01.webp","contentUrl":"https:\/\/hsa.merry.plus\/wp-content\/uploads\/2025\/03\/hsa-logo-01.webp","width":273,"height":68,"caption":"Hispanic Society Museum and Library"},"image":{"@id":"https:\/\/hsa.merry.plus\/#\/schema\/logo\/image\/"},"sameAs":["https:\/\/www.facebook.com\/hispanicsociety","https:\/\/x.com\/HSAmuseum","https:\/\/www.instagram.com\/hispanic_society\/","https:\/\/www.youtube.com\/channel\/UCuEmouWL8wEMm24C-ScZwGg"]}]}},"_links":{"self":[{"href":"https:\/\/hsa.merry.plus\/es\/wp-json\/wp\/v2\/pages\/1423","targetHints":{"allow":["GET"]}}],"collection":[{"href":"https:\/\/hsa.merry.plus\/es\/wp-json\/wp\/v2\/pages"}],"about":[{"href":"https:\/\/hsa.merry.plus\/es\/wp-json\/wp\/v2\/types\/page"}],"author":[{"embeddable":true,"href":"https:\/\/hsa.merry.plus\/es\/wp-json\/wp\/v2\/users\/1"}],"replies":[{"embeddable":true,"href":"https:\/\/hsa.merry.plus\/es\/wp-json\/wp\/v2\/comments?post=1423"}],"version-history":[{"count":2,"href":"https:\/\/hsa.merry.plus\/es\/wp-json\/wp\/v2\/pages\/1423\/revisions"}],"predecessor-version":[{"id":1673,"href":"https:\/\/hsa.merry.plus\/es\/wp-json\/wp\/v2\/pages\/1423\/revisions\/1673"}],"up":[{"embeddable":true,"href":"https:\/\/hsa.merry.plus\/es\/wp-json\/wp\/v2\/pages\/1416"}],"wp:featuredmedia":[{"embeddable":true,"href":"https:\/\/hsa.merry.plus\/es\/wp-json\/wp\/v2\/media\/1669"}],"wp:attachment":[{"href":"https:\/\/hsa.merry.plus\/es\/wp-json\/wp\/v2\/media?parent=1423"}],"curies":[{"name":"wp","href":"https:\/\/api.w.org\/{rel}","templated":true}]}}