{"id":1394,"date":"2025-03-23T09:10:46","date_gmt":"2025-03-23T09:10:46","guid":{"rendered":"https:\/\/hsa.merry.plus\/learn\/education-programs\/"},"modified":"2025-04-27T11:38:29","modified_gmt":"2025-04-27T11:38:29","slug":"education-programs","status":"publish","type":"page","link":"https:\/\/hsa.merry.plus\/es\/learn\/education-programs\/","title":{"rendered":"Educaci\u00f3n"},"content":{"rendered":"\r\n<div id=\"full-width-image-block_6a266afb55c4edbcac706faac0599af8\" class=\"block full-width-image height_half\">\r\n            <div class=\"image_container\">\r\n            <figure class=\"\">\r\n                <img loading=\"lazy\" decoding=\"async\" width=\"1920\" height=\"1371\" src=\"https:\/\/hsa.merry.plus\/wp-content\/uploads\/2025\/04\/education_cover2-1920x1371.jpg\" class=\"\" alt=\"\" srcset=\"https:\/\/hsa.merry.plus\/wp-content\/uploads\/2025\/04\/education_cover2-1920x1371.jpg 1920w, https:\/\/hsa.merry.plus\/wp-content\/uploads\/2025\/04\/education_cover2-450x321.jpg 450w, https:\/\/hsa.merry.plus\/wp-content\/uploads\/2025\/04\/education_cover2-1200x857.jpg 1200w, https:\/\/hsa.merry.plus\/wp-content\/uploads\/2025\/04\/education_cover2-768x548.jpg 768w, https:\/\/hsa.merry.plus\/wp-content\/uploads\/2025\/04\/education_cover2-1536x1097.jpg 1536w, https:\/\/hsa.merry.plus\/wp-content\/uploads\/2025\/04\/education_cover2-2048x1462.jpg 2048w\" sizes=\"auto, (max-width: 1920px) 100vw, 1920px\" \/>            <\/figure>\r\n                            <figcaption class=\"\">\r\n                    GALER\u00cdA VISI\u00d3N DE ESPA\u00d1A DE SOROLLA                <\/figcaption>\r\n                    <\/div>\r\n    <\/div>\r\n\n\n\r\n<div id=\"text-sections-block_f3ff0919c3843221fd6144cef75a29dc\" class=\"block text-sections\">\r\n            <div class=\"text-section site_width one_cols\">\r\n                            <h2 class=\"section_title\">\r\n                    Educaci\u00f3n                <\/h2>\r\n            \r\n                            <div class=\"text_content\">\r\n                    <h3><strong>Misi\u00f3n pedag\u00f3gica<\/strong><\/h3>\n<p>El Departamento de Educaci\u00f3n de la Hispanic Society utiliza nuestras colecciones como base para promover un compromiso serio con el arte, la literatura y la cultura del mundo hisp\u00e1nico a trav\u00e9s de una serie de programas concebidos para los distintos tipos de p\u00fablico local, nacional e internacional a los que se dirige. Cada a\u00f1o, tratamos de llegar a un p\u00fablico lo m\u00e1s amplio y variado posible a trav\u00e9s de programas y actividades did\u00e1cticas que promueven el compromiso est\u00e9tico e intelectual, estimulan la creatividad, y fomentan el conocimiento del arte y la literatura hisp\u00e1nicas en su contexto hist\u00f3rico, cultural y material. Todos nuestros programas educativos y p\u00fablicos est\u00e1n abiertos al p\u00fablico de forma gratuita.<\/p>\n<h3><strong>Museo en el aula<\/strong><\/h3>\n<p>Nuestros docentes visitar\u00e1n las escuelas para hablar sobre las colecciones del Museo y Biblioteca de la Hispanic Society. Los estudiantes\u00a0 aprender\u00e1n de arte, literatura y las culturas de Espa\u00f1a, Am\u00e9rica Latina y Portugal a trav\u00e9s de charlas, programas interactivos y actividades.<\/p>\n<p>Estas visitas se ofrecen los martes, jueves y viernes de 10:00 a.m. a 3:00 p.m. y se pueden realizar en ingl\u00e9s y espa\u00f1ol.<\/p>\n<p>Este programa gratuito es posible gracias al generoso apoyo de Marjorie y George Shea.<\/p>\n<p>Para reservar una visita, por favor manda un e-mail a <a href=\"mailto:education@hispanicsociety.org\">education@hispanicsociety.org<\/a><\/p>\n<h3><strong>Tama\u00f1o del Grupo<\/strong><\/h3>\n<p>Las visitas guiadas pueden tener un m\u00ednimo de diez y un m\u00e1ximo de 30 alumnos, y se requiere un acompa\u00f1ante por cada diez alumnos. El Museo se reserva el derecho de limitar el n\u00famero de acompa\u00f1antes adultos que participan en las visitas guiadas para grupos escolares.<\/p>\n<p>Las visitas guiadas escolares son gratuitas.<\/p>\n                <\/div>\r\n                    <\/div>\r\n    <\/div>\r\n\r\n\n\n\r\n<div id=\"related-content-block_f1ebf2d9218d44f59e5e3143b7054ea3\" class=\"block site_width related-content\">\r\n    <h3 class=\"related-content__heading\">Explora M\u00e1s<\/h3>    <div class=\"content_cards_grid\">\n                    <article class=\"single_content_card\">\n                <div class=\"content_thumbnail\">\n                    <img loading=\"lazy\" decoding=\"async\" width=\"450\" height=\"300\" src=\"https:\/\/hsa.merry.plus\/wp-content\/uploads\/2025\/05\/HSATerrace11-450x300.jpg\" class=\"attachment-medium size-medium wp-post-image\" alt=\"\" srcset=\"https:\/\/hsa.merry.plus\/wp-content\/uploads\/2025\/05\/HSATerrace11-450x300.jpg 450w, https:\/\/hsa.merry.plus\/wp-content\/uploads\/2025\/05\/HSATerrace11-1200x800.jpg 1200w, https:\/\/hsa.merry.plus\/wp-content\/uploads\/2025\/05\/HSATerrace11-768x512.jpg 768w, https:\/\/hsa.merry.plus\/wp-content\/uploads\/2025\/05\/HSATerrace11-1536x1025.jpg 1536w, https:\/\/hsa.merry.plus\/wp-content\/uploads\/2025\/05\/HSATerrace11-2048x1366.jpg 2048w, https:\/\/hsa.merry.plus\/wp-content\/uploads\/2025\/05\/HSATerrace11-1920x1281.jpg 1920w\" sizes=\"auto, (max-width: 450px) 100vw, 450px\" \/>                <\/div>\n                <div class=\"content_card_info\">\n                    <div class=\"content_card_title\">\n                        Oportunidades para Artistas                    <\/div>\n                    <div class=\"content_card_excerpt\">\n                                            <\/div>\n                <\/div>\n                <a href=\"https:\/\/hsa.merry.plus\/es\/learn\/opportunities-for-artists\/\" class=\"cta_button small accent\">\n                    Read\n                <\/a>\n            <\/article>\n                    <article class=\"single_content_card\">\n                <div class=\"content_thumbnail\">\n                    <img loading=\"lazy\" decoding=\"async\" width=\"450\" height=\"300\" src=\"https:\/\/hsa.merry.plus\/wp-content\/uploads\/2025\/05\/HSAOpeningEstrado5-450x300.jpg\" class=\"attachment-medium size-medium wp-post-image\" alt=\"\" srcset=\"https:\/\/hsa.merry.plus\/wp-content\/uploads\/2025\/05\/HSAOpeningEstrado5-450x300.jpg 450w, https:\/\/hsa.merry.plus\/wp-content\/uploads\/2025\/05\/HSAOpeningEstrado5-1200x800.jpg 1200w, https:\/\/hsa.merry.plus\/wp-content\/uploads\/2025\/05\/HSAOpeningEstrado5-768x512.jpg 768w, https:\/\/hsa.merry.plus\/wp-content\/uploads\/2025\/05\/HSAOpeningEstrado5-1536x1025.jpg 1536w, https:\/\/hsa.merry.plus\/wp-content\/uploads\/2025\/05\/HSAOpeningEstrado5-2048x1366.jpg 2048w, https:\/\/hsa.merry.plus\/wp-content\/uploads\/2025\/05\/HSAOpeningEstrado5-1920x1281.jpg 1920w\" sizes=\"auto, (max-width: 450px) 100vw, 450px\" \/>                <\/div>\n                <div class=\"content_card_info\">\n                    <div class=\"content_card_title\">\n                        Audiogu\u00edas                    <\/div>\n                    <div class=\"content_card_excerpt\">\n                                            <\/div>\n                <\/div>\n                <a href=\"https:\/\/hsa.merry.plus\/es\/learn\/audio-guides\/\" class=\"cta_button small accent\">\n                    Read\n                <\/a>\n            <\/article>\n                    <article class=\"single_content_card\">\n                <div class=\"content_thumbnail\">\n                    <img loading=\"lazy\" decoding=\"async\" width=\"450\" height=\"314\" src=\"https:\/\/hsa.merry.plus\/wp-content\/uploads\/2025\/04\/videos-internal-page-opening-1-450x314.jpg\" class=\"attachment-medium size-medium wp-post-image\" alt=\"\" srcset=\"https:\/\/hsa.merry.plus\/wp-content\/uploads\/2025\/04\/videos-internal-page-opening-1-450x314.jpg 450w, https:\/\/hsa.merry.plus\/wp-content\/uploads\/2025\/04\/videos-internal-page-opening-1-1200x838.jpg 1200w, https:\/\/hsa.merry.plus\/wp-content\/uploads\/2025\/04\/videos-internal-page-opening-1-768x536.jpg 768w, https:\/\/hsa.merry.plus\/wp-content\/uploads\/2025\/04\/videos-internal-page-opening-1-1536x1073.jpg 1536w, https:\/\/hsa.merry.plus\/wp-content\/uploads\/2025\/04\/videos-internal-page-opening-1-1920x1341.jpg 1920w, https:\/\/hsa.merry.plus\/wp-content\/uploads\/2025\/04\/videos-internal-page-opening-1.jpg 2000w\" sizes=\"auto, (max-width: 450px) 100vw, 450px\" \/>                <\/div>\n                <div class=\"content_card_info\">\n                    <div class=\"content_card_title\">\n                        Art\u00edculos y V\u00eddeos                    <\/div>\n                    <div class=\"content_card_excerpt\">\n                                            <\/div>\n                <\/div>\n                <a href=\"https:\/\/hsa.merry.plus\/es\/learn\/articles-and-videos\/\" class=\"cta_button small accent\">\n                    Read\n                <\/a>\n            <\/article>\n            <\/div>\n    <\/div>\r\n\n\n\n<p><\/p>\n","protected":false},"excerpt":{"rendered":"","protected":false},"author":1,"featured_media":826,"parent":1386,"menu_order":0,"comment_status":"closed","ping_status":"closed","template":"","meta":{"_acf_changed":false,"footnotes":""},"class_list":["post-1394","page","type-page","status-publish","has-post-thumbnail","hentry"],"acf":[],"yoast_head":"<!-- This site is optimized with the Yoast SEO plugin v26.0 - https:\/\/yoast.com\/wordpress\/plugins\/seo\/ -->\n<title>Educaci\u00f3n - Hispanic Society Museum and Library<\/title>\n<meta name=\"robots\" content=\"noindex, follow, max-snippet:-1, max-image-preview:large, max-video-preview:-1\" \/>\n<meta property=\"og:locale\" content=\"es_ES\" \/>\n<meta property=\"og:type\" content=\"article\" \/>\n<meta property=\"og:title\" content=\"Educaci\u00f3n - Hispanic Society Museum and Library\" \/>\n<meta property=\"og:url\" content=\"https:\/\/hsa.merry.plus\/learn\/education-programs\/\" \/>\n<meta property=\"og:site_name\" content=\"Hispanic Society Museum and Library\" \/>\n<meta property=\"article:publisher\" content=\"https:\/\/www.facebook.com\/hispanicsociety\" \/>\n<meta property=\"article:modified_time\" content=\"2025-04-27T11:38:29+00:00\" \/>\n<meta property=\"og:image\" content=\"https:\/\/hsa.merry.plus\/wp-content\/uploads\/2025\/04\/education_cover2.jpg\" \/>\n\t<meta property=\"og:image:width\" content=\"2200\" \/>\n\t<meta property=\"og:image:height\" content=\"1571\" \/>\n\t<meta property=\"og:image:type\" content=\"image\/jpeg\" \/>\n<meta name=\"twitter:card\" content=\"summary_large_image\" \/>\n<meta name=\"twitter:site\" content=\"@HSAmuseum\" \/>\n<script type=\"application\/ld+json\" class=\"yoast-schema-graph\">{\"@context\":\"https:\/\/schema.org\",\"@graph\":[{\"@type\":\"WebPage\",\"@id\":\"https:\/\/hsa.merry.plus\/learn\/education-programs\/\",\"url\":\"https:\/\/hsa.merry.plus\/learn\/education-programs\/\",\"name\":\"Educaci\u00f3n - Hispanic Society Museum and Library\",\"isPartOf\":{\"@id\":\"https:\/\/hsa.merry.plus\/#website\"},\"primaryImageOfPage\":{\"@id\":\"https:\/\/hsa.merry.plus\/learn\/education-programs\/#primaryimage\"},\"image\":{\"@id\":\"https:\/\/hsa.merry.plus\/learn\/education-programs\/#primaryimage\"},\"thumbnailUrl\":\"https:\/\/hsa.merry.plus\/wp-content\/uploads\/2025\/04\/education_cover2.jpg\",\"datePublished\":\"2025-03-23T09:10:46+00:00\",\"dateModified\":\"2025-04-27T11:38:29+00:00\",\"breadcrumb\":{\"@id\":\"https:\/\/hsa.merry.plus\/learn\/education-programs\/#breadcrumb\"},\"inLanguage\":\"es\",\"potentialAction\":[{\"@type\":\"ReadAction\",\"target\":[\"https:\/\/hsa.merry.plus\/learn\/education-programs\/\"]}]},{\"@type\":\"ImageObject\",\"inLanguage\":\"es\",\"@id\":\"https:\/\/hsa.merry.plus\/learn\/education-programs\/#primaryimage\",\"url\":\"https:\/\/hsa.merry.plus\/wp-content\/uploads\/2025\/04\/education_cover2.jpg\",\"contentUrl\":\"https:\/\/hsa.merry.plus\/wp-content\/uploads\/2025\/04\/education_cover2.jpg\",\"width\":2200,\"height\":1571},{\"@type\":\"BreadcrumbList\",\"@id\":\"https:\/\/hsa.merry.plus\/learn\/education-programs\/#breadcrumb\",\"itemListElement\":[{\"@type\":\"ListItem\",\"position\":1,\"name\":\"Home\",\"item\":\"https:\/\/hsa.merry.plus\/\"},{\"@type\":\"ListItem\",\"position\":2,\"name\":\"Aprender\",\"item\":\"https:\/\/hsa.merry.plus\/learn\/\"},{\"@type\":\"ListItem\",\"position\":3,\"name\":\"Educaci\u00f3n\"}]},{\"@type\":\"WebSite\",\"@id\":\"https:\/\/hsa.merry.plus\/#website\",\"url\":\"https:\/\/hsa.merry.plus\/\",\"name\":\"Hispanic Society Museum and Library\",\"description\":\"\",\"publisher\":{\"@id\":\"https:\/\/hsa.merry.plus\/#organization\"},\"potentialAction\":[{\"@type\":\"SearchAction\",\"target\":{\"@type\":\"EntryPoint\",\"urlTemplate\":\"https:\/\/hsa.merry.plus\/?s={search_term_string}\"},\"query-input\":{\"@type\":\"PropertyValueSpecification\",\"valueRequired\":true,\"valueName\":\"search_term_string\"}}],\"inLanguage\":\"es\"},{\"@type\":\"Organization\",\"@id\":\"https:\/\/hsa.merry.plus\/#organization\",\"name\":\"Hispanic Society Museum and Library\",\"url\":\"https:\/\/hsa.merry.plus\/\",\"logo\":{\"@type\":\"ImageObject\",\"inLanguage\":\"es\",\"@id\":\"https:\/\/hsa.merry.plus\/#\/schema\/logo\/image\/\",\"url\":\"https:\/\/hsa.merry.plus\/wp-content\/uploads\/2025\/03\/hsa-logo-01.webp\",\"contentUrl\":\"https:\/\/hsa.merry.plus\/wp-content\/uploads\/2025\/03\/hsa-logo-01.webp\",\"width\":273,\"height\":68,\"caption\":\"Hispanic Society Museum and Library\"},\"image\":{\"@id\":\"https:\/\/hsa.merry.plus\/#\/schema\/logo\/image\/\"},\"sameAs\":[\"https:\/\/www.facebook.com\/hispanicsociety\",\"https:\/\/x.com\/HSAmuseum\",\"https:\/\/www.instagram.com\/hispanic_society\/\",\"https:\/\/www.youtube.com\/channel\/UCuEmouWL8wEMm24C-ScZwGg\"]}]}<\/script>\n<!-- \/ Yoast SEO plugin. -->","yoast_head_json":{"title":"Educaci\u00f3n - Hispanic Society Museum and Library","robots":{"index":"noindex","follow":"follow","max-snippet":"max-snippet:-1","max-image-preview":"max-image-preview:large","max-video-preview":"max-video-preview:-1"},"og_locale":"es_ES","og_type":"article","og_title":"Educaci\u00f3n - Hispanic Society Museum and Library","og_url":"https:\/\/hsa.merry.plus\/learn\/education-programs\/","og_site_name":"Hispanic Society Museum and Library","article_publisher":"https:\/\/www.facebook.com\/hispanicsociety","article_modified_time":"2025-04-27T11:38:29+00:00","og_image":[{"width":2200,"height":1571,"url":"https:\/\/hsa.merry.plus\/wp-content\/uploads\/2025\/04\/education_cover2.jpg","type":"image\/jpeg"}],"twitter_card":"summary_large_image","twitter_site":"@HSAmuseum","schema":{"@context":"https:\/\/schema.org","@graph":[{"@type":"WebPage","@id":"https:\/\/hsa.merry.plus\/learn\/education-programs\/","url":"https:\/\/hsa.merry.plus\/learn\/education-programs\/","name":"Educaci\u00f3n - Hispanic Society Museum and Library","isPartOf":{"@id":"https:\/\/hsa.merry.plus\/#website"},"primaryImageOfPage":{"@id":"https:\/\/hsa.merry.plus\/learn\/education-programs\/#primaryimage"},"image":{"@id":"https:\/\/hsa.merry.plus\/learn\/education-programs\/#primaryimage"},"thumbnailUrl":"https:\/\/hsa.merry.plus\/wp-content\/uploads\/2025\/04\/education_cover2.jpg","datePublished":"2025-03-23T09:10:46+00:00","dateModified":"2025-04-27T11:38:29+00:00","breadcrumb":{"@id":"https:\/\/hsa.merry.plus\/learn\/education-programs\/#breadcrumb"},"inLanguage":"es","potentialAction":[{"@type":"ReadAction","target":["https:\/\/hsa.merry.plus\/learn\/education-programs\/"]}]},{"@type":"ImageObject","inLanguage":"es","@id":"https:\/\/hsa.merry.plus\/learn\/education-programs\/#primaryimage","url":"https:\/\/hsa.merry.plus\/wp-content\/uploads\/2025\/04\/education_cover2.jpg","contentUrl":"https:\/\/hsa.merry.plus\/wp-content\/uploads\/2025\/04\/education_cover2.jpg","width":2200,"height":1571},{"@type":"BreadcrumbList","@id":"https:\/\/hsa.merry.plus\/learn\/education-programs\/#breadcrumb","itemListElement":[{"@type":"ListItem","position":1,"name":"Home","item":"https:\/\/hsa.merry.plus\/"},{"@type":"ListItem","position":2,"name":"Aprender","item":"https:\/\/hsa.merry.plus\/learn\/"},{"@type":"ListItem","position":3,"name":"Educaci\u00f3n"}]},{"@type":"WebSite","@id":"https:\/\/hsa.merry.plus\/#website","url":"https:\/\/hsa.merry.plus\/","name":"Hispanic Society Museum and Library","description":"","publisher":{"@id":"https:\/\/hsa.merry.plus\/#organization"},"potentialAction":[{"@type":"SearchAction","target":{"@type":"EntryPoint","urlTemplate":"https:\/\/hsa.merry.plus\/?s={search_term_string}"},"query-input":{"@type":"PropertyValueSpecification","valueRequired":true,"valueName":"search_term_string"}}],"inLanguage":"es"},{"@type":"Organization","@id":"https:\/\/hsa.merry.plus\/#organization","name":"Hispanic Society Museum and Library","url":"https:\/\/hsa.merry.plus\/","logo":{"@type":"ImageObject","inLanguage":"es","@id":"https:\/\/hsa.merry.plus\/#\/schema\/logo\/image\/","url":"https:\/\/hsa.merry.plus\/wp-content\/uploads\/2025\/03\/hsa-logo-01.webp","contentUrl":"https:\/\/hsa.merry.plus\/wp-content\/uploads\/2025\/03\/hsa-logo-01.webp","width":273,"height":68,"caption":"Hispanic Society Museum and Library"},"image":{"@id":"https:\/\/hsa.merry.plus\/#\/schema\/logo\/image\/"},"sameAs":["https:\/\/www.facebook.com\/hispanicsociety","https:\/\/x.com\/HSAmuseum","https:\/\/www.instagram.com\/hispanic_society\/","https:\/\/www.youtube.com\/channel\/UCuEmouWL8wEMm24C-ScZwGg"]}]}},"_links":{"self":[{"href":"https:\/\/hsa.merry.plus\/es\/wp-json\/wp\/v2\/pages\/1394","targetHints":{"allow":["GET"]}}],"collection":[{"href":"https:\/\/hsa.merry.plus\/es\/wp-json\/wp\/v2\/pages"}],"about":[{"href":"https:\/\/hsa.merry.plus\/es\/wp-json\/wp\/v2\/types\/page"}],"author":[{"embeddable":true,"href":"https:\/\/hsa.merry.plus\/es\/wp-json\/wp\/v2\/users\/1"}],"replies":[{"embeddable":true,"href":"https:\/\/hsa.merry.plus\/es\/wp-json\/wp\/v2\/comments?post=1394"}],"version-history":[{"count":1,"href":"https:\/\/hsa.merry.plus\/es\/wp-json\/wp\/v2\/pages\/1394\/revisions"}],"predecessor-version":[{"id":1396,"href":"https:\/\/hsa.merry.plus\/es\/wp-json\/wp\/v2\/pages\/1394\/revisions\/1396"}],"up":[{"embeddable":true,"href":"https:\/\/hsa.merry.plus\/es\/wp-json\/wp\/v2\/pages\/1386"}],"wp:featuredmedia":[{"embeddable":true,"href":"https:\/\/hsa.merry.plus\/es\/wp-json\/wp\/v2\/media\/826"}],"wp:attachment":[{"href":"https:\/\/hsa.merry.plus\/es\/wp-json\/wp\/v2\/media?parent=1394"}],"curies":[{"name":"wp","href":"https:\/\/api.w.org\/{rel}","templated":true}]}}