{"id":1386,"date":"2025-03-04T11:52:39","date_gmt":"2025-03-04T11:52:39","guid":{"rendered":"https:\/\/hsa.merry.plus\/learn\/"},"modified":"2025-04-27T11:21:58","modified_gmt":"2025-04-27T11:21:58","slug":"learn","status":"publish","type":"page","link":"https:\/\/hsa.merry.plus\/es\/learn\/","title":{"rendered":"Aprender"},"content":{"rendered":"\r\n<div id=\"full-width-image-block_b4b4d6099c01e07336b45c7e33fe6c7a\" class=\"block full-width-image height_half\">\r\n            <div class=\"image_container\">\r\n            <figure class=\"\">\r\n                <img loading=\"lazy\" decoding=\"async\" width=\"1434\" height=\"771\" src=\"https:\/\/hsa.merry.plus\/wp-content\/uploads\/2025\/04\/clotildeleyendoelperiodicolastcroppedbanner.jpg\" class=\"\" alt=\"\" srcset=\"https:\/\/hsa.merry.plus\/wp-content\/uploads\/2025\/04\/clotildeleyendoelperiodicolastcroppedbanner.jpg 1434w, https:\/\/hsa.merry.plus\/wp-content\/uploads\/2025\/04\/clotildeleyendoelperiodicolastcroppedbanner-450x242.jpg 450w, https:\/\/hsa.merry.plus\/wp-content\/uploads\/2025\/04\/clotildeleyendoelperiodicolastcroppedbanner-1200x645.jpg 1200w, https:\/\/hsa.merry.plus\/wp-content\/uploads\/2025\/04\/clotildeleyendoelperiodicolastcroppedbanner-768x413.jpg 768w\" sizes=\"auto, (max-width: 1434px) 100vw, 1434px\" \/>            <\/figure>\r\n                            <figcaption class=\"\">\r\n                    Clotilde Leyendo el Diario, 1910 Joaqu\u00edn Sorolla                <\/figcaption>\r\n                    <\/div>\r\n    <\/div>\r\n\n\n\r\n<div id=\"fifty-fifty-block_b7f1ef203790dbb56ef93d385861710d\" class=\"block site_width related-content\">\r\n\r\n            \r\n        <div class=\"fifty_fifty_cards_grid\">\r\n            <article class=\"single_content_card image_left\">\r\n                <div class=\"content_thumbnail\">\r\n                    <img loading=\"lazy\" decoding=\"async\" width=\"450\" height=\"321\" src=\"https:\/\/hsa.merry.plus\/wp-content\/uploads\/2025\/04\/education_cover2-450x321.jpg\" class=\"attachment-medium size-medium\" alt=\"\" srcset=\"https:\/\/hsa.merry.plus\/wp-content\/uploads\/2025\/04\/education_cover2-450x321.jpg 450w, https:\/\/hsa.merry.plus\/wp-content\/uploads\/2025\/04\/education_cover2-1200x857.jpg 1200w, https:\/\/hsa.merry.plus\/wp-content\/uploads\/2025\/04\/education_cover2-768x548.jpg 768w, https:\/\/hsa.merry.plus\/wp-content\/uploads\/2025\/04\/education_cover2-1536x1097.jpg 1536w, https:\/\/hsa.merry.plus\/wp-content\/uploads\/2025\/04\/education_cover2-2048x1462.jpg 2048w, https:\/\/hsa.merry.plus\/wp-content\/uploads\/2025\/04\/education_cover2-1920x1371.jpg 1920w\" sizes=\"auto, (max-width: 450px) 100vw, 450px\" \/>                <\/div>\r\n                <div class=\"content_card_info\">\r\n                    <div class=\"content_card_excerpt\">\r\n                        <h2>Programas de Educaci\u00f3n<\/h2>\n<p>El Departamento de Educaci\u00f3n de la Hispanic Society utiliza nuestras colecciones como base para promover un compromiso serio con el arte, la literatura y la cultura del mundo hisp\u00e1nico a trav\u00e9s de una serie de programas concebidos para los distintos tipos de p\u00fablico local, nacional e internacional a los que se dirige.<\/p>\n                    <\/div>\r\n                                            <div class=\"content_card_ctas\">\r\n                                                            <a href=\"https:\/\/hsa.merry.plus\/learn\/education-programs\/\" class=\"cta_button small accent\">\r\n                                    Leer                                <\/a>\r\n                                                                                    <\/div>\r\n                        <\/div>\r\n                                    <\/div>\r\n            <\/article>\r\n        <\/div>\r\n\r\n    \r\n<\/div>\r\n\n\n\r\n<div id=\"fifty-fifty-block_f3a7c8dda0d465d2466adc66898e8344\" class=\"block site_width related-content\">\r\n\r\n            \r\n        <div class=\"fifty_fifty_cards_grid\">\r\n            <article class=\"single_content_card image_right\">\r\n                <div class=\"content_thumbnail\">\r\n                    <img loading=\"lazy\" decoding=\"async\" width=\"450\" height=\"314\" src=\"https:\/\/hsa.merry.plus\/wp-content\/uploads\/2025\/04\/videos-internal-page-opening-1-450x314.jpg\" class=\"attachment-medium size-medium\" alt=\"\" srcset=\"https:\/\/hsa.merry.plus\/wp-content\/uploads\/2025\/04\/videos-internal-page-opening-1-450x314.jpg 450w, https:\/\/hsa.merry.plus\/wp-content\/uploads\/2025\/04\/videos-internal-page-opening-1-1200x838.jpg 1200w, https:\/\/hsa.merry.plus\/wp-content\/uploads\/2025\/04\/videos-internal-page-opening-1-768x536.jpg 768w, https:\/\/hsa.merry.plus\/wp-content\/uploads\/2025\/04\/videos-internal-page-opening-1-1536x1073.jpg 1536w, https:\/\/hsa.merry.plus\/wp-content\/uploads\/2025\/04\/videos-internal-page-opening-1-1920x1341.jpg 1920w, https:\/\/hsa.merry.plus\/wp-content\/uploads\/2025\/04\/videos-internal-page-opening-1.jpg 2000w\" sizes=\"auto, (max-width: 450px) 100vw, 450px\" \/>                <\/div>\r\n                <div class=\"content_card_info\">\r\n                    <div class=\"content_card_excerpt\">\r\n                        <h2>Art\u00edculos y V\u00eddeos<\/h2>\n<p>Disfrute de los videos de nuestra exitosa exposici\u00f3n, Tesoros de la Hispanic Society, y conozca nuestra historia y obras ic\u00f3nicas.<\/p>\n<p>Para consultar nuestro \u00faltimo art\u00edculo de Declaraciones y Noticias, visite <a href=\"https:\/\/hispanicsociety.org\/press_room\/the-hispanic-society-in-the-news\/\">aqu\u00ed<\/a><\/p>\n                    <\/div>\r\n                                            <div class=\"content_card_ctas\">\r\n                                                            <a href=\"https:\/\/hsa.merry.plus\/learn\/articles-and-videos\/\" class=\"cta_button small accent\">\r\n                                    Leer                                <\/a>\r\n                                                                                    <\/div>\r\n                        <\/div>\r\n                                    <\/div>\r\n            <\/article>\r\n        <\/div>\r\n\r\n    \r\n<\/div>\r\n\n\n\r\n<div id=\"fifty-fifty-block_fc9427de0d385e3b5b7e80ec9a51fdb2\" class=\"block site_width related-content\">\r\n\r\n            \r\n        <div class=\"fifty_fifty_cards_grid\">\r\n            <article class=\"single_content_card image_left\">\r\n                <div class=\"content_thumbnail\">\r\n                    <img loading=\"lazy\" decoding=\"async\" width=\"450\" height=\"300\" src=\"https:\/\/hsa.merry.plus\/wp-content\/uploads\/2025\/04\/visitor_guidelines-450x300.jpg\" class=\"attachment-medium size-medium\" alt=\"\" srcset=\"https:\/\/hsa.merry.plus\/wp-content\/uploads\/2025\/04\/visitor_guidelines-450x300.jpg 450w, https:\/\/hsa.merry.plus\/wp-content\/uploads\/2025\/04\/visitor_guidelines-1200x800.jpg 1200w, https:\/\/hsa.merry.plus\/wp-content\/uploads\/2025\/04\/visitor_guidelines-768x512.jpg 768w, https:\/\/hsa.merry.plus\/wp-content\/uploads\/2025\/04\/visitor_guidelines-1536x1024.jpg 1536w, https:\/\/hsa.merry.plus\/wp-content\/uploads\/2025\/04\/visitor_guidelines-2048x1365.jpg 2048w, https:\/\/hsa.merry.plus\/wp-content\/uploads\/2025\/04\/visitor_guidelines-1920x1280.jpg 1920w\" sizes=\"auto, (max-width: 450px) 100vw, 450px\" \/>                <\/div>\r\n                <div class=\"content_card_info\">\r\n                    <div class=\"content_card_excerpt\">\r\n                        <h2>Audiogu\u00edas<\/h2>\n                    <\/div>\r\n                                            <div class=\"content_card_ctas\">\r\n                                                            <a href=\"https:\/\/hsa.merry.plus\/learn\/audio-guides\/\" class=\"cta_button small accent\">\r\n                                    Leer                                <\/a>\r\n                                                                                    <\/div>\r\n                        <\/div>\r\n                                    <\/div>\r\n            <\/article>\r\n        <\/div>\r\n\r\n    \r\n<\/div>\r\n\n\n\r\n<div id=\"fifty-fifty-block_1fb59dd2193540de3b37aae19f7550a3\" class=\"block site_width related-content\">\r\n\r\n            \r\n        <div class=\"fifty_fifty_cards_grid\">\r\n            <article class=\"single_content_card image_right\">\r\n                <div class=\"content_thumbnail\">\r\n                    <img loading=\"lazy\" decoding=\"async\" width=\"376\" height=\"450\" src=\"https:\/\/hsa.merry.plus\/wp-content\/uploads\/2025\/04\/twentieth-contemporary-art_la326-376x450.jpg\" class=\"attachment-medium size-medium\" alt=\"\" srcset=\"https:\/\/hsa.merry.plus\/wp-content\/uploads\/2025\/04\/twentieth-contemporary-art_la326-376x450.jpg 376w, https:\/\/hsa.merry.plus\/wp-content\/uploads\/2025\/04\/twentieth-contemporary-art_la326-1002x1200.jpg 1002w, https:\/\/hsa.merry.plus\/wp-content\/uploads\/2025\/04\/twentieth-contemporary-art_la326-768x920.jpg 768w, https:\/\/hsa.merry.plus\/wp-content\/uploads\/2025\/04\/twentieth-contemporary-art_la326-1283x1536.jpg 1283w, https:\/\/hsa.merry.plus\/wp-content\/uploads\/2025\/04\/twentieth-contemporary-art_la326.jpg 1670w\" sizes=\"auto, (max-width: 376px) 100vw, 376px\" \/>                <\/div>\r\n                <div class=\"content_card_info\">\r\n                    <div class=\"content_card_excerpt\">\r\n                        <h2>Oportunidades para Artistas<\/h2>\n                    <\/div>\r\n                                            <div class=\"content_card_ctas\">\r\n                                                            <a href=\"https:\/\/hsa.merry.plus\/learn\/opportunities-for-artists\/\" class=\"cta_button small accent\">\r\n                                    Leer                                <\/a>\r\n                                                                                    <\/div>\r\n                        <\/div>\r\n                                    <\/div>\r\n            <\/article>\r\n        <\/div>\r\n\r\n    \r\n<\/div>\r\n\n\n\r\n<div id=\"fifty-fifty-block_21913c23d1342b8c21f15dc3de51eb83\" class=\"block site_width related-content\">\r\n\r\n            \r\n        <div class=\"fifty_fifty_cards_grid\">\r\n            <article class=\"single_content_card image_left\">\r\n                <div class=\"content_thumbnail\">\r\n                    <img loading=\"lazy\" decoding=\"async\" width=\"450\" height=\"337\" src=\"https:\/\/hsa.merry.plus\/wp-content\/uploads\/2025\/04\/Dragoon_Sketch-450x337.jpg\" class=\"attachment-medium size-medium\" alt=\"\" srcset=\"https:\/\/hsa.merry.plus\/wp-content\/uploads\/2025\/04\/Dragoon_Sketch-450x337.jpg 450w, https:\/\/hsa.merry.plus\/wp-content\/uploads\/2025\/04\/Dragoon_Sketch-768x575.jpg 768w, https:\/\/hsa.merry.plus\/wp-content\/uploads\/2025\/04\/Dragoon_Sketch.jpg 1200w\" sizes=\"auto, (max-width: 450px) 100vw, 450px\" \/>                <\/div>\r\n                <div class=\"content_card_info\">\r\n                    <div class=\"content_card_excerpt\">\r\n                        <h2>Centro Goya<\/h2>\n<p>El Centro Goya es una nueva iniciativa del Museo y Biblioteca de la Hispanic Society que re\u00fane a acad\u00e9micos, curadores y conservadores para estudiar y promover la obra de Francisco de Goya. Bajo la direcci\u00f3n del Dr. Patrick Lenaghan, Curador de Escultura, Grabado y Fotograf\u00eda de la Hispanic Society, el Centro Goya lleva a cabo diversos proyectos, entre ellos un simposio anual, un ambicioso proyecto de digitalizaci\u00f3n y un din\u00e1mico blog, con el objetivo de acercar la obra del maestro espa\u00f1ol a nuevos p\u00fablicos.<\/p>\n                    <\/div>\r\n                                            <div class=\"content_card_ctas\">\r\n                                                            <a href=\"https:\/\/hsa.merry.plus\/learn\/goya-research-center\/\" class=\"cta_button small accent\">\r\n                                    Leer                                <\/a>\r\n                                                                                    <\/div>\r\n                        <\/div>\r\n                                    <\/div>\r\n            <\/article>\r\n        <\/div>\r\n\r\n    \r\n<\/div>\r\n\n\n\r\n<div id=\"related-content-block_4d1190b4d2e4f61747e7334f639544b6\" class=\"block site_width related-content\">\r\n    <h3 class=\"related-content__heading\">Explorar M\u00e1s<\/h3>    <div class=\"content_cards_grid\">\n                    <article class=\"single_content_card\">\n                <div class=\"content_thumbnail\">\n                    <img loading=\"lazy\" decoding=\"async\" width=\"450\" height=\"325\" src=\"https:\/\/hsa.merry.plus\/wp-content\/uploads\/2025\/04\/a2137-copy-scaled-1-450x325.jpg\" class=\"attachment-medium size-medium wp-post-image\" alt=\"\" srcset=\"https:\/\/hsa.merry.plus\/wp-content\/uploads\/2025\/04\/a2137-copy-scaled-1-450x325.jpg 450w, https:\/\/hsa.merry.plus\/wp-content\/uploads\/2025\/04\/a2137-copy-scaled-1-1200x867.jpg 1200w, https:\/\/hsa.merry.plus\/wp-content\/uploads\/2025\/04\/a2137-copy-scaled-1-768x555.jpg 768w, https:\/\/hsa.merry.plus\/wp-content\/uploads\/2025\/04\/a2137-copy-scaled-1-1536x1110.jpg 1536w, https:\/\/hsa.merry.plus\/wp-content\/uploads\/2025\/04\/a2137-copy-scaled-1-2048x1480.jpg 2048w, https:\/\/hsa.merry.plus\/wp-content\/uploads\/2025\/04\/a2137-copy-scaled-1-1920x1388.jpg 1920w\" sizes=\"auto, (max-width: 450px) 100vw, 450px\" \/>                <\/div>\n                <div class=\"content_card_info\">\n                    <div class=\"content_card_title\">\n                        Visita                    <\/div>\n                    <div class=\"content_card_excerpt\">\n                                            <\/div>\n                <\/div>\n                <a href=\"https:\/\/hsa.merry.plus\/es\/visit\/\" class=\"cta_button small accent\">\n                    Read\n                <\/a>\n            <\/article>\n                    <article class=\"single_content_card\">\n                <div class=\"content_thumbnail\">\n                    <img loading=\"lazy\" decoding=\"async\" width=\"450\" height=\"270\" src=\"https:\/\/hsa.merry.plus\/wp-content\/uploads\/2025\/04\/a58_sorolla_beaching-the-boat-450x270.jpg\" class=\"attachment-medium size-medium wp-post-image\" alt=\"\" srcset=\"https:\/\/hsa.merry.plus\/wp-content\/uploads\/2025\/04\/a58_sorolla_beaching-the-boat-450x270.jpg 450w, https:\/\/hsa.merry.plus\/wp-content\/uploads\/2025\/04\/a58_sorolla_beaching-the-boat.jpg 600w\" sizes=\"auto, (max-width: 450px) 100vw, 450px\" \/>                <\/div>\n                <div class=\"content_card_info\">\n                    <div class=\"content_card_title\">\n                        Ap\u00f3yanos                    <\/div>\n                    <div class=\"content_card_excerpt\">\n                                            <\/div>\n                <\/div>\n                <a href=\"https:\/\/hsa.merry.plus\/es\/support-us\/\" class=\"cta_button small accent\">\n                    Read\n                <\/a>\n            <\/article>\n                    <article class=\"single_content_card\">\n                <div class=\"content_thumbnail\">\n                    <img loading=\"lazy\" decoding=\"async\" width=\"450\" height=\"358\" src=\"https:\/\/hsa.merry.plus\/wp-content\/uploads\/2025\/04\/sorolla-vision-of-spain-gallery-2-copy-450x358.jpg\" class=\"attachment-medium size-medium wp-post-image\" alt=\"\" srcset=\"https:\/\/hsa.merry.plus\/wp-content\/uploads\/2025\/04\/sorolla-vision-of-spain-gallery-2-copy-450x358.jpg 450w, https:\/\/hsa.merry.plus\/wp-content\/uploads\/2025\/04\/sorolla-vision-of-spain-gallery-2-copy-1200x953.jpg 1200w, https:\/\/hsa.merry.plus\/wp-content\/uploads\/2025\/04\/sorolla-vision-of-spain-gallery-2-copy-768x610.jpg 768w, https:\/\/hsa.merry.plus\/wp-content\/uploads\/2025\/04\/sorolla-vision-of-spain-gallery-2-copy-1536x1220.jpg 1536w, https:\/\/hsa.merry.plus\/wp-content\/uploads\/2025\/04\/sorolla-vision-of-spain-gallery-2-copy-1920x1525.jpg 1920w, https:\/\/hsa.merry.plus\/wp-content\/uploads\/2025\/04\/sorolla-vision-of-spain-gallery-2-copy.jpg 2000w\" sizes=\"auto, (max-width: 450px) 100vw, 450px\" \/>                <\/div>\n                <div class=\"content_card_info\">\n                    <div class=\"content_card_title\">\n                        Inicio                    <\/div>\n                    <div class=\"content_card_excerpt\">\n                                            <\/div>\n                <\/div>\n                <a href=\"https:\/\/hsa.merry.plus\/es\/\" class=\"cta_button small accent\">\n                    Read\n                <\/a>\n            <\/article>\n                    <article class=\"single_content_card\">\n                <div class=\"content_thumbnail\">\n                    <img loading=\"lazy\" decoding=\"async\" width=\"338\" height=\"450\" src=\"https:\/\/hsa.merry.plus\/wp-content\/uploads\/2025\/04\/Sugar_Hill-338x450.jpg\" class=\"attachment-medium size-medium wp-post-image\" alt=\"\" srcset=\"https:\/\/hsa.merry.plus\/wp-content\/uploads\/2025\/04\/Sugar_Hill-338x450.jpg 338w, https:\/\/hsa.merry.plus\/wp-content\/uploads\/2025\/04\/Sugar_Hill-900x1200.jpg 900w, https:\/\/hsa.merry.plus\/wp-content\/uploads\/2025\/04\/Sugar_Hill-768x1024.jpg 768w, https:\/\/hsa.merry.plus\/wp-content\/uploads\/2025\/04\/Sugar_Hill-1152x1536.jpg 1152w, https:\/\/hsa.merry.plus\/wp-content\/uploads\/2025\/04\/Sugar_Hill.jpg 1500w\" sizes=\"auto, (max-width: 338px) 100vw, 338px\" \/>                <\/div>\n                <div class=\"content_card_info\">\n                    <div class=\"content_card_title\">\n                        Helader\u00eda Sugar Hill                    <\/div>\n                    <div class=\"content_card_excerpt\">\n                                            <\/div>\n                <\/div>\n                <a href=\"https:\/\/hsa.merry.plus\/es\/sugar-hill-creamery\/\" class=\"cta_button small accent\">\n                    Read\n                <\/a>\n            <\/article>\n            <\/div>\n    <\/div>\r\n","protected":false},"excerpt":{"rendered":"","protected":false},"author":1,"featured_media":1199,"parent":0,"menu_order":0,"comment_status":"closed","ping_status":"closed","template":"","meta":{"_acf_changed":false,"footnotes":""},"class_list":["post-1386","page","type-page","status-publish","has-post-thumbnail","hentry"],"acf":[],"yoast_head":"<!-- This site is optimized with the Yoast SEO plugin v26.0 - https:\/\/yoast.com\/wordpress\/plugins\/seo\/ -->\n<title>Aprender - Hispanic Society Museum and Library<\/title>\n<meta name=\"robots\" content=\"noindex, follow, max-snippet:-1, max-image-preview:large, max-video-preview:-1\" \/>\n<meta property=\"og:locale\" content=\"es_ES\" \/>\n<meta property=\"og:type\" content=\"article\" \/>\n<meta property=\"og:title\" content=\"Aprender - Hispanic Society Museum and Library\" \/>\n<meta property=\"og:url\" content=\"https:\/\/hsa.merry.plus\/learn\/\" \/>\n<meta property=\"og:site_name\" content=\"Hispanic Society Museum and Library\" \/>\n<meta property=\"article:publisher\" content=\"https:\/\/www.facebook.com\/hispanicsociety\" \/>\n<meta property=\"article:modified_time\" content=\"2025-04-27T11:21:58+00:00\" \/>\n<meta property=\"og:image\" content=\"https:\/\/hsa.merry.plus\/wp-content\/uploads\/2025\/04\/clotildeleyendoelperiodicolastcroppedbanner.jpg\" \/>\n\t<meta property=\"og:image:width\" content=\"1434\" \/>\n\t<meta property=\"og:image:height\" content=\"771\" \/>\n\t<meta property=\"og:image:type\" content=\"image\/jpeg\" \/>\n<meta name=\"twitter:card\" content=\"summary_large_image\" \/>\n<meta name=\"twitter:site\" content=\"@HSAmuseum\" \/>\n<script type=\"application\/ld+json\" class=\"yoast-schema-graph\">{\"@context\":\"https:\/\/schema.org\",\"@graph\":[{\"@type\":\"WebPage\",\"@id\":\"https:\/\/hsa.merry.plus\/learn\/\",\"url\":\"https:\/\/hsa.merry.plus\/learn\/\",\"name\":\"Aprender - Hispanic Society Museum and Library\",\"isPartOf\":{\"@id\":\"https:\/\/hsa.merry.plus\/#website\"},\"primaryImageOfPage\":{\"@id\":\"https:\/\/hsa.merry.plus\/learn\/#primaryimage\"},\"image\":{\"@id\":\"https:\/\/hsa.merry.plus\/learn\/#primaryimage\"},\"thumbnailUrl\":\"https:\/\/hsa.merry.plus\/wp-content\/uploads\/2025\/04\/clotildeleyendoelperiodicolastcroppedbanner.jpg\",\"datePublished\":\"2025-03-04T11:52:39+00:00\",\"dateModified\":\"2025-04-27T11:21:58+00:00\",\"breadcrumb\":{\"@id\":\"https:\/\/hsa.merry.plus\/learn\/#breadcrumb\"},\"inLanguage\":\"es\",\"potentialAction\":[{\"@type\":\"ReadAction\",\"target\":[\"https:\/\/hsa.merry.plus\/learn\/\"]}]},{\"@type\":\"ImageObject\",\"inLanguage\":\"es\",\"@id\":\"https:\/\/hsa.merry.plus\/learn\/#primaryimage\",\"url\":\"https:\/\/hsa.merry.plus\/wp-content\/uploads\/2025\/04\/clotildeleyendoelperiodicolastcroppedbanner.jpg\",\"contentUrl\":\"https:\/\/hsa.merry.plus\/wp-content\/uploads\/2025\/04\/clotildeleyendoelperiodicolastcroppedbanner.jpg\",\"width\":1434,\"height\":771},{\"@type\":\"BreadcrumbList\",\"@id\":\"https:\/\/hsa.merry.plus\/learn\/#breadcrumb\",\"itemListElement\":[{\"@type\":\"ListItem\",\"position\":1,\"name\":\"Home\",\"item\":\"https:\/\/hsa.merry.plus\/\"},{\"@type\":\"ListItem\",\"position\":2,\"name\":\"Aprender\"}]},{\"@type\":\"WebSite\",\"@id\":\"https:\/\/hsa.merry.plus\/#website\",\"url\":\"https:\/\/hsa.merry.plus\/\",\"name\":\"Hispanic Society Museum and Library\",\"description\":\"\",\"publisher\":{\"@id\":\"https:\/\/hsa.merry.plus\/#organization\"},\"potentialAction\":[{\"@type\":\"SearchAction\",\"target\":{\"@type\":\"EntryPoint\",\"urlTemplate\":\"https:\/\/hsa.merry.plus\/?s={search_term_string}\"},\"query-input\":{\"@type\":\"PropertyValueSpecification\",\"valueRequired\":true,\"valueName\":\"search_term_string\"}}],\"inLanguage\":\"es\"},{\"@type\":\"Organization\",\"@id\":\"https:\/\/hsa.merry.plus\/#organization\",\"name\":\"Hispanic Society Museum and Library\",\"url\":\"https:\/\/hsa.merry.plus\/\",\"logo\":{\"@type\":\"ImageObject\",\"inLanguage\":\"es\",\"@id\":\"https:\/\/hsa.merry.plus\/#\/schema\/logo\/image\/\",\"url\":\"https:\/\/hsa.merry.plus\/wp-content\/uploads\/2025\/03\/hsa-logo-01.webp\",\"contentUrl\":\"https:\/\/hsa.merry.plus\/wp-content\/uploads\/2025\/03\/hsa-logo-01.webp\",\"width\":273,\"height\":68,\"caption\":\"Hispanic Society Museum and Library\"},\"image\":{\"@id\":\"https:\/\/hsa.merry.plus\/#\/schema\/logo\/image\/\"},\"sameAs\":[\"https:\/\/www.facebook.com\/hispanicsociety\",\"https:\/\/x.com\/HSAmuseum\",\"https:\/\/www.instagram.com\/hispanic_society\/\",\"https:\/\/www.youtube.com\/channel\/UCuEmouWL8wEMm24C-ScZwGg\"]}]}<\/script>\n<!-- \/ Yoast SEO plugin. -->","yoast_head_json":{"title":"Aprender - Hispanic Society Museum and Library","robots":{"index":"noindex","follow":"follow","max-snippet":"max-snippet:-1","max-image-preview":"max-image-preview:large","max-video-preview":"max-video-preview:-1"},"og_locale":"es_ES","og_type":"article","og_title":"Aprender - Hispanic Society Museum and Library","og_url":"https:\/\/hsa.merry.plus\/learn\/","og_site_name":"Hispanic Society Museum and Library","article_publisher":"https:\/\/www.facebook.com\/hispanicsociety","article_modified_time":"2025-04-27T11:21:58+00:00","og_image":[{"width":1434,"height":771,"url":"https:\/\/hsa.merry.plus\/wp-content\/uploads\/2025\/04\/clotildeleyendoelperiodicolastcroppedbanner.jpg","type":"image\/jpeg"}],"twitter_card":"summary_large_image","twitter_site":"@HSAmuseum","schema":{"@context":"https:\/\/schema.org","@graph":[{"@type":"WebPage","@id":"https:\/\/hsa.merry.plus\/learn\/","url":"https:\/\/hsa.merry.plus\/learn\/","name":"Aprender - Hispanic Society Museum and Library","isPartOf":{"@id":"https:\/\/hsa.merry.plus\/#website"},"primaryImageOfPage":{"@id":"https:\/\/hsa.merry.plus\/learn\/#primaryimage"},"image":{"@id":"https:\/\/hsa.merry.plus\/learn\/#primaryimage"},"thumbnailUrl":"https:\/\/hsa.merry.plus\/wp-content\/uploads\/2025\/04\/clotildeleyendoelperiodicolastcroppedbanner.jpg","datePublished":"2025-03-04T11:52:39+00:00","dateModified":"2025-04-27T11:21:58+00:00","breadcrumb":{"@id":"https:\/\/hsa.merry.plus\/learn\/#breadcrumb"},"inLanguage":"es","potentialAction":[{"@type":"ReadAction","target":["https:\/\/hsa.merry.plus\/learn\/"]}]},{"@type":"ImageObject","inLanguage":"es","@id":"https:\/\/hsa.merry.plus\/learn\/#primaryimage","url":"https:\/\/hsa.merry.plus\/wp-content\/uploads\/2025\/04\/clotildeleyendoelperiodicolastcroppedbanner.jpg","contentUrl":"https:\/\/hsa.merry.plus\/wp-content\/uploads\/2025\/04\/clotildeleyendoelperiodicolastcroppedbanner.jpg","width":1434,"height":771},{"@type":"BreadcrumbList","@id":"https:\/\/hsa.merry.plus\/learn\/#breadcrumb","itemListElement":[{"@type":"ListItem","position":1,"name":"Home","item":"https:\/\/hsa.merry.plus\/"},{"@type":"ListItem","position":2,"name":"Aprender"}]},{"@type":"WebSite","@id":"https:\/\/hsa.merry.plus\/#website","url":"https:\/\/hsa.merry.plus\/","name":"Hispanic Society Museum and Library","description":"","publisher":{"@id":"https:\/\/hsa.merry.plus\/#organization"},"potentialAction":[{"@type":"SearchAction","target":{"@type":"EntryPoint","urlTemplate":"https:\/\/hsa.merry.plus\/?s={search_term_string}"},"query-input":{"@type":"PropertyValueSpecification","valueRequired":true,"valueName":"search_term_string"}}],"inLanguage":"es"},{"@type":"Organization","@id":"https:\/\/hsa.merry.plus\/#organization","name":"Hispanic Society Museum and Library","url":"https:\/\/hsa.merry.plus\/","logo":{"@type":"ImageObject","inLanguage":"es","@id":"https:\/\/hsa.merry.plus\/#\/schema\/logo\/image\/","url":"https:\/\/hsa.merry.plus\/wp-content\/uploads\/2025\/03\/hsa-logo-01.webp","contentUrl":"https:\/\/hsa.merry.plus\/wp-content\/uploads\/2025\/03\/hsa-logo-01.webp","width":273,"height":68,"caption":"Hispanic Society Museum and Library"},"image":{"@id":"https:\/\/hsa.merry.plus\/#\/schema\/logo\/image\/"},"sameAs":["https:\/\/www.facebook.com\/hispanicsociety","https:\/\/x.com\/HSAmuseum","https:\/\/www.instagram.com\/hispanic_society\/","https:\/\/www.youtube.com\/channel\/UCuEmouWL8wEMm24C-ScZwGg"]}]}},"_links":{"self":[{"href":"https:\/\/hsa.merry.plus\/es\/wp-json\/wp\/v2\/pages\/1386","targetHints":{"allow":["GET"]}}],"collection":[{"href":"https:\/\/hsa.merry.plus\/es\/wp-json\/wp\/v2\/pages"}],"about":[{"href":"https:\/\/hsa.merry.plus\/es\/wp-json\/wp\/v2\/types\/page"}],"author":[{"embeddable":true,"href":"https:\/\/hsa.merry.plus\/es\/wp-json\/wp\/v2\/users\/1"}],"replies":[{"embeddable":true,"href":"https:\/\/hsa.merry.plus\/es\/wp-json\/wp\/v2\/comments?post=1386"}],"version-history":[{"count":1,"href":"https:\/\/hsa.merry.plus\/es\/wp-json\/wp\/v2\/pages\/1386\/revisions"}],"predecessor-version":[{"id":1388,"href":"https:\/\/hsa.merry.plus\/es\/wp-json\/wp\/v2\/pages\/1386\/revisions\/1388"}],"wp:featuredmedia":[{"embeddable":true,"href":"https:\/\/hsa.merry.plus\/es\/wp-json\/wp\/v2\/media\/1199"}],"wp:attachment":[{"href":"https:\/\/hsa.merry.plus\/es\/wp-json\/wp\/v2\/media?parent=1386"}],"curies":[{"name":"wp","href":"https:\/\/api.w.org\/{rel}","templated":true}]}}