{"id":1371,"date":"2025-03-04T11:52:17","date_gmt":"2025-03-04T11:52:17","guid":{"rendered":"https:\/\/hsa.merry.plus\/collections\/"},"modified":"2025-04-27T14:38:44","modified_gmt":"2025-04-27T14:38:44","slug":"collections","status":"publish","type":"page","link":"https:\/\/hsa.merry.plus\/es\/collections\/","title":{"rendered":"Colecciones"},"content":{"rendered":"\r\n<div id=\"full-width-image-block_cd4bd93d389584bd18dadcc1ff8b5f3a\" class=\"block full-width-image height_half\">\r\n            <div class=\"image_container\">\r\n            <figure class=\"\">\r\n                <img loading=\"lazy\" decoding=\"async\" width=\"1090\" height=\"508\" src=\"https:\/\/hsa.merry.plus\/wp-content\/uploads\/2025\/04\/9_subiendo-una-colina-ascending-hill_a303-min.jpg\" class=\"\" alt=\"\" srcset=\"https:\/\/hsa.merry.plus\/wp-content\/uploads\/2025\/04\/9_subiendo-una-colina-ascending-hill_a303-min.jpg 1090w, https:\/\/hsa.merry.plus\/wp-content\/uploads\/2025\/04\/9_subiendo-una-colina-ascending-hill_a303-min-450x210.jpg 450w, https:\/\/hsa.merry.plus\/wp-content\/uploads\/2025\/04\/9_subiendo-una-colina-ascending-hill_a303-min-768x358.jpg 768w\" sizes=\"auto, (max-width: 1090px) 100vw, 1090px\" \/>            <\/figure>\r\n                            <figcaption class=\"\">\r\n                    \u00c1rabes subiendo una colina, ca. 1862-1863 Mariano Fortuny y Marsal                <\/figcaption>\r\n                    <\/div>\r\n    <\/div>\r\n\n\n\r\n<div id=\"text-sections-block_c6b7d598e5307c2673b9ae83002d0312\" class=\"block text-sections\">\r\n            <div class=\"text-section site_width one_cols\">\r\n                            <h2 class=\"section_title\">\r\n                    Colecciones                <\/h2>\r\n            \r\n                            <div class=\"text_content\">\r\n                    <p>El Museo y la Biblioteca constituyen la colecci\u00f3n m\u00e1s extensa de arte y literatura hisp\u00e1nica fuera de Espa\u00f1a y Latinoam\u00e9rica. La fascinaci\u00f3n de Archer Huntington por la cultura espa\u00f1ola comenz\u00f3 a los doce a\u00f1os; a los catorce, comenz\u00f3 a estudiar espa\u00f1ol; y a los diecinueve, revel\u00f3 su aspiraci\u00f3n de fundar un \u00abMuseo Espa\u00f1ol\u00bb. A medida que crec\u00eda su entusiasmo, Huntington se comprometi\u00f3 cada vez m\u00e1s con la creaci\u00f3n de una instituci\u00f3n que abarcara todas las facetas de la cultura hisp\u00e1nica. Con este objetivo, Huntington comenz\u00f3 su colecci\u00f3n con libros raros y manuscritos espa\u00f1oles; luego, con artes decorativas; y luego con pinturas y esculturas, todas las cuales ahora llenan las galer\u00edas de la Hispanic Society of America.<\/p>\n<p>Huntington ces\u00f3 la mayor parte de su actividad como coleccionista en la d\u00e9cada de 1930, aunque las colecciones de la Hispanic Society continuaron benefici\u00e1ndose en las d\u00e9cadas siguientes de numerosas donaciones y legados. Tras su fallecimiento en 1955, el resto de su colecci\u00f3n personal ingres\u00f3 en las colecciones del Museo y la Biblioteca. No fue hasta la d\u00e9cada de 1970 que el Museo comenz\u00f3 a ampliar las colecciones mediante compras. Hoy en d\u00eda, el Museo y Biblioteca de la Hispanic Society contin\u00faa con el legado de Huntington mediante un activo programa de adquisiciones.<\/p>\n<p>El Departamento de Museos de la Hispanic Society contiene m\u00e1s de 18.000 obras de pr\u00e1cticamente todos los medios, incluyendo pinturas, dibujos, esculturas, artes decorativas y artes pr\u00e1cticas, que datan desde el Paleol\u00edtico hasta el siglo XX. Objetos de la Iberia prehist\u00f3rica, antigua y medieval; Espa\u00f1a y Portugal; la Latinoam\u00e9rica hispanohablante y portuguesa; la Goa portuguesa en la India; y Filipinas ocupan un lugar destacado en la colecci\u00f3n.<\/p>\n                <\/div>\r\n                    <\/div>\r\n    <\/div>\r\n\r\n\n\n\r\n<div id=\"fifty-fifty-block_a3c313b5c85f88bfb377a4b4af07c07e\" class=\"block site_width related-content\">\r\n\r\n            \r\n        <div class=\"fifty_fifty_cards_grid\">\r\n            <article class=\"single_content_card image_left\">\r\n                <div class=\"content_thumbnail\">\r\n                    <img loading=\"lazy\" decoding=\"async\" width=\"450\" height=\"233\" src=\"https:\/\/hsa.merry.plus\/wp-content\/uploads\/2025\/04\/horizontal2-450x233.jpg\" class=\"attachment-medium size-medium\" alt=\"\" srcset=\"https:\/\/hsa.merry.plus\/wp-content\/uploads\/2025\/04\/horizontal2-450x233.jpg 450w, https:\/\/hsa.merry.plus\/wp-content\/uploads\/2025\/04\/horizontal2-1200x621.jpg 1200w, https:\/\/hsa.merry.plus\/wp-content\/uploads\/2025\/04\/horizontal2-768x397.jpg 768w, https:\/\/hsa.merry.plus\/wp-content\/uploads\/2025\/04\/horizontal2-1536x795.jpg 1536w, https:\/\/hsa.merry.plus\/wp-content\/uploads\/2025\/04\/horizontal2-2048x1060.jpg 2048w, https:\/\/hsa.merry.plus\/wp-content\/uploads\/2025\/04\/horizontal2-1920x993.jpg 1920w\" sizes=\"auto, (max-width: 450px) 100vw, 450px\" \/>                <\/div>\r\n                <div class=\"content_card_info\">\r\n                    <div class=\"content_card_excerpt\">\r\n                        <h2>Biblioteca<\/h2>\n<p>La importante biblioteca de la Hispanic Society of America ofrece recursos sin paralelo para investigadores interesados en la historia y cultura de Espa\u00f1a, Portugal, y las Am\u00e9ricas. Las colecciones del Departamento de Manuscritos y Libros Raros est\u00e1n entre los m\u00e1s importante fuera de Espa\u00f1a, conteniendo m\u00e1s de 250,000 manuscritos, documentos, y cartas fechadas desde el siglo XI hasta el siglo XX, junto con 30,000 libros impresos antes de 1830, los cuales incluyen unos 250 <em>incunabula<\/em> (libros impresos antes 1500).<\/p>\n                    <\/div>\r\n                                            <div class=\"content_card_ctas\">\r\n                                                            <a href=\"https:\/\/hsa.merry.plus\/collections\/library\/\" class=\"cta_button small accent\">\r\n                                    Leer M\u00e1s                                <\/a>\r\n                                                                                        <a href=\"https:\/\/hispanicsociety.mlasolutions.com\/m5\/catalog\/(S(pfc3fynrnl1zweoquyafmmyx))\/default.aspx?installation=Default\" class=\"cta_button small accent_outline\">\r\n                                    Buscar en el Cat\u00e1logo                                <\/a>\r\n                                                        <\/div>\r\n                        <\/div>\r\n                                    <\/div>\r\n            <\/article>\r\n        <\/div>\r\n\r\n    \r\n<\/div>\r\n\n\n\r\n<div id=\"fifty-fifty-block_1ce1b8c30b9277163e2a02f3436b1707\" class=\"block site_width related-content\">\r\n\r\n            \r\n        <div class=\"fifty_fifty_cards_grid\">\r\n            <article class=\"single_content_card image_right\">\r\n                <div class=\"content_thumbnail\">\r\n                    <img loading=\"lazy\" decoding=\"async\" width=\"450\" height=\"283\" src=\"https:\/\/hsa.merry.plus\/wp-content\/uploads\/2025\/04\/a1838_anonymous-philip-ii-family-450x283.jpg\" class=\"attachment-medium size-medium\" alt=\"\" srcset=\"https:\/\/hsa.merry.plus\/wp-content\/uploads\/2025\/04\/a1838_anonymous-philip-ii-family-450x283.jpg 450w, https:\/\/hsa.merry.plus\/wp-content\/uploads\/2025\/04\/a1838_anonymous-philip-ii-family-768x483.jpg 768w, https:\/\/hsa.merry.plus\/wp-content\/uploads\/2025\/04\/a1838_anonymous-philip-ii-family.jpg 1100w\" sizes=\"auto, (max-width: 450px) 100vw, 450px\" \/>                <\/div>\r\n                <div class=\"content_card_info\">\r\n                    <div class=\"content_card_excerpt\">\r\n                        <h2>Colecciones<\/h2>\n<p>El Departamento de Museo de la Hispanic Society contiene m\u00e1s de 18.000 obras en casi todos los medios, incluyendo pintura, dibujo, escultura, artes decorativas fechadas desde la \u00e9poca Paleol\u00edtica hasta el siglo XX.<\/p>\n                    <\/div>\r\n                                            <div class=\"content_card_ctas\">\r\n                                                            <a href=\"https:\/\/hsa.merry.plus\/collections\/museum\/\" class=\"cta_button small accent\">\r\n                                    Explorar Colecciones                                <\/a>\r\n                                                                                    <\/div>\r\n                        <\/div>\r\n                                    <\/div>\r\n            <\/article>\r\n        <\/div>\r\n\r\n    \r\n<\/div>\r\n\n\n\r\n<div id=\"related-content-block_dc4b7845158f35c5dab1b896b70a2ca5\" class=\"block site_width related-content\">\r\n    <h3 class=\"related-content__heading\">Explorar m\u00e1s<\/h3>    <div class=\"content_cards_grid\">\n                    <article class=\"single_content_card\">\n                <div class=\"content_thumbnail\">\n                                    <\/div>\n                <div class=\"content_card_info\">\n                    <div class=\"content_card_title\">\n                        Press room                    <\/div>\n                    <div class=\"content_card_excerpt\">\n                                            <\/div>\n                <\/div>\n                <a href=\"https:\/\/hsa.merry.plus\/es\/press-room\/\" class=\"cta_button small accent\">\n                    Read\n                <\/a>\n            <\/article>\n                    <article class=\"single_content_card\">\n                <div class=\"content_thumbnail\">\n                    <img loading=\"lazy\" decoding=\"async\" width=\"450\" height=\"223\" src=\"https:\/\/hsa.merry.plus\/wp-content\/uploads\/2025\/04\/about_us-450x223.jpg\" class=\"attachment-medium size-medium wp-post-image\" alt=\"\" srcset=\"https:\/\/hsa.merry.plus\/wp-content\/uploads\/2025\/04\/about_us-450x223.jpg 450w, https:\/\/hsa.merry.plus\/wp-content\/uploads\/2025\/04\/about_us-768x380.jpg 768w, https:\/\/hsa.merry.plus\/wp-content\/uploads\/2025\/04\/about_us.jpg 1135w\" sizes=\"auto, (max-width: 450px) 100vw, 450px\" \/>                <\/div>\n                <div class=\"content_card_info\">\n                    <div class=\"content_card_title\">\n                        Sobre Nosotros                    <\/div>\n                    <div class=\"content_card_excerpt\">\n                                            <\/div>\n                <\/div>\n                <a href=\"https:\/\/hsa.merry.plus\/es\/about\/\" class=\"cta_button small accent\">\n                    Read\n                <\/a>\n            <\/article>\n                    <article class=\"single_content_card\">\n                <div class=\"content_thumbnail\">\n                    <img loading=\"lazy\" decoding=\"async\" width=\"450\" height=\"300\" src=\"https:\/\/hsa.merry.plus\/wp-content\/uploads\/2025\/04\/Dominican_York-450x300.jpg\" class=\"attachment-medium size-medium wp-post-image\" alt=\"\" srcset=\"https:\/\/hsa.merry.plus\/wp-content\/uploads\/2025\/04\/Dominican_York-450x300.jpg 450w, https:\/\/hsa.merry.plus\/wp-content\/uploads\/2025\/04\/Dominican_York-1200x800.jpg 1200w, https:\/\/hsa.merry.plus\/wp-content\/uploads\/2025\/04\/Dominican_York-768x512.jpg 768w, https:\/\/hsa.merry.plus\/wp-content\/uploads\/2025\/04\/Dominican_York-1536x1025.jpg 1536w, https:\/\/hsa.merry.plus\/wp-content\/uploads\/2025\/04\/Dominican_York-2048x1366.jpg 2048w, https:\/\/hsa.merry.plus\/wp-content\/uploads\/2025\/04\/Dominican_York-1920x1281.jpg 1920w\" sizes=\"auto, (max-width: 450px) 100vw, 450px\" \/>                <\/div>\n                <div class=\"content_card_info\">\n                    <div class=\"content_card_title\">\n                        Debates en mesa redonda                    <\/div>\n                    <div class=\"content_card_excerpt\">\n                                            <\/div>\n                <\/div>\n                <a href=\"https:\/\/hsa.merry.plus\/es\/artist-roundtable-discussion\/\" class=\"cta_button small accent\">\n                    Read\n                <\/a>\n            <\/article>\n                    <article class=\"single_content_card\">\n                <div class=\"content_thumbnail\">\n                    <img loading=\"lazy\" decoding=\"async\" width=\"322\" height=\"450\" src=\"https:\/\/hsa.merry.plus\/wp-content\/uploads\/2025\/04\/Sor_Juana_by_Miguel_Cabrera-322x450.png\" class=\"attachment-medium size-medium wp-post-image\" alt=\"\" srcset=\"https:\/\/hsa.merry.plus\/wp-content\/uploads\/2025\/04\/Sor_Juana_by_Miguel_Cabrera-322x450.png 322w, https:\/\/hsa.merry.plus\/wp-content\/uploads\/2025\/04\/Sor_Juana_by_Miguel_Cabrera.png 635w\" sizes=\"auto, (max-width: 322px) 100vw, 322px\" \/>                <\/div>\n                <div class=\"content_card_info\">\n                    <div class=\"content_card_title\">\n                        Sor Juana Ines de la Cruz                    <\/div>\n                    <div class=\"content_card_excerpt\">\n                                            <\/div>\n                <\/div>\n                <a href=\"https:\/\/hsa.merry.plus\/es\/sor-juana-ines-de-la-cruz\/\" class=\"cta_button small accent\">\n                    Read\n                <\/a>\n            <\/article>\n            <\/div>\n    <\/div>\r\n","protected":false},"excerpt":{"rendered":"","protected":false},"author":1,"featured_media":1102,"parent":0,"menu_order":0,"comment_status":"closed","ping_status":"closed","template":"","meta":{"_acf_changed":false,"footnotes":""},"class_list":["post-1371","page","type-page","status-publish","has-post-thumbnail","hentry"],"acf":[],"yoast_head":"<!-- This site is optimized with the Yoast SEO plugin v26.0 - https:\/\/yoast.com\/wordpress\/plugins\/seo\/ -->\n<title>Colecciones - Hispanic Society Museum and Library<\/title>\n<meta name=\"robots\" content=\"noindex, follow, max-snippet:-1, max-image-preview:large, max-video-preview:-1\" \/>\n<meta property=\"og:locale\" content=\"es_ES\" \/>\n<meta property=\"og:type\" content=\"article\" \/>\n<meta property=\"og:title\" content=\"Colecciones - Hispanic Society Museum and Library\" \/>\n<meta property=\"og:url\" content=\"https:\/\/hsa.merry.plus\/collections\/\" \/>\n<meta property=\"og:site_name\" content=\"Hispanic Society Museum and Library\" \/>\n<meta property=\"article:publisher\" content=\"https:\/\/www.facebook.com\/hispanicsociety\" \/>\n<meta property=\"article:modified_time\" content=\"2025-04-27T14:38:44+00:00\" \/>\n<meta property=\"og:image\" content=\"https:\/\/hsa.merry.plus\/wp-content\/uploads\/2025\/04\/9_subiendo-una-colina-ascending-hill_a303-min.jpg\" \/>\n\t<meta property=\"og:image:width\" content=\"1090\" \/>\n\t<meta property=\"og:image:height\" content=\"508\" \/>\n\t<meta property=\"og:image:type\" content=\"image\/jpeg\" \/>\n<meta name=\"twitter:card\" content=\"summary_large_image\" \/>\n<meta name=\"twitter:site\" content=\"@HSAmuseum\" \/>\n<script type=\"application\/ld+json\" class=\"yoast-schema-graph\">{\"@context\":\"https:\/\/schema.org\",\"@graph\":[{\"@type\":\"WebPage\",\"@id\":\"https:\/\/hsa.merry.plus\/collections\/\",\"url\":\"https:\/\/hsa.merry.plus\/collections\/\",\"name\":\"Colecciones - Hispanic Society Museum and Library\",\"isPartOf\":{\"@id\":\"https:\/\/hsa.merry.plus\/#website\"},\"primaryImageOfPage\":{\"@id\":\"https:\/\/hsa.merry.plus\/collections\/#primaryimage\"},\"image\":{\"@id\":\"https:\/\/hsa.merry.plus\/collections\/#primaryimage\"},\"thumbnailUrl\":\"https:\/\/hsa.merry.plus\/wp-content\/uploads\/2025\/04\/9_subiendo-una-colina-ascending-hill_a303-min.jpg\",\"datePublished\":\"2025-03-04T11:52:17+00:00\",\"dateModified\":\"2025-04-27T14:38:44+00:00\",\"breadcrumb\":{\"@id\":\"https:\/\/hsa.merry.plus\/collections\/#breadcrumb\"},\"inLanguage\":\"es\",\"potentialAction\":[{\"@type\":\"ReadAction\",\"target\":[\"https:\/\/hsa.merry.plus\/collections\/\"]}]},{\"@type\":\"ImageObject\",\"inLanguage\":\"es\",\"@id\":\"https:\/\/hsa.merry.plus\/collections\/#primaryimage\",\"url\":\"https:\/\/hsa.merry.plus\/wp-content\/uploads\/2025\/04\/9_subiendo-una-colina-ascending-hill_a303-min.jpg\",\"contentUrl\":\"https:\/\/hsa.merry.plus\/wp-content\/uploads\/2025\/04\/9_subiendo-una-colina-ascending-hill_a303-min.jpg\",\"width\":1090,\"height\":508},{\"@type\":\"BreadcrumbList\",\"@id\":\"https:\/\/hsa.merry.plus\/collections\/#breadcrumb\",\"itemListElement\":[{\"@type\":\"ListItem\",\"position\":1,\"name\":\"Home\",\"item\":\"https:\/\/hsa.merry.plus\/\"},{\"@type\":\"ListItem\",\"position\":2,\"name\":\"Colecciones\"}]},{\"@type\":\"WebSite\",\"@id\":\"https:\/\/hsa.merry.plus\/#website\",\"url\":\"https:\/\/hsa.merry.plus\/\",\"name\":\"Hispanic Society Museum and Library\",\"description\":\"\",\"publisher\":{\"@id\":\"https:\/\/hsa.merry.plus\/#organization\"},\"potentialAction\":[{\"@type\":\"SearchAction\",\"target\":{\"@type\":\"EntryPoint\",\"urlTemplate\":\"https:\/\/hsa.merry.plus\/?s={search_term_string}\"},\"query-input\":{\"@type\":\"PropertyValueSpecification\",\"valueRequired\":true,\"valueName\":\"search_term_string\"}}],\"inLanguage\":\"es\"},{\"@type\":\"Organization\",\"@id\":\"https:\/\/hsa.merry.plus\/#organization\",\"name\":\"Hispanic Society Museum and Library\",\"url\":\"https:\/\/hsa.merry.plus\/\",\"logo\":{\"@type\":\"ImageObject\",\"inLanguage\":\"es\",\"@id\":\"https:\/\/hsa.merry.plus\/#\/schema\/logo\/image\/\",\"url\":\"https:\/\/hsa.merry.plus\/wp-content\/uploads\/2025\/03\/hsa-logo-01.webp\",\"contentUrl\":\"https:\/\/hsa.merry.plus\/wp-content\/uploads\/2025\/03\/hsa-logo-01.webp\",\"width\":273,\"height\":68,\"caption\":\"Hispanic Society Museum and Library\"},\"image\":{\"@id\":\"https:\/\/hsa.merry.plus\/#\/schema\/logo\/image\/\"},\"sameAs\":[\"https:\/\/www.facebook.com\/hispanicsociety\",\"https:\/\/x.com\/HSAmuseum\",\"https:\/\/www.instagram.com\/hispanic_society\/\",\"https:\/\/www.youtube.com\/channel\/UCuEmouWL8wEMm24C-ScZwGg\"]}]}<\/script>\n<!-- \/ Yoast SEO plugin. -->","yoast_head_json":{"title":"Colecciones - Hispanic Society Museum and Library","robots":{"index":"noindex","follow":"follow","max-snippet":"max-snippet:-1","max-image-preview":"max-image-preview:large","max-video-preview":"max-video-preview:-1"},"og_locale":"es_ES","og_type":"article","og_title":"Colecciones - Hispanic Society Museum and Library","og_url":"https:\/\/hsa.merry.plus\/collections\/","og_site_name":"Hispanic Society Museum and Library","article_publisher":"https:\/\/www.facebook.com\/hispanicsociety","article_modified_time":"2025-04-27T14:38:44+00:00","og_image":[{"width":1090,"height":508,"url":"https:\/\/hsa.merry.plus\/wp-content\/uploads\/2025\/04\/9_subiendo-una-colina-ascending-hill_a303-min.jpg","type":"image\/jpeg"}],"twitter_card":"summary_large_image","twitter_site":"@HSAmuseum","schema":{"@context":"https:\/\/schema.org","@graph":[{"@type":"WebPage","@id":"https:\/\/hsa.merry.plus\/collections\/","url":"https:\/\/hsa.merry.plus\/collections\/","name":"Colecciones - Hispanic Society Museum and Library","isPartOf":{"@id":"https:\/\/hsa.merry.plus\/#website"},"primaryImageOfPage":{"@id":"https:\/\/hsa.merry.plus\/collections\/#primaryimage"},"image":{"@id":"https:\/\/hsa.merry.plus\/collections\/#primaryimage"},"thumbnailUrl":"https:\/\/hsa.merry.plus\/wp-content\/uploads\/2025\/04\/9_subiendo-una-colina-ascending-hill_a303-min.jpg","datePublished":"2025-03-04T11:52:17+00:00","dateModified":"2025-04-27T14:38:44+00:00","breadcrumb":{"@id":"https:\/\/hsa.merry.plus\/collections\/#breadcrumb"},"inLanguage":"es","potentialAction":[{"@type":"ReadAction","target":["https:\/\/hsa.merry.plus\/collections\/"]}]},{"@type":"ImageObject","inLanguage":"es","@id":"https:\/\/hsa.merry.plus\/collections\/#primaryimage","url":"https:\/\/hsa.merry.plus\/wp-content\/uploads\/2025\/04\/9_subiendo-una-colina-ascending-hill_a303-min.jpg","contentUrl":"https:\/\/hsa.merry.plus\/wp-content\/uploads\/2025\/04\/9_subiendo-una-colina-ascending-hill_a303-min.jpg","width":1090,"height":508},{"@type":"BreadcrumbList","@id":"https:\/\/hsa.merry.plus\/collections\/#breadcrumb","itemListElement":[{"@type":"ListItem","position":1,"name":"Home","item":"https:\/\/hsa.merry.plus\/"},{"@type":"ListItem","position":2,"name":"Colecciones"}]},{"@type":"WebSite","@id":"https:\/\/hsa.merry.plus\/#website","url":"https:\/\/hsa.merry.plus\/","name":"Hispanic Society Museum and Library","description":"","publisher":{"@id":"https:\/\/hsa.merry.plus\/#organization"},"potentialAction":[{"@type":"SearchAction","target":{"@type":"EntryPoint","urlTemplate":"https:\/\/hsa.merry.plus\/?s={search_term_string}"},"query-input":{"@type":"PropertyValueSpecification","valueRequired":true,"valueName":"search_term_string"}}],"inLanguage":"es"},{"@type":"Organization","@id":"https:\/\/hsa.merry.plus\/#organization","name":"Hispanic Society Museum and Library","url":"https:\/\/hsa.merry.plus\/","logo":{"@type":"ImageObject","inLanguage":"es","@id":"https:\/\/hsa.merry.plus\/#\/schema\/logo\/image\/","url":"https:\/\/hsa.merry.plus\/wp-content\/uploads\/2025\/03\/hsa-logo-01.webp","contentUrl":"https:\/\/hsa.merry.plus\/wp-content\/uploads\/2025\/03\/hsa-logo-01.webp","width":273,"height":68,"caption":"Hispanic Society Museum and Library"},"image":{"@id":"https:\/\/hsa.merry.plus\/#\/schema\/logo\/image\/"},"sameAs":["https:\/\/www.facebook.com\/hispanicsociety","https:\/\/x.com\/HSAmuseum","https:\/\/www.instagram.com\/hispanic_society\/","https:\/\/www.youtube.com\/channel\/UCuEmouWL8wEMm24C-ScZwGg"]}]}},"_links":{"self":[{"href":"https:\/\/hsa.merry.plus\/es\/wp-json\/wp\/v2\/pages\/1371","targetHints":{"allow":["GET"]}}],"collection":[{"href":"https:\/\/hsa.merry.plus\/es\/wp-json\/wp\/v2\/pages"}],"about":[{"href":"https:\/\/hsa.merry.plus\/es\/wp-json\/wp\/v2\/types\/page"}],"author":[{"embeddable":true,"href":"https:\/\/hsa.merry.plus\/es\/wp-json\/wp\/v2\/users\/1"}],"replies":[{"embeddable":true,"href":"https:\/\/hsa.merry.plus\/es\/wp-json\/wp\/v2\/comments?post=1371"}],"version-history":[{"count":2,"href":"https:\/\/hsa.merry.plus\/es\/wp-json\/wp\/v2\/pages\/1371\/revisions"}],"predecessor-version":[{"id":1473,"href":"https:\/\/hsa.merry.plus\/es\/wp-json\/wp\/v2\/pages\/1371\/revisions\/1473"}],"wp:featuredmedia":[{"embeddable":true,"href":"https:\/\/hsa.merry.plus\/es\/wp-json\/wp\/v2\/media\/1102"}],"wp:attachment":[{"href":"https:\/\/hsa.merry.plus\/es\/wp-json\/wp\/v2\/media?parent=1371"}],"curies":[{"name":"wp","href":"https:\/\/api.w.org\/{rel}","templated":true}]}}