{"id":1356,"date":"2025-03-23T09:14:34","date_gmt":"2025-03-23T09:14:34","guid":{"rendered":"https:\/\/hsa.merry.plus\/about\/hsml-global\/"},"modified":"2025-04-27T09:23:09","modified_gmt":"2025-04-27T09:23:09","slug":"hsml-global","status":"publish","type":"page","link":"https:\/\/hsa.merry.plus\/es\/about\/hsml-global\/","title":{"rendered":"HSML Global"},"content":{"rendered":"\r\n<div id=\"full-width-image-block_e9359bd70692c0a21077c842f704e3c1\" class=\"block full-width-image height_half\">\r\n            <div class=\"image_container\">\r\n            <figure class=\"\">\r\n                <img loading=\"lazy\" decoding=\"async\" width=\"1920\" height=\"1012\" src=\"https:\/\/hsa.merry.plus\/wp-content\/uploads\/2025\/04\/a1780_madrazo-scaled-1-1920x1012.jpg\" class=\"\" alt=\"\" srcset=\"https:\/\/hsa.merry.plus\/wp-content\/uploads\/2025\/04\/a1780_madrazo-scaled-1-1920x1012.jpg 1920w, https:\/\/hsa.merry.plus\/wp-content\/uploads\/2025\/04\/a1780_madrazo-scaled-1-450x237.jpg 450w, https:\/\/hsa.merry.plus\/wp-content\/uploads\/2025\/04\/a1780_madrazo-scaled-1-1200x632.jpg 1200w, https:\/\/hsa.merry.plus\/wp-content\/uploads\/2025\/04\/a1780_madrazo-scaled-1-768x405.jpg 768w, https:\/\/hsa.merry.plus\/wp-content\/uploads\/2025\/04\/a1780_madrazo-scaled-1-1536x809.jpg 1536w, https:\/\/hsa.merry.plus\/wp-content\/uploads\/2025\/04\/a1780_madrazo-scaled-1-2048x1079.jpg 2048w\" sizes=\"auto, (max-width: 1920px) 100vw, 1920px\" \/>            <\/figure>\r\n                            <figcaption class=\"\">\r\n                    BOCETO PARA LA ALEGOR\u00cdA DE LAS CORTES DE 1834, 1865 Raimundo de Madrazo                <\/figcaption>\r\n                    <\/div>\r\n    <\/div>\r\n\n\n\r\n<div id=\"text-sections-block_b87167d02eea9dccb32859937ef1bb6c\" class=\"block text-sections\">\r\n            <div class=\"text-section site_width one_cols\">\r\n                            <h2 class=\"section_title\">\r\n                    Consejo Asesor Internacional                <\/h2>\r\n            \r\n                            <div class=\"text_content\">\r\n                    <p>Yohir Akerman and Laura Santos<br \/>\nRicardo Alday<br \/>\nNatica and Victor von Althann<br \/>\nDani\u00e8le von Ballmoos<br \/>\nFrederick W. Beinecke<br \/>\nManuel Bellod Alvarez de Lorenzana<br \/>\nCesar Cadena<br \/>\nFernando Casacuberta &amp; Rosario Marsans<br \/>\nKaren B. Cohen<br \/>\nJorge Coll<br \/>\nJo\u0101o Cortez de Lob\u0101o<br \/>\n<em>The Consul General of Spain<br \/>\n<\/em>Bernadette Cruz and Patrick Moxey<br \/>\nJerrilynn Dodds<br \/>\nBame Fierro March<br \/>\nJuan Carlos Gonzalez<br \/>\nChantal Gut Revoredo<br \/>\nRosalia Gutierrez-Huete Miller<br \/>\nElbrun E. Kimmelman<br \/>\nSharon Lorenzo<br \/>\nDavid Low<br \/>\nVicente Moreno Garc\u00eda Masilla<br \/>\nSimon Navarro<br \/>\nFernando d\u2019Ornellas<br \/>\nChristopher Rothko<br \/>\nJonathan Ruffer<br \/>\nJuan Santa Cruz<br \/>\nPaul Saurel<br \/>\nH.E. Carlos Stuart y Mart\u00ednez de Irujo, <em>Duke of Alba<br \/>\n<\/em>Isabel Torres-Ullauri<br \/>\nManuel Uranga<br \/>\nFrank Yu<br \/>\nFernando Zobel de Ayala<\/p>\n                <\/div>\r\n                    <\/div>\r\n    <\/div>\r\n\r\n\n\n\r\n<div id=\"related-content-block_749a6ef6efbb9ab67851ef372cd617e3\" class=\"block site_width related-content\">\r\n    <h3 class=\"related-content__heading\">Explorar M\u00e1s<\/h3>    <div class=\"content_cards_grid\">\n                    <article class=\"single_content_card\">\n                <div class=\"content_thumbnail\">\n                    <img loading=\"lazy\" decoding=\"async\" width=\"450\" height=\"339\" src=\"https:\/\/hsa.merry.plus\/wp-content\/uploads\/2025\/04\/history_cover-scaled-1-450x339.jpg\" class=\"attachment-medium size-medium wp-post-image\" alt=\"\" srcset=\"https:\/\/hsa.merry.plus\/wp-content\/uploads\/2025\/04\/history_cover-scaled-1-450x339.jpg 450w, https:\/\/hsa.merry.plus\/wp-content\/uploads\/2025\/04\/history_cover-scaled-1-1200x904.jpg 1200w, https:\/\/hsa.merry.plus\/wp-content\/uploads\/2025\/04\/history_cover-scaled-1-768x579.jpg 768w, https:\/\/hsa.merry.plus\/wp-content\/uploads\/2025\/04\/history_cover-scaled-1-1536x1157.jpg 1536w, https:\/\/hsa.merry.plus\/wp-content\/uploads\/2025\/04\/history_cover-scaled-1-2048x1543.jpg 2048w, https:\/\/hsa.merry.plus\/wp-content\/uploads\/2025\/04\/history_cover-scaled-1-1920x1447.jpg 1920w\" sizes=\"auto, (max-width: 450px) 100vw, 450px\" \/>                <\/div>\n                <div class=\"content_card_info\">\n                    <div class=\"content_card_title\">\n                        Historia                    <\/div>\n                    <div class=\"content_card_excerpt\">\n                                            <\/div>\n                <\/div>\n                <a href=\"https:\/\/hsa.merry.plus\/es\/about\/history-of-hsml\/\" class=\"cta_button small accent\">\n                    Read\n                <\/a>\n            <\/article>\n                    <article class=\"single_content_card\">\n                <div class=\"content_thumbnail\">\n                    <img loading=\"lazy\" decoding=\"async\" width=\"450\" height=\"192\" src=\"https:\/\/hsa.merry.plus\/wp-content\/uploads\/2025\/04\/hsa_about_us_boardoverseers-450x192.jpg\" class=\"attachment-medium size-medium wp-post-image\" alt=\"\" srcset=\"https:\/\/hsa.merry.plus\/wp-content\/uploads\/2025\/04\/hsa_about_us_boardoverseers-450x192.jpg 450w, https:\/\/hsa.merry.plus\/wp-content\/uploads\/2025\/04\/hsa_about_us_boardoverseers-1200x513.jpg 1200w, https:\/\/hsa.merry.plus\/wp-content\/uploads\/2025\/04\/hsa_about_us_boardoverseers-768x328.jpg 768w, https:\/\/hsa.merry.plus\/wp-content\/uploads\/2025\/04\/hsa_about_us_boardoverseers.jpg 1440w\" sizes=\"auto, (max-width: 450px) 100vw, 450px\" \/>                <\/div>\n                <div class=\"content_card_info\">\n                    <div class=\"content_card_title\">\n                        Equipo                    <\/div>\n                    <div class=\"content_card_excerpt\">\n                                            <\/div>\n                <\/div>\n                <a href=\"https:\/\/hsa.merry.plus\/es\/about\/people\/\" class=\"cta_button small accent\">\n                    Read\n                <\/a>\n            <\/article>\n                    <article class=\"single_content_card\">\n                <div class=\"content_thumbnail\">\n                    <img loading=\"lazy\" decoding=\"async\" width=\"450\" height=\"301\" src=\"https:\/\/hsa.merry.plus\/wp-content\/uploads\/2025\/04\/a300-450x301.jpg\" class=\"attachment-medium size-medium wp-post-image\" alt=\"\" srcset=\"https:\/\/hsa.merry.plus\/wp-content\/uploads\/2025\/04\/a300-450x301.jpg 450w, https:\/\/hsa.merry.plus\/wp-content\/uploads\/2025\/04\/a300-1200x803.jpg 1200w, https:\/\/hsa.merry.plus\/wp-content\/uploads\/2025\/04\/a300-768x514.jpg 768w, https:\/\/hsa.merry.plus\/wp-content\/uploads\/2025\/04\/a300-1536x1028.jpg 1536w, https:\/\/hsa.merry.plus\/wp-content\/uploads\/2025\/04\/a300-1920x1284.jpg 1920w, https:\/\/hsa.merry.plus\/wp-content\/uploads\/2025\/04\/a300.jpg 2000w\" sizes=\"auto, (max-width: 450px) 100vw, 450px\" \/>                <\/div>\n                <div class=\"content_card_info\">\n                    <div class=\"content_card_title\">\n                        Pol\u00edtica de Gesti\u00f3n de Colecciones e Im\u00e1genes                    <\/div>\n                    <div class=\"content_card_excerpt\">\n                                            <\/div>\n                <\/div>\n                <a href=\"https:\/\/hsa.merry.plus\/es\/about\/image-and-collections-policies\/\" class=\"cta_button small accent\">\n                    Read\n                <\/a>\n            <\/article>\n                    <article class=\"single_content_card\">\n                <div class=\"content_thumbnail\">\n                    <img loading=\"lazy\" decoding=\"async\" width=\"450\" height=\"295\" src=\"https:\/\/hsa.merry.plus\/wp-content\/uploads\/2025\/04\/hsa_espana-moderna-5-scaled-1-450x295.jpg\" class=\"attachment-medium size-medium wp-post-image\" alt=\"\" srcset=\"https:\/\/hsa.merry.plus\/wp-content\/uploads\/2025\/04\/hsa_espana-moderna-5-scaled-1-450x295.jpg 450w, https:\/\/hsa.merry.plus\/wp-content\/uploads\/2025\/04\/hsa_espana-moderna-5-scaled-1-1200x786.jpg 1200w, https:\/\/hsa.merry.plus\/wp-content\/uploads\/2025\/04\/hsa_espana-moderna-5-scaled-1-768x503.jpg 768w, https:\/\/hsa.merry.plus\/wp-content\/uploads\/2025\/04\/hsa_espana-moderna-5-scaled-1-1536x1006.jpg 1536w, https:\/\/hsa.merry.plus\/wp-content\/uploads\/2025\/04\/hsa_espana-moderna-5-scaled-1-2048x1341.jpg 2048w, https:\/\/hsa.merry.plus\/wp-content\/uploads\/2025\/04\/hsa_espana-moderna-5-scaled-1-1920x1257.jpg 1920w\" sizes=\"auto, (max-width: 450px) 100vw, 450px\" \/>                <\/div>\n                <div class=\"content_card_info\">\n                    <div class=\"content_card_title\">\n                        Misi\u00f3n                    <\/div>\n                    <div class=\"content_card_excerpt\">\n                                            <\/div>\n                <\/div>\n                <a href=\"https:\/\/hsa.merry.plus\/es\/about\/mission-statement\/\" class=\"cta_button small accent\">\n                    Read\n                <\/a>\n            <\/article>\n            <\/div>\n    <\/div>\r\n","protected":false},"excerpt":{"rendered":"","protected":false},"author":1,"featured_media":927,"parent":1336,"menu_order":0,"comment_status":"closed","ping_status":"closed","template":"","meta":{"_acf_changed":false,"footnotes":""},"class_list":["post-1356","page","type-page","status-publish","has-post-thumbnail","hentry"],"acf":[],"yoast_head":"<!-- This site is optimized with the Yoast SEO plugin v26.0 - https:\/\/yoast.com\/wordpress\/plugins\/seo\/ -->\n<title>HSML Global - Hispanic Society Museum and Library<\/title>\n<meta name=\"robots\" content=\"noindex, follow, max-snippet:-1, max-image-preview:large, max-video-preview:-1\" \/>\n<meta property=\"og:locale\" content=\"es_ES\" \/>\n<meta property=\"og:type\" content=\"article\" \/>\n<meta property=\"og:title\" content=\"HSML Global - Hispanic Society Museum and Library\" \/>\n<meta property=\"og:url\" content=\"https:\/\/hsa.merry.plus\/about\/hsml-global\/\" \/>\n<meta property=\"og:site_name\" content=\"Hispanic Society Museum and Library\" \/>\n<meta property=\"article:publisher\" content=\"https:\/\/www.facebook.com\/hispanicsociety\" \/>\n<meta property=\"article:modified_time\" content=\"2025-04-27T09:23:09+00:00\" \/>\n<meta property=\"og:image\" content=\"https:\/\/hsa.merry.plus\/wp-content\/uploads\/2025\/04\/a1780_madrazo-scaled-1.jpg\" \/>\n\t<meta property=\"og:image:width\" content=\"2560\" \/>\n\t<meta property=\"og:image:height\" content=\"1349\" \/>\n\t<meta property=\"og:image:type\" content=\"image\/jpeg\" \/>\n<meta name=\"twitter:card\" content=\"summary_large_image\" \/>\n<meta name=\"twitter:site\" content=\"@HSAmuseum\" \/>\n<script type=\"application\/ld+json\" class=\"yoast-schema-graph\">{\"@context\":\"https:\/\/schema.org\",\"@graph\":[{\"@type\":\"WebPage\",\"@id\":\"https:\/\/hsa.merry.plus\/about\/hsml-global\/\",\"url\":\"https:\/\/hsa.merry.plus\/about\/hsml-global\/\",\"name\":\"HSML Global - Hispanic Society Museum and Library\",\"isPartOf\":{\"@id\":\"https:\/\/hsa.merry.plus\/#website\"},\"primaryImageOfPage\":{\"@id\":\"https:\/\/hsa.merry.plus\/about\/hsml-global\/#primaryimage\"},\"image\":{\"@id\":\"https:\/\/hsa.merry.plus\/about\/hsml-global\/#primaryimage\"},\"thumbnailUrl\":\"https:\/\/hsa.merry.plus\/wp-content\/uploads\/2025\/04\/a1780_madrazo-scaled-1.jpg\",\"datePublished\":\"2025-03-23T09:14:34+00:00\",\"dateModified\":\"2025-04-27T09:23:09+00:00\",\"breadcrumb\":{\"@id\":\"https:\/\/hsa.merry.plus\/about\/hsml-global\/#breadcrumb\"},\"inLanguage\":\"es\",\"potentialAction\":[{\"@type\":\"ReadAction\",\"target\":[\"https:\/\/hsa.merry.plus\/about\/hsml-global\/\"]}]},{\"@type\":\"ImageObject\",\"inLanguage\":\"es\",\"@id\":\"https:\/\/hsa.merry.plus\/about\/hsml-global\/#primaryimage\",\"url\":\"https:\/\/hsa.merry.plus\/wp-content\/uploads\/2025\/04\/a1780_madrazo-scaled-1.jpg\",\"contentUrl\":\"https:\/\/hsa.merry.plus\/wp-content\/uploads\/2025\/04\/a1780_madrazo-scaled-1.jpg\",\"width\":2560,\"height\":1349},{\"@type\":\"BreadcrumbList\",\"@id\":\"https:\/\/hsa.merry.plus\/about\/hsml-global\/#breadcrumb\",\"itemListElement\":[{\"@type\":\"ListItem\",\"position\":1,\"name\":\"Home\",\"item\":\"https:\/\/hsa.merry.plus\/\"},{\"@type\":\"ListItem\",\"position\":2,\"name\":\"Sobre Nosotros\",\"item\":\"https:\/\/hsa.merry.plus\/about\/\"},{\"@type\":\"ListItem\",\"position\":3,\"name\":\"HSML Global\"}]},{\"@type\":\"WebSite\",\"@id\":\"https:\/\/hsa.merry.plus\/#website\",\"url\":\"https:\/\/hsa.merry.plus\/\",\"name\":\"Hispanic Society Museum and Library\",\"description\":\"\",\"publisher\":{\"@id\":\"https:\/\/hsa.merry.plus\/#organization\"},\"potentialAction\":[{\"@type\":\"SearchAction\",\"target\":{\"@type\":\"EntryPoint\",\"urlTemplate\":\"https:\/\/hsa.merry.plus\/?s={search_term_string}\"},\"query-input\":{\"@type\":\"PropertyValueSpecification\",\"valueRequired\":true,\"valueName\":\"search_term_string\"}}],\"inLanguage\":\"es\"},{\"@type\":\"Organization\",\"@id\":\"https:\/\/hsa.merry.plus\/#organization\",\"name\":\"Hispanic Society Museum and Library\",\"url\":\"https:\/\/hsa.merry.plus\/\",\"logo\":{\"@type\":\"ImageObject\",\"inLanguage\":\"es\",\"@id\":\"https:\/\/hsa.merry.plus\/#\/schema\/logo\/image\/\",\"url\":\"https:\/\/hsa.merry.plus\/wp-content\/uploads\/2025\/03\/hsa-logo-01.webp\",\"contentUrl\":\"https:\/\/hsa.merry.plus\/wp-content\/uploads\/2025\/03\/hsa-logo-01.webp\",\"width\":273,\"height\":68,\"caption\":\"Hispanic Society Museum and Library\"},\"image\":{\"@id\":\"https:\/\/hsa.merry.plus\/#\/schema\/logo\/image\/\"},\"sameAs\":[\"https:\/\/www.facebook.com\/hispanicsociety\",\"https:\/\/x.com\/HSAmuseum\",\"https:\/\/www.instagram.com\/hispanic_society\/\",\"https:\/\/www.youtube.com\/channel\/UCuEmouWL8wEMm24C-ScZwGg\"]}]}<\/script>\n<!-- \/ Yoast SEO plugin. -->","yoast_head_json":{"title":"HSML Global - Hispanic Society Museum and Library","robots":{"index":"noindex","follow":"follow","max-snippet":"max-snippet:-1","max-image-preview":"max-image-preview:large","max-video-preview":"max-video-preview:-1"},"og_locale":"es_ES","og_type":"article","og_title":"HSML Global - Hispanic Society Museum and Library","og_url":"https:\/\/hsa.merry.plus\/about\/hsml-global\/","og_site_name":"Hispanic Society Museum and Library","article_publisher":"https:\/\/www.facebook.com\/hispanicsociety","article_modified_time":"2025-04-27T09:23:09+00:00","og_image":[{"width":2560,"height":1349,"url":"https:\/\/hsa.merry.plus\/wp-content\/uploads\/2025\/04\/a1780_madrazo-scaled-1.jpg","type":"image\/jpeg"}],"twitter_card":"summary_large_image","twitter_site":"@HSAmuseum","schema":{"@context":"https:\/\/schema.org","@graph":[{"@type":"WebPage","@id":"https:\/\/hsa.merry.plus\/about\/hsml-global\/","url":"https:\/\/hsa.merry.plus\/about\/hsml-global\/","name":"HSML Global - Hispanic Society Museum and Library","isPartOf":{"@id":"https:\/\/hsa.merry.plus\/#website"},"primaryImageOfPage":{"@id":"https:\/\/hsa.merry.plus\/about\/hsml-global\/#primaryimage"},"image":{"@id":"https:\/\/hsa.merry.plus\/about\/hsml-global\/#primaryimage"},"thumbnailUrl":"https:\/\/hsa.merry.plus\/wp-content\/uploads\/2025\/04\/a1780_madrazo-scaled-1.jpg","datePublished":"2025-03-23T09:14:34+00:00","dateModified":"2025-04-27T09:23:09+00:00","breadcrumb":{"@id":"https:\/\/hsa.merry.plus\/about\/hsml-global\/#breadcrumb"},"inLanguage":"es","potentialAction":[{"@type":"ReadAction","target":["https:\/\/hsa.merry.plus\/about\/hsml-global\/"]}]},{"@type":"ImageObject","inLanguage":"es","@id":"https:\/\/hsa.merry.plus\/about\/hsml-global\/#primaryimage","url":"https:\/\/hsa.merry.plus\/wp-content\/uploads\/2025\/04\/a1780_madrazo-scaled-1.jpg","contentUrl":"https:\/\/hsa.merry.plus\/wp-content\/uploads\/2025\/04\/a1780_madrazo-scaled-1.jpg","width":2560,"height":1349},{"@type":"BreadcrumbList","@id":"https:\/\/hsa.merry.plus\/about\/hsml-global\/#breadcrumb","itemListElement":[{"@type":"ListItem","position":1,"name":"Home","item":"https:\/\/hsa.merry.plus\/"},{"@type":"ListItem","position":2,"name":"Sobre Nosotros","item":"https:\/\/hsa.merry.plus\/about\/"},{"@type":"ListItem","position":3,"name":"HSML Global"}]},{"@type":"WebSite","@id":"https:\/\/hsa.merry.plus\/#website","url":"https:\/\/hsa.merry.plus\/","name":"Hispanic Society Museum and Library","description":"","publisher":{"@id":"https:\/\/hsa.merry.plus\/#organization"},"potentialAction":[{"@type":"SearchAction","target":{"@type":"EntryPoint","urlTemplate":"https:\/\/hsa.merry.plus\/?s={search_term_string}"},"query-input":{"@type":"PropertyValueSpecification","valueRequired":true,"valueName":"search_term_string"}}],"inLanguage":"es"},{"@type":"Organization","@id":"https:\/\/hsa.merry.plus\/#organization","name":"Hispanic Society Museum and Library","url":"https:\/\/hsa.merry.plus\/","logo":{"@type":"ImageObject","inLanguage":"es","@id":"https:\/\/hsa.merry.plus\/#\/schema\/logo\/image\/","url":"https:\/\/hsa.merry.plus\/wp-content\/uploads\/2025\/03\/hsa-logo-01.webp","contentUrl":"https:\/\/hsa.merry.plus\/wp-content\/uploads\/2025\/03\/hsa-logo-01.webp","width":273,"height":68,"caption":"Hispanic Society Museum and Library"},"image":{"@id":"https:\/\/hsa.merry.plus\/#\/schema\/logo\/image\/"},"sameAs":["https:\/\/www.facebook.com\/hispanicsociety","https:\/\/x.com\/HSAmuseum","https:\/\/www.instagram.com\/hispanic_society\/","https:\/\/www.youtube.com\/channel\/UCuEmouWL8wEMm24C-ScZwGg"]}]}},"_links":{"self":[{"href":"https:\/\/hsa.merry.plus\/es\/wp-json\/wp\/v2\/pages\/1356","targetHints":{"allow":["GET"]}}],"collection":[{"href":"https:\/\/hsa.merry.plus\/es\/wp-json\/wp\/v2\/pages"}],"about":[{"href":"https:\/\/hsa.merry.plus\/es\/wp-json\/wp\/v2\/types\/page"}],"author":[{"embeddable":true,"href":"https:\/\/hsa.merry.plus\/es\/wp-json\/wp\/v2\/users\/1"}],"replies":[{"embeddable":true,"href":"https:\/\/hsa.merry.plus\/es\/wp-json\/wp\/v2\/comments?post=1356"}],"version-history":[{"count":1,"href":"https:\/\/hsa.merry.plus\/es\/wp-json\/wp\/v2\/pages\/1356\/revisions"}],"predecessor-version":[{"id":1357,"href":"https:\/\/hsa.merry.plus\/es\/wp-json\/wp\/v2\/pages\/1356\/revisions\/1357"}],"up":[{"embeddable":true,"href":"https:\/\/hsa.merry.plus\/es\/wp-json\/wp\/v2\/pages\/1336"}],"wp:featuredmedia":[{"embeddable":true,"href":"https:\/\/hsa.merry.plus\/es\/wp-json\/wp\/v2\/media\/927"}],"wp:attachment":[{"href":"https:\/\/hsa.merry.plus\/es\/wp-json\/wp\/v2\/media?parent=1356"}],"curies":[{"name":"wp","href":"https:\/\/api.w.org\/{rel}","templated":true}]}}