{"id":1322,"date":"2025-03-23T09:12:49","date_gmt":"2025-03-23T09:12:49","guid":{"rendered":"https:\/\/hsa.merry.plus\/other-ways-to-give\/"},"modified":"2025-04-27T13:47:44","modified_gmt":"2025-04-27T13:47:44","slug":"other-ways-to-give","status":"publish","type":"page","link":"https:\/\/hsa.merry.plus\/es\/support-us\/other-ways-to-give\/","title":{"rendered":"Otras formas de apoyar a la HSA"},"content":{"rendered":"\r\n<div id=\"full-width-image-block_00a34e51a02373f35b46bf9e5ac31f7e\" class=\"block full-width-image height_half\">\r\n            <div class=\"image_container\">\r\n            <figure class=\"\">\r\n                <img loading=\"lazy\" decoding=\"async\" width=\"1100\" height=\"780\" src=\"https:\/\/hsa.merry.plus\/wp-content\/uploads\/2025\/04\/a295_anglada-girls-of-burriana.jpg\" class=\"\" alt=\"\" srcset=\"https:\/\/hsa.merry.plus\/wp-content\/uploads\/2025\/04\/a295_anglada-girls-of-burriana.jpg 1100w, https:\/\/hsa.merry.plus\/wp-content\/uploads\/2025\/04\/a295_anglada-girls-of-burriana-450x319.jpg 450w, https:\/\/hsa.merry.plus\/wp-content\/uploads\/2025\/04\/a295_anglada-girls-of-burriana-768x545.jpg 768w\" sizes=\"auto, (max-width: 1100px) 100vw, 1100px\" \/>            <\/figure>\r\n                            <figcaption class=\"\">\r\n                    MUCHACHAS DE BURRIANA (FALLERAS), 1910-1911 Hermenegildo Anglada-Camarasa                <\/figcaption>\r\n                    <\/div>\r\n    <\/div>\r\n\n\n\r\n<div id=\"text-sections-block_e595b51d3a340d58a9c21bfe05acd786\" class=\"block text-sections\">\r\n            <div class=\"text-section site_width one_cols\">\r\n                            <h2 class=\"section_title\">\r\n                    Donaciones programadas                <\/h2>\r\n            \r\n                            <div class=\"text_content\">\r\n                    <p>Convierta a la Hispanic Society of America en parte de su legado ayudando al museo a trav\u00e9s de una donaci\u00f3n programada. Existen opciones flexibles de programar su donaci\u00f3n que podr\u00edan beneficiarle a usted, a sus seres queridos y a la Hispanic Society. Puede continuar el legado de nuestro fundador, Archer M. Huntington (1870-1955), y asegurar el futuro de la Hispanic Society creando un fideicomiso en vida o incluyendo al museo en su testamento. Ofrecemos un reconocimiento especial a los donantes que contribuyen a la organizaci\u00f3n de este modo.<\/p>\n<p>Legados testamentarios<\/p>\n<p>Un legado testamentario, una de las formas m\u00e1s sencillas de contribuir al futuro de la Hispanic Society, establece una donaci\u00f3n al museo en su testamento.<\/p>\n<p>Plan de jubilaci\u00f3n<\/p>\n<p>Puede designar a la Hispanic Society of America como beneficiaria de su plan de jubilaci\u00f3n.<\/p>\n<p>Para m\u00e1s informaci\u00f3n sobre las donaciones programadas a la Hispanic Society, llame o escriba a:<\/p>\n<p>Alex Campos, Development Officer<br \/>\nHispanic Society of America<br \/>\nMuseum &amp; Library<br \/>\n613 West 155th Street<br \/>\nNew York, NY 10032 (EE\u00a0UU)<br \/>\n212-926-2234, extensi\u00f3n 247<br \/>\n<a href=\"mailto:development@wordpress-1222768-4350958.cloudwaysapps.com\">development@wordpress-1222768-4350958.cloudwaysapps.com<\/a><\/p>\n<p>La Hispanic Society of America es una entidad sin \u00e1nimo de lucro constituida conforme a las leyes del Estado de Nueva York. The Hispanic Society of America est\u00e1 exenta del pago del impuesto federal sobre la renta en su condici\u00f3n de organizaci\u00f3n descrita en la secci\u00f3n 501(c)(3) del C\u00f3digo de Impuestos Interiores (Internal Revenue Code). Si lo solicita, la organizaci\u00f3n puede facilitarle una copia de las cuentas anuales de la Hispanic Society of America.<\/p>\n                <\/div>\r\n                    <\/div>\r\n    <\/div>\r\n\r\n\n\n\r\n<div id=\"related-content-block_b6748b88970ab051adf0067783360af4\" class=\"block site_width related-content\">\r\n    <h3 class=\"related-content__heading\">Explorar M\u00e1s<\/h3>    <div class=\"content_cards_grid\">\n                    <article class=\"single_content_card\">\n                <div class=\"content_thumbnail\">\n                    <img loading=\"lazy\" decoding=\"async\" width=\"450\" height=\"270\" src=\"https:\/\/hsa.merry.plus\/wp-content\/uploads\/2025\/04\/a1805_sorolla_vision_valencia-450x270.jpg\" class=\"attachment-medium size-medium wp-post-image\" alt=\"\" srcset=\"https:\/\/hsa.merry.plus\/wp-content\/uploads\/2025\/04\/a1805_sorolla_vision_valencia-450x270.jpg 450w, https:\/\/hsa.merry.plus\/wp-content\/uploads\/2025\/04\/a1805_sorolla_vision_valencia.jpg 600w\" sizes=\"auto, (max-width: 450px) 100vw, 450px\" \/>                <\/div>\n                <div class=\"content_card_info\">\n                    <div class=\"content_card_title\">\n                        Nuestros Patrocinadores                    <\/div>\n                    <div class=\"content_card_excerpt\">\n                                            <\/div>\n                <\/div>\n                <a href=\"https:\/\/hsa.merry.plus\/es\/support-us\/our-supporters\/\" class=\"cta_button small accent\">\n                    Read\n                <\/a>\n            <\/article>\n                    <article class=\"single_content_card\">\n                <div class=\"content_thumbnail\">\n                    <img loading=\"lazy\" decoding=\"async\" width=\"450\" height=\"300\" src=\"https:\/\/hsa.merry.plus\/wp-content\/uploads\/2025\/04\/annualfund_dsc0805-2-1-450x300.jpg\" class=\"attachment-medium size-medium wp-post-image\" alt=\"\" srcset=\"https:\/\/hsa.merry.plus\/wp-content\/uploads\/2025\/04\/annualfund_dsc0805-2-1-450x300.jpg 450w, https:\/\/hsa.merry.plus\/wp-content\/uploads\/2025\/04\/annualfund_dsc0805-2-1-1200x800.jpg 1200w, https:\/\/hsa.merry.plus\/wp-content\/uploads\/2025\/04\/annualfund_dsc0805-2-1-768x512.jpg 768w, https:\/\/hsa.merry.plus\/wp-content\/uploads\/2025\/04\/annualfund_dsc0805-2-1-1536x1024.jpg 1536w, https:\/\/hsa.merry.plus\/wp-content\/uploads\/2025\/04\/annualfund_dsc0805-2-1-2048x1365.jpg 2048w, https:\/\/hsa.merry.plus\/wp-content\/uploads\/2025\/04\/annualfund_dsc0805-2-1-1920x1280.jpg 1920w\" sizes=\"auto, (max-width: 450px) 100vw, 450px\" \/>                <\/div>\n                <div class=\"content_card_info\">\n                    <div class=\"content_card_title\">\n                        Hacer un Regalo                    <\/div>\n                    <div class=\"content_card_excerpt\">\n                                            <\/div>\n                <\/div>\n                <a href=\"https:\/\/hsa.merry.plus\/es\/support-us\/make-a-gift\/\" class=\"cta_button small accent\">\n                    Read\n                <\/a>\n            <\/article>\n                    <article class=\"single_content_card\">\n                <div class=\"content_thumbnail\">\n                    <img loading=\"lazy\" decoding=\"async\" width=\"450\" height=\"300\" src=\"https:\/\/hsa.merry.plus\/wp-content\/uploads\/2025\/05\/GalaHSA280-450x300.jpg\" class=\"attachment-medium size-medium wp-post-image\" alt=\"\" srcset=\"https:\/\/hsa.merry.plus\/wp-content\/uploads\/2025\/05\/GalaHSA280-450x300.jpg 450w, https:\/\/hsa.merry.plus\/wp-content\/uploads\/2025\/05\/GalaHSA280-1200x800.jpg 1200w, https:\/\/hsa.merry.plus\/wp-content\/uploads\/2025\/05\/GalaHSA280-768x512.jpg 768w, https:\/\/hsa.merry.plus\/wp-content\/uploads\/2025\/05\/GalaHSA280-1536x1025.jpg 1536w, https:\/\/hsa.merry.plus\/wp-content\/uploads\/2025\/05\/GalaHSA280-2048x1366.jpg 2048w, https:\/\/hsa.merry.plus\/wp-content\/uploads\/2025\/05\/GalaHSA280-1920x1281.jpg 1920w\" sizes=\"auto, (max-width: 450px) 100vw, 450px\" \/>                <\/div>\n                <div class=\"content_card_info\">\n                    <div class=\"content_card_title\">\n                        Gala                    <\/div>\n                    <div class=\"content_card_excerpt\">\n                                            <\/div>\n                <\/div>\n                <a href=\"https:\/\/hsa.merry.plus\/es\/support-us\/gala\/\" class=\"cta_button small accent\">\n                    Read\n                <\/a>\n            <\/article>\n                    <article class=\"single_content_card\">\n                <div class=\"content_thumbnail\">\n                    <img loading=\"lazy\" decoding=\"async\" width=\"450\" height=\"300\" src=\"https:\/\/hsa.merry.plus\/wp-content\/uploads\/2025\/04\/corporateandprivate_sala-bancaja-450x300.jpg\" class=\"attachment-medium size-medium wp-post-image\" alt=\"\" srcset=\"https:\/\/hsa.merry.plus\/wp-content\/uploads\/2025\/04\/corporateandprivate_sala-bancaja-450x300.jpg 450w, https:\/\/hsa.merry.plus\/wp-content\/uploads\/2025\/04\/corporateandprivate_sala-bancaja-1200x800.jpg 1200w, https:\/\/hsa.merry.plus\/wp-content\/uploads\/2025\/04\/corporateandprivate_sala-bancaja-768x512.jpg 768w, https:\/\/hsa.merry.plus\/wp-content\/uploads\/2025\/04\/corporateandprivate_sala-bancaja-1536x1024.jpg 1536w, https:\/\/hsa.merry.plus\/wp-content\/uploads\/2025\/04\/corporateandprivate_sala-bancaja-2048x1365.jpg 2048w, https:\/\/hsa.merry.plus\/wp-content\/uploads\/2025\/04\/corporateandprivate_sala-bancaja-1920x1280.jpg 1920w\" sizes=\"auto, (max-width: 450px) 100vw, 450px\" \/>                <\/div>\n                <div class=\"content_card_info\">\n                    <div class=\"content_card_title\">\n                        Entretenimiento en la HSML                    <\/div>\n                    <div class=\"content_card_excerpt\">\n                                            <\/div>\n                <\/div>\n                <a href=\"https:\/\/hsa.merry.plus\/es\/support-us\/entertaining-at-hsml\/\" class=\"cta_button small accent\">\n                    Read\n                <\/a>\n            <\/article>\n            <\/div>\n    <\/div>\r\n","protected":false},"excerpt":{"rendered":"","protected":false},"author":1,"featured_media":1032,"parent":1416,"menu_order":0,"comment_status":"closed","ping_status":"closed","template":"","meta":{"_acf_changed":false,"footnotes":""},"class_list":["post-1322","page","type-page","status-publish","has-post-thumbnail","hentry"],"acf":[],"yoast_head":"<!-- This site is optimized with the Yoast SEO plugin v26.0 - https:\/\/yoast.com\/wordpress\/plugins\/seo\/ -->\n<title>Otras formas de apoyar a la HSA - Hispanic Society Museum and Library<\/title>\n<meta name=\"robots\" content=\"noindex, follow, max-snippet:-1, max-image-preview:large, max-video-preview:-1\" \/>\n<meta property=\"og:locale\" content=\"es_ES\" \/>\n<meta property=\"og:type\" content=\"article\" \/>\n<meta property=\"og:title\" content=\"Otras formas de apoyar a la HSA - Hispanic Society Museum and Library\" \/>\n<meta property=\"og:url\" content=\"https:\/\/hsa.merry.plus\/support-us\/other-ways-to-give\/\" \/>\n<meta property=\"og:site_name\" content=\"Hispanic Society Museum and Library\" \/>\n<meta property=\"article:publisher\" content=\"https:\/\/www.facebook.com\/hispanicsociety\" \/>\n<meta property=\"article:modified_time\" content=\"2025-04-27T13:47:44+00:00\" \/>\n<meta property=\"og:image\" content=\"https:\/\/hsa.merry.plus\/wp-content\/uploads\/2025\/04\/a295_anglada-girls-of-burriana.jpg\" \/>\n\t<meta property=\"og:image:width\" content=\"1100\" \/>\n\t<meta property=\"og:image:height\" content=\"780\" \/>\n\t<meta property=\"og:image:type\" content=\"image\/jpeg\" \/>\n<meta name=\"twitter:card\" content=\"summary_large_image\" \/>\n<meta name=\"twitter:site\" content=\"@HSAmuseum\" \/>\n<script type=\"application\/ld+json\" class=\"yoast-schema-graph\">{\"@context\":\"https:\/\/schema.org\",\"@graph\":[{\"@type\":\"WebPage\",\"@id\":\"https:\/\/hsa.merry.plus\/support-us\/other-ways-to-give\/\",\"url\":\"https:\/\/hsa.merry.plus\/support-us\/other-ways-to-give\/\",\"name\":\"Otras formas de apoyar a la HSA - Hispanic Society Museum and Library\",\"isPartOf\":{\"@id\":\"https:\/\/hsa.merry.plus\/#website\"},\"primaryImageOfPage\":{\"@id\":\"https:\/\/hsa.merry.plus\/support-us\/other-ways-to-give\/#primaryimage\"},\"image\":{\"@id\":\"https:\/\/hsa.merry.plus\/support-us\/other-ways-to-give\/#primaryimage\"},\"thumbnailUrl\":\"https:\/\/hsa.merry.plus\/wp-content\/uploads\/2025\/04\/a295_anglada-girls-of-burriana.jpg\",\"datePublished\":\"2025-03-23T09:12:49+00:00\",\"dateModified\":\"2025-04-27T13:47:44+00:00\",\"breadcrumb\":{\"@id\":\"https:\/\/hsa.merry.plus\/support-us\/other-ways-to-give\/#breadcrumb\"},\"inLanguage\":\"es\",\"potentialAction\":[{\"@type\":\"ReadAction\",\"target\":[\"https:\/\/hsa.merry.plus\/support-us\/other-ways-to-give\/\"]}]},{\"@type\":\"ImageObject\",\"inLanguage\":\"es\",\"@id\":\"https:\/\/hsa.merry.plus\/support-us\/other-ways-to-give\/#primaryimage\",\"url\":\"https:\/\/hsa.merry.plus\/wp-content\/uploads\/2025\/04\/a295_anglada-girls-of-burriana.jpg\",\"contentUrl\":\"https:\/\/hsa.merry.plus\/wp-content\/uploads\/2025\/04\/a295_anglada-girls-of-burriana.jpg\",\"width\":1100,\"height\":780},{\"@type\":\"BreadcrumbList\",\"@id\":\"https:\/\/hsa.merry.plus\/support-us\/other-ways-to-give\/#breadcrumb\",\"itemListElement\":[{\"@type\":\"ListItem\",\"position\":1,\"name\":\"Home\",\"item\":\"https:\/\/hsa.merry.plus\/\"},{\"@type\":\"ListItem\",\"position\":2,\"name\":\"Ap\u00f3yanos\",\"item\":\"https:\/\/hsa.merry.plus\/support-us\/\"},{\"@type\":\"ListItem\",\"position\":3,\"name\":\"Otras formas de apoyar a la HSA\"}]},{\"@type\":\"WebSite\",\"@id\":\"https:\/\/hsa.merry.plus\/#website\",\"url\":\"https:\/\/hsa.merry.plus\/\",\"name\":\"Hispanic Society Museum and Library\",\"description\":\"\",\"publisher\":{\"@id\":\"https:\/\/hsa.merry.plus\/#organization\"},\"potentialAction\":[{\"@type\":\"SearchAction\",\"target\":{\"@type\":\"EntryPoint\",\"urlTemplate\":\"https:\/\/hsa.merry.plus\/?s={search_term_string}\"},\"query-input\":{\"@type\":\"PropertyValueSpecification\",\"valueRequired\":true,\"valueName\":\"search_term_string\"}}],\"inLanguage\":\"es\"},{\"@type\":\"Organization\",\"@id\":\"https:\/\/hsa.merry.plus\/#organization\",\"name\":\"Hispanic Society Museum and Library\",\"url\":\"https:\/\/hsa.merry.plus\/\",\"logo\":{\"@type\":\"ImageObject\",\"inLanguage\":\"es\",\"@id\":\"https:\/\/hsa.merry.plus\/#\/schema\/logo\/image\/\",\"url\":\"https:\/\/hsa.merry.plus\/wp-content\/uploads\/2025\/03\/hsa-logo-01.webp\",\"contentUrl\":\"https:\/\/hsa.merry.plus\/wp-content\/uploads\/2025\/03\/hsa-logo-01.webp\",\"width\":273,\"height\":68,\"caption\":\"Hispanic Society Museum and Library\"},\"image\":{\"@id\":\"https:\/\/hsa.merry.plus\/#\/schema\/logo\/image\/\"},\"sameAs\":[\"https:\/\/www.facebook.com\/hispanicsociety\",\"https:\/\/x.com\/HSAmuseum\",\"https:\/\/www.instagram.com\/hispanic_society\/\",\"https:\/\/www.youtube.com\/channel\/UCuEmouWL8wEMm24C-ScZwGg\"]}]}<\/script>\n<!-- \/ Yoast SEO plugin. -->","yoast_head_json":{"title":"Otras formas de apoyar a la HSA - Hispanic Society Museum and Library","robots":{"index":"noindex","follow":"follow","max-snippet":"max-snippet:-1","max-image-preview":"max-image-preview:large","max-video-preview":"max-video-preview:-1"},"og_locale":"es_ES","og_type":"article","og_title":"Otras formas de apoyar a la HSA - Hispanic Society Museum and Library","og_url":"https:\/\/hsa.merry.plus\/support-us\/other-ways-to-give\/","og_site_name":"Hispanic Society Museum and Library","article_publisher":"https:\/\/www.facebook.com\/hispanicsociety","article_modified_time":"2025-04-27T13:47:44+00:00","og_image":[{"width":1100,"height":780,"url":"https:\/\/hsa.merry.plus\/wp-content\/uploads\/2025\/04\/a295_anglada-girls-of-burriana.jpg","type":"image\/jpeg"}],"twitter_card":"summary_large_image","twitter_site":"@HSAmuseum","schema":{"@context":"https:\/\/schema.org","@graph":[{"@type":"WebPage","@id":"https:\/\/hsa.merry.plus\/support-us\/other-ways-to-give\/","url":"https:\/\/hsa.merry.plus\/support-us\/other-ways-to-give\/","name":"Otras formas de apoyar a la HSA - Hispanic Society Museum and Library","isPartOf":{"@id":"https:\/\/hsa.merry.plus\/#website"},"primaryImageOfPage":{"@id":"https:\/\/hsa.merry.plus\/support-us\/other-ways-to-give\/#primaryimage"},"image":{"@id":"https:\/\/hsa.merry.plus\/support-us\/other-ways-to-give\/#primaryimage"},"thumbnailUrl":"https:\/\/hsa.merry.plus\/wp-content\/uploads\/2025\/04\/a295_anglada-girls-of-burriana.jpg","datePublished":"2025-03-23T09:12:49+00:00","dateModified":"2025-04-27T13:47:44+00:00","breadcrumb":{"@id":"https:\/\/hsa.merry.plus\/support-us\/other-ways-to-give\/#breadcrumb"},"inLanguage":"es","potentialAction":[{"@type":"ReadAction","target":["https:\/\/hsa.merry.plus\/support-us\/other-ways-to-give\/"]}]},{"@type":"ImageObject","inLanguage":"es","@id":"https:\/\/hsa.merry.plus\/support-us\/other-ways-to-give\/#primaryimage","url":"https:\/\/hsa.merry.plus\/wp-content\/uploads\/2025\/04\/a295_anglada-girls-of-burriana.jpg","contentUrl":"https:\/\/hsa.merry.plus\/wp-content\/uploads\/2025\/04\/a295_anglada-girls-of-burriana.jpg","width":1100,"height":780},{"@type":"BreadcrumbList","@id":"https:\/\/hsa.merry.plus\/support-us\/other-ways-to-give\/#breadcrumb","itemListElement":[{"@type":"ListItem","position":1,"name":"Home","item":"https:\/\/hsa.merry.plus\/"},{"@type":"ListItem","position":2,"name":"Ap\u00f3yanos","item":"https:\/\/hsa.merry.plus\/support-us\/"},{"@type":"ListItem","position":3,"name":"Otras formas de apoyar a la HSA"}]},{"@type":"WebSite","@id":"https:\/\/hsa.merry.plus\/#website","url":"https:\/\/hsa.merry.plus\/","name":"Hispanic Society Museum and Library","description":"","publisher":{"@id":"https:\/\/hsa.merry.plus\/#organization"},"potentialAction":[{"@type":"SearchAction","target":{"@type":"EntryPoint","urlTemplate":"https:\/\/hsa.merry.plus\/?s={search_term_string}"},"query-input":{"@type":"PropertyValueSpecification","valueRequired":true,"valueName":"search_term_string"}}],"inLanguage":"es"},{"@type":"Organization","@id":"https:\/\/hsa.merry.plus\/#organization","name":"Hispanic Society Museum and Library","url":"https:\/\/hsa.merry.plus\/","logo":{"@type":"ImageObject","inLanguage":"es","@id":"https:\/\/hsa.merry.plus\/#\/schema\/logo\/image\/","url":"https:\/\/hsa.merry.plus\/wp-content\/uploads\/2025\/03\/hsa-logo-01.webp","contentUrl":"https:\/\/hsa.merry.plus\/wp-content\/uploads\/2025\/03\/hsa-logo-01.webp","width":273,"height":68,"caption":"Hispanic Society Museum and Library"},"image":{"@id":"https:\/\/hsa.merry.plus\/#\/schema\/logo\/image\/"},"sameAs":["https:\/\/www.facebook.com\/hispanicsociety","https:\/\/x.com\/HSAmuseum","https:\/\/www.instagram.com\/hispanic_society\/","https:\/\/www.youtube.com\/channel\/UCuEmouWL8wEMm24C-ScZwGg"]}]}},"_links":{"self":[{"href":"https:\/\/hsa.merry.plus\/es\/wp-json\/wp\/v2\/pages\/1322","targetHints":{"allow":["GET"]}}],"collection":[{"href":"https:\/\/hsa.merry.plus\/es\/wp-json\/wp\/v2\/pages"}],"about":[{"href":"https:\/\/hsa.merry.plus\/es\/wp-json\/wp\/v2\/types\/page"}],"author":[{"embeddable":true,"href":"https:\/\/hsa.merry.plus\/es\/wp-json\/wp\/v2\/users\/1"}],"replies":[{"embeddable":true,"href":"https:\/\/hsa.merry.plus\/es\/wp-json\/wp\/v2\/comments?post=1322"}],"version-history":[{"count":3,"href":"https:\/\/hsa.merry.plus\/es\/wp-json\/wp\/v2\/pages\/1322\/revisions"}],"predecessor-version":[{"id":1431,"href":"https:\/\/hsa.merry.plus\/es\/wp-json\/wp\/v2\/pages\/1322\/revisions\/1431"}],"up":[{"embeddable":true,"href":"https:\/\/hsa.merry.plus\/es\/wp-json\/wp\/v2\/pages\/1416"}],"wp:featuredmedia":[{"embeddable":true,"href":"https:\/\/hsa.merry.plus\/es\/wp-json\/wp\/v2\/media\/1032"}],"wp:attachment":[{"href":"https:\/\/hsa.merry.plus\/es\/wp-json\/wp\/v2\/media?parent=1322"}],"curies":[{"name":"wp","href":"https:\/\/api.w.org\/{rel}","templated":true}]}}